{"id":622,"date":"2023-09-20T06:59:21","date_gmt":"2023-09-20T06:59:21","guid":{"rendered":"https:\/\/dongbo2008.com\/?post_type=product&#038;p=622"},"modified":"2024-09-18T02:24:39","modified_gmt":"2024-09-18T02:24:39","slug":"db780s","status":"publish","type":"product","link":"https:\/\/dongbo2008.com\/tr\/urun\/db780ler\/","title":{"rendered":"DB780S \u2013 Toptan \u00dcreticiler i\u00e7in En \u0130yi D\u00f6viz Say\u0131c\u0131 Serisi"},"content":{"rendered":"<p>\u00c7ok Tarafl\u0131 Para Birimi Notu (7 para birimine kadar)<br \/>\nGeni\u015f grafik LCD ekran (128*64 piksel).<br \/>\nTarih ve saat ekran\u0131.<br \/>\nUSB portu veya RS-232 seri portu ile g\u00fcncellenmesi kolayd\u0131r.<br \/>\nKolay kullan\u0131m ve kullan\u0131c\u0131 dostu aray\u00fcz.<br \/>\nKendi kendine te\u015fhis sistemi ile kolay bak\u0131m.<br \/>\nDe\u011fer Sayma: Kar\u0131\u015f\u0131k ve s\u0131ralanm\u0131\u015f banknotlar\u0131 G\u00f6r\u00fcnt\u00fc \u0130\u015fleme Teknolojisi ile sayar.<br \/>\nDe\u011fer Sayma H\u0131z\u0131: 600\u30011000\u30011200not\/dak<br \/>\nSayma H\u0131z\u0131: 600\u30011000\u30011200\u30011500 nota\/dak<br \/>\nUV\u3001MG(iste\u011fe ba\u011fl\u0131)\u3001MT(iste\u011fe ba\u011fl\u0131)\u3001IR(iste\u011fe ba\u011fl\u0131)\u3001MT-CODE(iste\u011fe ba\u011fl\u0131) ile sahtecilik tespiti<br \/>\n\u00c7ift, zincir ve yar\u0131m nota tespiti<br \/>\nOtomatik ve Manuel Ba\u015flatma<br \/>\n\u0130ste\u011fe ba\u011fl\u0131 aksesuarlar: Yaz\u0131c\u0131, Uzak ekran<\/p>","protected":false},"excerpt":{"rendered":"<p>De\u011fer sayma makinesi CIS<\/p>\n<p>Besleme Sistemi: Makaral\u0131 S\u00fcrt\u00fcnme Sistemi<br \/>\nHazne Kapasitesi: 350-400 adet<br \/>\n\u0130stifleyici Kapasitesi: 200 adet<br \/>\nSay\u0131labilir Notun Boyutu: 50\u00d790~110\u00d7175(mm)<br \/>\nSay\u0131labilir Notun Kal\u0131nl\u0131\u011f\u0131: 0,05~0,15(mm)<br \/>\nSayma h\u0131z\u0131: 600\/ 1000\/ 1200\/ 1500 adet\/dakika<br \/>\nEkran: Grafik LCD ekran (128*64)<br \/>\nUzak Ekran: Uzak LED Ekranda 6 hane (\u0130ste\u011fe ba\u011fl\u0131)<br \/>\nG\u00fc\u00e7 Kayna\u011f\u0131: AC100~240V, 50\/60Hz<br \/>\nSigorta Boyutu: 3A<br \/>\nG\u00fc\u00e7 T\u00fcketimi: &lt;60 Watt<br \/>\nBoyut: 285mm\u00d7285mm\u00d7250mm<br \/>\nNet A\u011f\u0131rl\u0131k: 8.0kg<br \/>\nOrtam S\u0131cakl\u0131\u011f\u0131: 0~40\u00b0C<br \/>\nBa\u011f\u0131l Nem: 30~80%<\/p>","protected":false},"featured_media":623,"template":"","meta":[],"product_brand":[],"product_cat":[18],"product_tag":[],"class_list":{"0":"post-622","1":"product","2":"type-product","3":"status-publish","4":"has-post-thumbnail","6":"product_cat-currency-counter-series","8":"first","9":"instock","10":"shipping-taxable","11":"product-type-simple"},"_links":{"self":[{"href":"https:\/\/dongbo2008.com\/tr\/wp-json\/wp\/v2\/product\/622","targetHints":{"allow":["GET"]}}],"collection":[{"href":"https:\/\/dongbo2008.com\/tr\/wp-json\/wp\/v2\/product"}],"about":[{"href":"https:\/\/dongbo2008.com\/tr\/wp-json\/wp\/v2\/types\/product"}],"wp:featuredmedia":[{"embeddable":true,"href":"https:\/\/dongbo2008.com\/tr\/wp-json\/wp\/v2\/media\/623"}],"wp:attachment":[{"href":"https:\/\/dongbo2008.com\/tr\/wp-json\/wp\/v2\/media?parent=622"}],"wp:term":[{"taxonomy":"product_brand","embeddable":true,"href":"https:\/\/dongbo2008.com\/tr\/wp-json\/wp\/v2\/product_brand?post=622"},{"taxonomy":"product_cat","embeddable":true,"href":"https:\/\/dongbo2008.com\/tr\/wp-json\/wp\/v2\/product_cat?post=622"},{"taxonomy":"product_tag","embeddable":true,"href":"https:\/\/dongbo2008.com\/tr\/wp-json\/wp\/v2\/product_tag?post=622"}],"curies":[{"name":"wp","href":"https:\/\/api.w.org\/{rel}","templated":true}]}}