{"id":611,"date":"2023-10-06T06:53:32","date_gmt":"2023-10-06T06:53:32","guid":{"rendered":"https:\/\/dongbo2008.com\/?post_type=product&#038;p=611"},"modified":"2024-09-18T02:49:19","modified_gmt":"2024-09-18T02:49:19","slug":"db326","status":"publish","type":"product","link":"https:\/\/dongbo2008.com\/tr\/urun\/db326\/","title":{"rendered":"DB326 \u2013 Bayi A\u011flar\u0131 i\u00e7in En \u0130yi Sahtecilik Dedekt\u00f6rleri"},"content":{"rendered":"<p>Euro banknotlar\u0131 i\u00e7in yepyeni Dijital Filigran Alg\u0131lama teknolojisi.<br \/>\nPara birimi \u00e7e\u015fitlili\u011fi: EURO ve USD veya EURO ve GBP veya EURO ve CHF veya EURO ve ROMANYA, vb.<br \/>\nTespit y\u00f6ntemi: \u00e7oklu sahtecilik tespiti: MG,MT,IR,UV(UV bir se\u00e7enektir)<br \/>\nBanknotun \u00e7\u0131k\u0131\u015f yolu: \u00d6n veya arka<br \/>\nBanknot koyma \u015fekli: Herhangi bir y\u00f6n (Makine USD banknotlar\u0131n\u0131 tespit etti\u011finde, her t\u00fcrl\u00fc banknot i\u00e7in yaln\u0131zca tek y\u00f6n mevcuttur.)<br \/>\nAlg\u0131lama h\u0131z\u0131: &lt;0,5S saniye\/par\u00e7a<br \/>\nG\u00f6r\u00fcnt\u00fcle: Genel toplam de\u011ferle birlikte kabul edilen notlar\u0131n say\u0131s\u0131<br \/>\nG\u00fc\u00e7 kayna\u011f\u0131 se\u00e7ene\u011fi: Herhangi bir plus versiyonun adapt\u00f6r\u00fc veya dahili pil (10,8V, 800mah) veya Araca monteli kablo<br \/>\nProgram PC&#039;ye ba\u011flanarak y\u00fckseltilebilir.<\/p>\n<p><img fetchpriority=\"high\" decoding=\"async\" class=\"alignnone size-full wp-image-617\" src=\"https:\/\/dongbo2008.com\/wp-content\/uploads\/2023\/10\/DB326.jpg\" alt=\"\" width=\"960\" height=\"1362\" srcset=\"https:\/\/dongbo2008.com\/wp-content\/uploads\/2023\/10\/DB326.jpg 960w, https:\/\/dongbo2008.com\/wp-content\/uploads\/2023\/10\/DB326-211x300.jpg 211w, https:\/\/dongbo2008.com\/wp-content\/uploads\/2023\/10\/DB326-722x1024.jpg 722w, https:\/\/dongbo2008.com\/wp-content\/uploads\/2023\/10\/DB326-768x1090.jpg 768w, https:\/\/dongbo2008.com\/wp-content\/uploads\/2023\/10\/DB326-600x851.jpg 600w\" sizes=\"(max-width: 960px) 100vw, 960px\" \/><\/p>","protected":false},"excerpt":{"rendered":"<p>Boyut: 200mmx115mmx76mm<br \/>\nNet a\u011f\u0131rl\u0131k: 0,75 kg<br \/>\nAna Karton Boyutu (CBM): 0,0838<br \/>\nMaster Karton br\u00fct A\u011f\u0131rl\u0131k: 14 KG<br \/>\n\u0130\u00e7 Karton A\u011f\u0131rl\u0131\u011f\u0131: 1,08 KG<br \/>\n\u0130\u00e7 Karton boyutu: 290X170X125mm<br \/>\nAna Karton \u00d6zellikleri: 59.6X35.6X39.5mm<br \/>\n\u0130\u00e7 Koli Adedi: 12 adet<br \/>\nG\u00fcvenlik onay\u0131: CE<br \/>\nKalite garanti s\u00fcresi: Sevkiyat tarihinden itibaren 1 y\u0131l<br \/>\n\u00d6deme s\u00fcresi: TT<br \/>\n20 FCL&#039;deki \u00fcnite ve koli say\u0131s\u0131: 4300 adet<br \/>\nFob Liman\u0131: Zhongshan<\/p>","protected":false},"featured_media":614,"template":"","meta":[],"product_brand":[],"product_cat":[20],"product_tag":[],"class_list":{"0":"post-611","1":"product","2":"type-product","3":"status-publish","4":"has-post-thumbnail","6":"product_cat-counterfeit-detector-series","8":"first","9":"instock","10":"shipping-taxable","11":"product-type-simple"},"_links":{"self":[{"href":"https:\/\/dongbo2008.com\/tr\/wp-json\/wp\/v2\/product\/611","targetHints":{"allow":["GET"]}}],"collection":[{"href":"https:\/\/dongbo2008.com\/tr\/wp-json\/wp\/v2\/product"}],"about":[{"href":"https:\/\/dongbo2008.com\/tr\/wp-json\/wp\/v2\/types\/product"}],"wp:featuredmedia":[{"embeddable":true,"href":"https:\/\/dongbo2008.com\/tr\/wp-json\/wp\/v2\/media\/614"}],"wp:attachment":[{"href":"https:\/\/dongbo2008.com\/tr\/wp-json\/wp\/v2\/media?parent=611"}],"wp:term":[{"taxonomy":"product_brand","embeddable":true,"href":"https:\/\/dongbo2008.com\/tr\/wp-json\/wp\/v2\/product_brand?post=611"},{"taxonomy":"product_cat","embeddable":true,"href":"https:\/\/dongbo2008.com\/tr\/wp-json\/wp\/v2\/product_cat?post=611"},{"taxonomy":"product_tag","embeddable":true,"href":"https:\/\/dongbo2008.com\/tr\/wp-json\/wp\/v2\/product_tag?post=611"}],"curies":[{"name":"wp","href":"https:\/\/api.w.org\/{rel}","templated":true}]}}