{"id":586,"date":"2023-10-03T02:56:22","date_gmt":"2023-10-03T02:56:22","guid":{"rendered":"https:\/\/dongbo2008.com\/?post_type=product&#038;p=586"},"modified":"2024-09-18T02:48:11","modified_gmt":"2024-09-18T02:48:11","slug":"586","status":"publish","type":"product","link":"https:\/\/dongbo2008.com\/tr\/urun\/586\/","title":{"rendered":"DB450SL \u2013 End\u00fcstri Liderleri Taraf\u0131ndan Finans Sekt\u00f6r\u00fc \u0130\u00e7in En \u0130yi Madeni Para Sayma Makineleri"},"content":{"rendered":"<p><img fetchpriority=\"high\" decoding=\"async\" class=\"alignnone size-full wp-image-587\" src=\"https:\/\/dongbo2008.com\/wp-content\/uploads\/2023\/10\/DB450-NEW-LCD-scaled.jpg\" alt=\"\" width=\"1810\" height=\"2560\" srcset=\"https:\/\/dongbo2008.com\/wp-content\/uploads\/2023\/10\/DB450-NEW-LCD-scaled.jpg 1810w, https:\/\/dongbo2008.com\/wp-content\/uploads\/2023\/10\/DB450-NEW-LCD-212x300.jpg 212w, https:\/\/dongbo2008.com\/wp-content\/uploads\/2023\/10\/DB450-NEW-LCD-724x1024.jpg 724w, https:\/\/dongbo2008.com\/wp-content\/uploads\/2023\/10\/DB450-NEW-LCD-768x1086.jpg 768w, https:\/\/dongbo2008.com\/wp-content\/uploads\/2023\/10\/DB450-NEW-LCD-1086x1536.jpg 1086w, https:\/\/dongbo2008.com\/wp-content\/uploads\/2023\/10\/DB450-NEW-LCD-1448x2048.jpg 1448w, https:\/\/dongbo2008.com\/wp-content\/uploads\/2023\/10\/DB450-NEW-LCD-600x849.jpg 600w\" sizes=\"(max-width: 1810px) 100vw, 1810px\" \/><\/p>","protected":false},"excerpt":{"rendered":"<p>Y\u00dcKSEK HIZ, KAL\u0130TEL\u0130, DO\u011eRULUK VE \u0130Y\u0130 FONKS\u0130YONLARA SAH\u0130P DB450SL PARA SAYACI VE SIRALAYICI.<\/p>\n<p>Ortam s\u0131cakl\u0131\u011f\u0131:0\u00b0C -40\u00b0C<br \/>\nSayma H\u0131z\u0131: 400~600 birim\/dk&#039;ya kadar<br \/>\nOrtam Nemi:30\u00b0C ~80\u00b0C<br \/>\nHazne kapasitesi: 1000~1300 adet<br \/>\nHer al\u0131c\u0131 yuvas\u0131 kapasitesi: 180~230 adet<br \/>\nRenkli LCD Ekran<br \/>\n8 set toplu \u00f6n ayar numaras\u0131 ekran\u0131: 3 haneli LCD\/ayar<br \/>\nSayma numaras\u0131 ekran\u0131: 7 Haneli LCD<br \/>\nG\u00fc\u00e7 Kayna\u011f\u0131: AC220V50HZ veya AC 110V\/60HZ<br \/>\nG\u00fc\u00e7 T\u00fcketimi: 50W(maks.)<br \/>\nBoyutlar: 330mmx330mmx255mm<br \/>\nNet a\u011f\u0131rl\u0131k: 4.6KGS<\/p>\n<p>Ambalaj: 2 adet\/ctn<br \/>\nBr\u00fct a\u011f\u0131rl\u0131k: 12,5 kg\/ctn<br \/>\nK\u00fcbik: 0,11cbm\/ctn<\/p>","protected":false},"featured_media":588,"template":"","meta":[],"product_brand":[],"product_cat":[21],"product_tag":[],"class_list":{"0":"post-586","1":"product","2":"type-product","3":"status-publish","4":"has-post-thumbnail","6":"product_cat-coin-counter-series","8":"first","9":"instock","10":"shipping-taxable","11":"product-type-simple"},"_links":{"self":[{"href":"https:\/\/dongbo2008.com\/tr\/wp-json\/wp\/v2\/product\/586","targetHints":{"allow":["GET"]}}],"collection":[{"href":"https:\/\/dongbo2008.com\/tr\/wp-json\/wp\/v2\/product"}],"about":[{"href":"https:\/\/dongbo2008.com\/tr\/wp-json\/wp\/v2\/types\/product"}],"wp:featuredmedia":[{"embeddable":true,"href":"https:\/\/dongbo2008.com\/tr\/wp-json\/wp\/v2\/media\/588"}],"wp:attachment":[{"href":"https:\/\/dongbo2008.com\/tr\/wp-json\/wp\/v2\/media?parent=586"}],"wp:term":[{"taxonomy":"product_brand","embeddable":true,"href":"https:\/\/dongbo2008.com\/tr\/wp-json\/wp\/v2\/product_brand?post=586"},{"taxonomy":"product_cat","embeddable":true,"href":"https:\/\/dongbo2008.com\/tr\/wp-json\/wp\/v2\/product_cat?post=586"},{"taxonomy":"product_tag","embeddable":true,"href":"https:\/\/dongbo2008.com\/tr\/wp-json\/wp\/v2\/product_tag?post=586"}],"curies":[{"name":"wp","href":"https:\/\/api.w.org\/{rel}","templated":true}]}}