{"id":579,"date":"2023-10-03T02:50:33","date_gmt":"2023-10-03T02:50:33","guid":{"rendered":"https:\/\/dongbo2008.com\/?post_type=product&#038;p=579"},"modified":"2024-09-18T02:46:35","modified_gmt":"2024-09-18T02:46:35","slug":"db360s","status":"publish","type":"product","link":"https:\/\/dongbo2008.com\/tr\/urun\/db360lar\/","title":{"rendered":"DB360S \u2013 Bankalar i\u00e7in \u00dcretici Onayl\u0131 Madeni Para Sayma Makinelerine Yat\u0131r\u0131m Yap\u0131n"},"content":{"rendered":"","protected":false},"excerpt":{"rendered":"<p>DB360 DO\u011eRULUK PARA AYIRICI VE SAYA\u00c7,BASKI FONKS\u0130YONLU<\/p>\n<p>Ortam s\u0131cakl\u0131\u011f\u0131:0\u00b0C -40\u00b0C<br \/>\nSayma H\u0131z\u0131: 216 adet\/dak<br \/>\nOrtam Nemi:30\u00b0C ~80\u00b0C<br \/>\nHazne kapasitesi: 216~300 adet<br \/>\nHer al\u0131c\u0131 yuvas\u0131 kapasitesi: 80~250 adet<br \/>\nToplu \u00f6n ayar numaras\u0131 ekran\u0131: 3 Haneli LED<br \/>\nSayma ekran\u0131: LCD ekran<br \/>\nG\u00fc\u00e7 Kayna\u011f\u0131: AC220V50HZ veya AC 110V\/60HZ<br \/>\nG\u00fc\u00e7 T\u00fcketimi: 15W<br \/>\nBoyutlar: 355mmx330mmx266mm<br \/>\nNet a\u011f\u0131rl\u0131k: 4.5kg<br \/>\nSe\u00e7enek: Yaz\u0131c\u0131\u2014dijital klavyeli makine yaz\u0131c\u0131ya ba\u011flanabilir.<br \/>\ntermal yaz\u0131c\u0131, bask\u0131 sonucu, mezhep miktar\u0131n\u0131, madeni paralar\u0131n de\u011ferini g\u00f6r\u00fcnt\u00fcler.<\/p>","protected":false},"featured_media":580,"template":"","meta":[],"product_brand":[],"product_cat":[21],"product_tag":[],"class_list":{"0":"post-579","1":"product","2":"type-product","3":"status-publish","4":"has-post-thumbnail","6":"product_cat-coin-counter-series","8":"first","9":"instock","10":"shipping-taxable","11":"product-type-simple"},"_links":{"self":[{"href":"https:\/\/dongbo2008.com\/tr\/wp-json\/wp\/v2\/product\/579","targetHints":{"allow":["GET"]}}],"collection":[{"href":"https:\/\/dongbo2008.com\/tr\/wp-json\/wp\/v2\/product"}],"about":[{"href":"https:\/\/dongbo2008.com\/tr\/wp-json\/wp\/v2\/types\/product"}],"wp:featuredmedia":[{"embeddable":true,"href":"https:\/\/dongbo2008.com\/tr\/wp-json\/wp\/v2\/media\/580"}],"wp:attachment":[{"href":"https:\/\/dongbo2008.com\/tr\/wp-json\/wp\/v2\/media?parent=579"}],"wp:term":[{"taxonomy":"product_brand","embeddable":true,"href":"https:\/\/dongbo2008.com\/tr\/wp-json\/wp\/v2\/product_brand?post=579"},{"taxonomy":"product_cat","embeddable":true,"href":"https:\/\/dongbo2008.com\/tr\/wp-json\/wp\/v2\/product_cat?post=579"},{"taxonomy":"product_tag","embeddable":true,"href":"https:\/\/dongbo2008.com\/tr\/wp-json\/wp\/v2\/product_tag?post=579"}],"curies":[{"name":"wp","href":"https:\/\/api.w.org\/{rel}","templated":true}]}}