{"id":574,"date":"2023-09-28T03:07:29","date_gmt":"2023-09-28T03:07:29","guid":{"rendered":"https:\/\/dongbo2008.com\/?post_type=product&#038;p=574"},"modified":"2024-09-18T02:25:55","modified_gmt":"2024-09-18T02:25:55","slug":"db100","status":"publish","type":"product","link":"https:\/\/dongbo2008.com\/tr\/urun\/db100\/","title":{"rendered":"DB100 \u2013 2024 Fabrika ve Toptan Piyasalar i\u00e7in D\u00f6viz Say\u0131c\u0131lar\u0131"},"content":{"rendered":"<p><strong><b>\u0130lginizi se\u00e7in:<\/b><\/strong><\/p>\n<table>\n<tbody>\n<tr>\n<td>Modeli<\/td>\n<td>\u0130ste\u011fe Ba\u011fl\u0131 \u0130\u015flevler<\/td>\n<\/tr>\n<tr>\n<td>DB100<\/td>\n<td>Temel Model, Temel \u0130\u015flev<\/td>\n<\/tr>\n<tr>\n<td>DB100UV<\/td>\n<td>UV Alg\u0131lama<\/td>\n<\/tr>\n<tr>\n<td>DB100 MG<\/td>\n<td>MG Tespiti<\/td>\n<\/tr>\n<tr>\n<td>DB100 UV MG<\/td>\n<td>UV MG Tespiti<\/td>\n<\/tr>\n<tr>\n<td>DB100 UV MG<\/td>\n<td>UV MG IR Alg\u0131lama<\/td>\n<\/tr>\n<\/tbody>\n<\/table>\n<p>&nbsp;<\/p>","protected":false},"excerpt":{"rendered":"<p><strong><b>Ana \u00d6zellikler :<\/b><\/strong><\/p>\n<p>\u25cf UV\/MG\/IR i\u015fleviyle ka\u011f\u0131t paray\u0131 say\u0131n ve sahtesini tespit edin<br \/>\n\u25cf Otomatik ba\u015flatma, temizleme, s\u0131f\u0131rlama, a\u00e7ma ve kapatma.<br \/>\n\u25cf \u00c7ift nota alg\u0131lama<br \/>\n\u25cf Yar\u0131m nota alg\u0131lama<br \/>\n\u25cf Zincir notalar\u0131n\u0131n tespiti<br \/>\n\u25cf Ayarlanabilir hazne plakalar\u0131<\/p>","protected":false},"featured_media":575,"template":"","meta":[],"product_brand":[],"product_cat":[18],"product_tag":[],"class_list":{"0":"post-574","1":"product","2":"type-product","3":"status-publish","4":"has-post-thumbnail","6":"product_cat-currency-counter-series","8":"first","9":"instock","10":"shipping-taxable","11":"product-type-simple"},"_links":{"self":[{"href":"https:\/\/dongbo2008.com\/tr\/wp-json\/wp\/v2\/product\/574","targetHints":{"allow":["GET"]}}],"collection":[{"href":"https:\/\/dongbo2008.com\/tr\/wp-json\/wp\/v2\/product"}],"about":[{"href":"https:\/\/dongbo2008.com\/tr\/wp-json\/wp\/v2\/types\/product"}],"wp:featuredmedia":[{"embeddable":true,"href":"https:\/\/dongbo2008.com\/tr\/wp-json\/wp\/v2\/media\/575"}],"wp:attachment":[{"href":"https:\/\/dongbo2008.com\/tr\/wp-json\/wp\/v2\/media?parent=574"}],"wp:term":[{"taxonomy":"product_brand","embeddable":true,"href":"https:\/\/dongbo2008.com\/tr\/wp-json\/wp\/v2\/product_brand?post=574"},{"taxonomy":"product_cat","embeddable":true,"href":"https:\/\/dongbo2008.com\/tr\/wp-json\/wp\/v2\/product_cat?post=574"},{"taxonomy":"product_tag","embeddable":true,"href":"https:\/\/dongbo2008.com\/tr\/wp-json\/wp\/v2\/product_tag?post=574"}],"curies":[{"name":"wp","href":"https:\/\/api.w.org\/{rel}","templated":true}]}}