{"id":550,"date":"2023-09-30T01:59:58","date_gmt":"2023-09-30T01:59:58","guid":{"rendered":"https:\/\/dongbo2008.com\/?post_type=product&#038;p=550"},"modified":"2024-09-18T02:45:39","modified_gmt":"2024-09-18T02:45:39","slug":"db450","status":"publish","type":"product","link":"https:\/\/dongbo2008.com\/tr\/urun\/db450\/","title":{"rendered":"DB450 \u2013 Uzman \u00dcreticilerden Bankalar ve Acenteler i\u00e7in En \u0130yi Madeni Para Sayma Makineleri"},"content":{"rendered":"<p><img fetchpriority=\"high\" decoding=\"async\" class=\"alignnone size-full wp-image-551\" src=\"https:\/\/dongbo2008.com\/wp-content\/uploads\/2023\/09\/DB450.jpg\" alt=\"\" width=\"960\" height=\"1960\" srcset=\"https:\/\/dongbo2008.com\/wp-content\/uploads\/2023\/09\/DB450.jpg 960w, https:\/\/dongbo2008.com\/wp-content\/uploads\/2023\/09\/DB450-147x300.jpg 147w, https:\/\/dongbo2008.com\/wp-content\/uploads\/2023\/09\/DB450-502x1024.jpg 502w, https:\/\/dongbo2008.com\/wp-content\/uploads\/2023\/09\/DB450-768x1568.jpg 768w, https:\/\/dongbo2008.com\/wp-content\/uploads\/2023\/09\/DB450-752x1536.jpg 752w, https:\/\/dongbo2008.com\/wp-content\/uploads\/2023\/09\/DB450-600x1225.jpg 600w\" sizes=\"(max-width: 960px) 100vw, 960px\" \/><\/p>","protected":false},"excerpt":{"rendered":"<p>Ortam S\u0131cakl\u0131\u011f\u0131: 0\u00b0C~40\u00b0C<br \/>\nOrtam Nemi: 30~80%<br \/>\nHazne Kapasitesi: 1000~1300 adet<br \/>\nAlma yuvas\u0131n\u0131n kapasitesi: 180~230 adet<br \/>\nSayma h\u0131z\u0131: 600 adet\/dakika<br \/>\nToplu \u00d6n Ayar Numaras\u0131 Ekran\u0131: 3 haneli LCD<br \/>\nSayma Say\u0131s\u0131 G\u00f6stergesi: 7 haneli LCD<br \/>\nYaz\u0131c\u0131 ba\u011flant\u0131 noktas\u0131: Termal yaz\u0131c\u0131 i\u00e7in RS232 seri ba\u011flant\u0131 noktas\u0131<br \/>\nG\u00fc\u00e7 Kayna\u011f\u0131: AC110V-240V, 50\/60Hz<br \/>\nG\u00fc\u00e7 T\u00fcketimi: 50W (MAKS.)<br \/>\nboyut: 330mmx330mmx255mm<br \/>\nNet A\u011f\u0131rl\u0131k: 4.6kg<\/p>","protected":false},"featured_media":552,"template":"","meta":[],"product_brand":[],"product_cat":[21],"product_tag":[],"class_list":{"0":"post-550","1":"product","2":"type-product","3":"status-publish","4":"has-post-thumbnail","6":"product_cat-coin-counter-series","8":"first","9":"instock","10":"shipping-taxable","11":"product-type-simple"},"_links":{"self":[{"href":"https:\/\/dongbo2008.com\/tr\/wp-json\/wp\/v2\/product\/550","targetHints":{"allow":["GET"]}}],"collection":[{"href":"https:\/\/dongbo2008.com\/tr\/wp-json\/wp\/v2\/product"}],"about":[{"href":"https:\/\/dongbo2008.com\/tr\/wp-json\/wp\/v2\/types\/product"}],"wp:featuredmedia":[{"embeddable":true,"href":"https:\/\/dongbo2008.com\/tr\/wp-json\/wp\/v2\/media\/552"}],"wp:attachment":[{"href":"https:\/\/dongbo2008.com\/tr\/wp-json\/wp\/v2\/media?parent=550"}],"wp:term":[{"taxonomy":"product_brand","embeddable":true,"href":"https:\/\/dongbo2008.com\/tr\/wp-json\/wp\/v2\/product_brand?post=550"},{"taxonomy":"product_cat","embeddable":true,"href":"https:\/\/dongbo2008.com\/tr\/wp-json\/wp\/v2\/product_cat?post=550"},{"taxonomy":"product_tag","embeddable":true,"href":"https:\/\/dongbo2008.com\/tr\/wp-json\/wp\/v2\/product_tag?post=550"}],"curies":[{"name":"wp","href":"https:\/\/api.w.org\/{rel}","templated":true}]}}