{"id":546,"date":"2023-09-30T01:57:28","date_gmt":"2023-09-30T01:57:28","guid":{"rendered":"https:\/\/dongbo2008.com\/?post_type=product&#038;p=546"},"modified":"2024-09-18T02:44:57","modified_gmt":"2024-09-18T02:44:57","slug":"db360","status":"publish","type":"product","link":"https:\/\/dongbo2008.com\/tr\/urun\/db360\/","title":{"rendered":"DB360 \u2013 Makers&#039;\u0131n Finansal Kurumlar i\u00e7in Premium Madeni Para Sayma Makineleri"},"content":{"rendered":"<p><img fetchpriority=\"high\" decoding=\"async\" class=\"alignnone size-full wp-image-547\" src=\"https:\/\/dongbo2008.com\/wp-content\/uploads\/2023\/09\/DB360.jpg\" alt=\"\" width=\"960\" height=\"1679\" srcset=\"https:\/\/dongbo2008.com\/wp-content\/uploads\/2023\/09\/DB360.jpg 960w, https:\/\/dongbo2008.com\/wp-content\/uploads\/2023\/09\/DB360-172x300.jpg 172w, https:\/\/dongbo2008.com\/wp-content\/uploads\/2023\/09\/DB360-585x1024.jpg 585w, https:\/\/dongbo2008.com\/wp-content\/uploads\/2023\/09\/DB360-768x1343.jpg 768w, https:\/\/dongbo2008.com\/wp-content\/uploads\/2023\/09\/DB360-878x1536.jpg 878w, https:\/\/dongbo2008.com\/wp-content\/uploads\/2023\/09\/DB360-600x1049.jpg 600w\" sizes=\"(max-width: 960px) 100vw, 960px\" \/><\/p>","protected":false},"excerpt":{"rendered":"<p>DB360, 60&#039;tan fazla \u00fclkenin paras\u0131n\u0131 sayabilir ve s\u0131ralayabilir.<\/p>\n<div>Ortam S\u0131cakl\u0131\u011f\u0131: 0\u00b0C~40\u00b0C<\/div>\n<div>Ortam Nemi: 30~80%<\/div>\n<div>Hazne Kapasitesi: 300~500 adet<\/div>\n<div>Alma yuvas\u0131n\u0131n kapasitesi: 80~150 adet<\/div>\n<div>Sayma H\u0131z\u0131: 330 par\u00e7a\/dakikaya kadar (MAX.)<\/div>\n<div>Toplu \u00d6n Ayar Numaras\u0131 G\u00f6stergesi: 3 haneli LED<\/div>\n<div>Sayma Say\u0131s\u0131 G\u00f6stergesi: 4 haneli LED<\/div>\n<div>Yaz\u0131c\u0131 ba\u011flant\u0131 noktas\u0131: Termal yaz\u0131c\u0131 i\u00e7in RS232 seri ba\u011flant\u0131 noktas\u0131<\/div>\n<div>G\u00fc\u00e7 Kayna\u011f\u0131: AC220V\/50Hz, AC110V\/60Hz<\/div>\n<div>G\u00fc\u00e7 T\u00fcketimi: 45W (MAKS.)<\/div>\n<div>boyut: 355mm\u00d7330mm\u00d7266mm<\/div>\n<div>Net A\u011f\u0131rl\u0131k: 4,5 kg<\/div>","protected":false},"featured_media":548,"template":"","meta":[],"product_brand":[],"product_cat":[21],"product_tag":[],"class_list":{"0":"post-546","1":"product","2":"type-product","3":"status-publish","4":"has-post-thumbnail","6":"product_cat-coin-counter-series","8":"first","9":"instock","10":"shipping-taxable","11":"product-type-simple"},"_links":{"self":[{"href":"https:\/\/dongbo2008.com\/tr\/wp-json\/wp\/v2\/product\/546","targetHints":{"allow":["GET"]}}],"collection":[{"href":"https:\/\/dongbo2008.com\/tr\/wp-json\/wp\/v2\/product"}],"about":[{"href":"https:\/\/dongbo2008.com\/tr\/wp-json\/wp\/v2\/types\/product"}],"wp:featuredmedia":[{"embeddable":true,"href":"https:\/\/dongbo2008.com\/tr\/wp-json\/wp\/v2\/media\/548"}],"wp:attachment":[{"href":"https:\/\/dongbo2008.com\/tr\/wp-json\/wp\/v2\/media?parent=546"}],"wp:term":[{"taxonomy":"product_brand","embeddable":true,"href":"https:\/\/dongbo2008.com\/tr\/wp-json\/wp\/v2\/product_brand?post=546"},{"taxonomy":"product_cat","embeddable":true,"href":"https:\/\/dongbo2008.com\/tr\/wp-json\/wp\/v2\/product_cat?post=546"},{"taxonomy":"product_tag","embeddable":true,"href":"https:\/\/dongbo2008.com\/tr\/wp-json\/wp\/v2\/product_tag?post=546"}],"curies":[{"name":"wp","href":"https:\/\/api.w.org\/{rel}","templated":true}]}}