{"id":537,"date":"2023-09-30T01:52:59","date_gmt":"2023-09-30T01:52:59","guid":{"rendered":"https:\/\/dongbo2008.com\/?post_type=product&#038;p=537"},"modified":"2024-09-18T02:43:35","modified_gmt":"2024-09-18T02:43:35","slug":"db350-2","status":"publish","type":"product","link":"https:\/\/dongbo2008.com\/tr\/urun\/db350-2\/","title":{"rendered":"DB350 \u2013 \u00d6nde Gelen \u00dcreticilerden Bankalar \u0130\u00e7in Lider Madeni Para Sayma Makineleri"},"content":{"rendered":"<p><img fetchpriority=\"high\" decoding=\"async\" class=\"alignnone size-full wp-image-540\" src=\"https:\/\/dongbo2008.com\/wp-content\/uploads\/2023\/09\/DB350-3-scaled.jpg\" alt=\"\" width=\"1483\" height=\"2560\" srcset=\"https:\/\/dongbo2008.com\/wp-content\/uploads\/2023\/09\/DB350-3-scaled.jpg 1483w, https:\/\/dongbo2008.com\/wp-content\/uploads\/2023\/09\/DB350-3-174x300.jpg 174w, https:\/\/dongbo2008.com\/wp-content\/uploads\/2023\/09\/DB350-3-593x1024.jpg 593w, https:\/\/dongbo2008.com\/wp-content\/uploads\/2023\/09\/DB350-3-768x1326.jpg 768w, https:\/\/dongbo2008.com\/wp-content\/uploads\/2023\/09\/DB350-3-890x1536.jpg 890w, https:\/\/dongbo2008.com\/wp-content\/uploads\/2023\/09\/DB350-3-1186x2048.jpg 1186w, https:\/\/dongbo2008.com\/wp-content\/uploads\/2023\/09\/DB350-3-600x1036.jpg 600w\" sizes=\"(max-width: 1483px) 100vw, 1483px\" \/><\/p>","protected":false},"excerpt":{"rendered":"<p>DB350B 50&#039;den fazla \u00fclkenin paras\u0131n\u0131 sayabilir ve s\u0131ralayabilir.<\/p>\n<p>Ortam S\u0131cakl\u0131\u011f\u0131: 0\u00b0C~40\u00b0C<br \/>\nOrtam Nemi: 30~80%<br \/>\nHazne Kapasitesi: 300~500 adet<br \/>\nAlma yuvas\u0131n\u0131n kapasitesi: 80~150 adet<br \/>\nSayma H\u0131z\u0131: 330 par\u00e7a\/dakikaya kadar (MAX.)<br \/>\nToplu \u00d6n Ayar Numaras\u0131 G\u00f6stergesi: 3 haneli LED<br \/>\nSayma Say\u0131s\u0131 G\u00f6stergesi: 4 haneli LED<br \/>\nG\u00fc\u00e7 Kayna\u011f\u0131: AC220V\/50Hz, AC110V\/60Hz<br \/>\nG\u00fc\u00e7 T\u00fcketimi: 45W (MAKS.)<br \/>\nboyut: 355mm\u00d7330mm\u00d7266mm<br \/>\nNet A\u011f\u0131rl\u0131k: 4,5 kg<\/p>","protected":false},"featured_media":538,"template":"","meta":[],"product_brand":[],"product_cat":[21],"product_tag":[],"class_list":{"0":"post-537","1":"product","2":"type-product","3":"status-publish","4":"has-post-thumbnail","6":"product_cat-coin-counter-series","8":"first","9":"instock","10":"shipping-taxable","11":"product-type-simple"},"_links":{"self":[{"href":"https:\/\/dongbo2008.com\/tr\/wp-json\/wp\/v2\/product\/537","targetHints":{"allow":["GET"]}}],"collection":[{"href":"https:\/\/dongbo2008.com\/tr\/wp-json\/wp\/v2\/product"}],"about":[{"href":"https:\/\/dongbo2008.com\/tr\/wp-json\/wp\/v2\/types\/product"}],"wp:featuredmedia":[{"embeddable":true,"href":"https:\/\/dongbo2008.com\/tr\/wp-json\/wp\/v2\/media\/538"}],"wp:attachment":[{"href":"https:\/\/dongbo2008.com\/tr\/wp-json\/wp\/v2\/media?parent=537"}],"wp:term":[{"taxonomy":"product_brand","embeddable":true,"href":"https:\/\/dongbo2008.com\/tr\/wp-json\/wp\/v2\/product_brand?post=537"},{"taxonomy":"product_cat","embeddable":true,"href":"https:\/\/dongbo2008.com\/tr\/wp-json\/wp\/v2\/product_cat?post=537"},{"taxonomy":"product_tag","embeddable":true,"href":"https:\/\/dongbo2008.com\/tr\/wp-json\/wp\/v2\/product_tag?post=537"}],"curies":[{"name":"wp","href":"https:\/\/api.w.org\/{rel}","templated":true}]}}