{"id":529,"date":"2023-09-30T01:50:11","date_gmt":"2023-09-30T01:50:11","guid":{"rendered":"https:\/\/dongbo2008.com\/?post_type=product&#038;p=529"},"modified":"2024-09-18T02:42:14","modified_gmt":"2024-09-18T02:42:14","slug":"db350","status":"publish","type":"product","link":"https:\/\/dongbo2008.com\/tr\/urun\/db350\/","title":{"rendered":"DB350 \u2013 G\u00fcvenilir \u00dcreticiler Taraf\u0131ndan Bankalar \u0130\u00e7in Y\u00fcksek Kaliteli Madeni Para Sayma Makineleri"},"content":{"rendered":"<p><img fetchpriority=\"high\" decoding=\"async\" class=\"alignnone size-full wp-image-530\" src=\"https:\/\/dongbo2008.com\/wp-content\/uploads\/2023\/09\/DB350-scaled.jpg\" alt=\"\" width=\"1171\" height=\"2560\" srcset=\"https:\/\/dongbo2008.com\/wp-content\/uploads\/2023\/09\/DB350-scaled.jpg 1171w, https:\/\/dongbo2008.com\/wp-content\/uploads\/2023\/09\/DB350-137x300.jpg 137w, https:\/\/dongbo2008.com\/wp-content\/uploads\/2023\/09\/DB350-468x1024.jpg 468w, https:\/\/dongbo2008.com\/wp-content\/uploads\/2023\/09\/DB350-768x1679.jpg 768w, https:\/\/dongbo2008.com\/wp-content\/uploads\/2023\/09\/DB350-703x1536.jpg 703w, https:\/\/dongbo2008.com\/wp-content\/uploads\/2023\/09\/DB350-937x2048.jpg 937w, https:\/\/dongbo2008.com\/wp-content\/uploads\/2023\/09\/DB350-600x1312.jpg 600w\" sizes=\"(max-width: 1171px) 100vw, 1171px\" \/><\/p>","protected":false},"excerpt":{"rendered":"<p>K\u00fc\u00e7\u00fck i\u015fletmeniz i\u00e7in bu bozuk para sayma makinesini alarak g\u00fcnl\u00fck i\u015f y\u00fck\u00fcn\u00fcz\u00fc en aza indirin.<\/p>\n<p>Ortam S\u0131cakl\u0131\u011f\u0131: 0\u00b0C~40\u00b0C<br \/>\nOrtam Nemi: 30~80%<br \/>\nHazne Kapasitesi: 300~500 adet<br \/>\nAlma yuvas\u0131n\u0131n kapasitesi: 80~150 adet<br \/>\nSayma H\u0131z\u0131: 330 par\u00e7a\/dakikaya kadar (MAX.)<br \/>\nToplu \u00d6n Ayar Numaras\u0131 G\u00f6stergesi: 3 haneli LED<br \/>\nSayma Say\u0131s\u0131 G\u00f6stergesi: 4 haneli LED<br \/>\nG\u00fc\u00e7 Kayna\u011f\u0131: AC220V\/50Hz, AC110V\/60Hz<br \/>\nG\u00fc\u00e7 T\u00fcketimi: 45W (MAKS.)<br \/>\nboyut: 355mm\u00d7330mm\u00d7266mm<br \/>\nNet A\u011f\u0131rl\u0131k: 4,5 kg<\/p>","protected":false},"featured_media":531,"template":"","meta":[],"product_brand":[],"product_cat":[21],"product_tag":[],"class_list":{"0":"post-529","1":"product","2":"type-product","3":"status-publish","4":"has-post-thumbnail","6":"product_cat-coin-counter-series","8":"first","9":"instock","10":"shipping-taxable","11":"product-type-simple"},"_links":{"self":[{"href":"https:\/\/dongbo2008.com\/tr\/wp-json\/wp\/v2\/product\/529","targetHints":{"allow":["GET"]}}],"collection":[{"href":"https:\/\/dongbo2008.com\/tr\/wp-json\/wp\/v2\/product"}],"about":[{"href":"https:\/\/dongbo2008.com\/tr\/wp-json\/wp\/v2\/types\/product"}],"wp:featuredmedia":[{"embeddable":true,"href":"https:\/\/dongbo2008.com\/tr\/wp-json\/wp\/v2\/media\/531"}],"wp:attachment":[{"href":"https:\/\/dongbo2008.com\/tr\/wp-json\/wp\/v2\/media?parent=529"}],"wp:term":[{"taxonomy":"product_brand","embeddable":true,"href":"https:\/\/dongbo2008.com\/tr\/wp-json\/wp\/v2\/product_brand?post=529"},{"taxonomy":"product_cat","embeddable":true,"href":"https:\/\/dongbo2008.com\/tr\/wp-json\/wp\/v2\/product_cat?post=529"},{"taxonomy":"product_tag","embeddable":true,"href":"https:\/\/dongbo2008.com\/tr\/wp-json\/wp\/v2\/product_tag?post=529"}],"curies":[{"name":"wp","href":"https:\/\/api.w.org\/{rel}","templated":true}]}}