{"id":524,"date":"2023-09-30T01:48:46","date_gmt":"2023-09-30T01:48:46","guid":{"rendered":"https:\/\/dongbo2008.com\/?post_type=product&#038;p=524"},"modified":"2024-09-18T02:41:44","modified_gmt":"2024-09-18T02:41:44","slug":"db330","status":"publish","type":"product","link":"https:\/\/dongbo2008.com\/tr\/urun\/db330\/","title":{"rendered":"DB330 \u2013 Sahtecilik Dedekt\u00f6rleri: Bayiler i\u00e7in En \u0130yi Se\u00e7imler"},"content":{"rendered":"<p><img fetchpriority=\"high\" decoding=\"async\" class=\"alignnone size-full wp-image-525\" src=\"https:\/\/dongbo2008.com\/wp-content\/uploads\/2023\/09\/DB330.jpg\" alt=\"\" width=\"827\" height=\"1000\" srcset=\"https:\/\/dongbo2008.com\/wp-content\/uploads\/2023\/09\/DB330.jpg 827w, https:\/\/dongbo2008.com\/wp-content\/uploads\/2023\/09\/DB330-248x300.jpg 248w, https:\/\/dongbo2008.com\/wp-content\/uploads\/2023\/09\/DB330-768x929.jpg 768w, https:\/\/dongbo2008.com\/wp-content\/uploads\/2023\/09\/DB330-600x726.jpg 600w\" sizes=\"(max-width: 827px) 100vw, 827px\" \/><\/p>","protected":false},"excerpt":{"rendered":"<p>Boyut: 272mmX180mmX194mm<br \/>\nNet A\u011f\u0131rl\u0131k: 1,4 kg<br \/>\nMonit\u00f6r Boyutu: 4\u2033 Siyah-Beyaz<br \/>\nKamera: IR (k\u0131z\u0131l\u00f6tesi)<br \/>\nKabul Edilen Para Birimi: Herhangi bir para birimi<br \/>\nG\u00fc\u00e7 T\u00fcketimi: 8W<br \/>\nG\u00fc\u00e7 Kayna\u011f\u0131: AC100-240V, 50\/60Hz<\/p>","protected":false},"featured_media":608,"template":"","meta":[],"product_brand":[],"product_cat":[20],"product_tag":[],"class_list":{"0":"post-524","1":"product","2":"type-product","3":"status-publish","4":"has-post-thumbnail","6":"product_cat-counterfeit-detector-series","8":"first","9":"instock","10":"shipping-taxable","11":"product-type-simple"},"_links":{"self":[{"href":"https:\/\/dongbo2008.com\/tr\/wp-json\/wp\/v2\/product\/524","targetHints":{"allow":["GET"]}}],"collection":[{"href":"https:\/\/dongbo2008.com\/tr\/wp-json\/wp\/v2\/product"}],"about":[{"href":"https:\/\/dongbo2008.com\/tr\/wp-json\/wp\/v2\/types\/product"}],"wp:featuredmedia":[{"embeddable":true,"href":"https:\/\/dongbo2008.com\/tr\/wp-json\/wp\/v2\/media\/608"}],"wp:attachment":[{"href":"https:\/\/dongbo2008.com\/tr\/wp-json\/wp\/v2\/media?parent=524"}],"wp:term":[{"taxonomy":"product_brand","embeddable":true,"href":"https:\/\/dongbo2008.com\/tr\/wp-json\/wp\/v2\/product_brand?post=524"},{"taxonomy":"product_cat","embeddable":true,"href":"https:\/\/dongbo2008.com\/tr\/wp-json\/wp\/v2\/product_cat?post=524"},{"taxonomy":"product_tag","embeddable":true,"href":"https:\/\/dongbo2008.com\/tr\/wp-json\/wp\/v2\/product_tag?post=524"}],"curies":[{"name":"wp","href":"https:\/\/api.w.org\/{rel}","templated":true}]}}