{"id":502,"date":"2023-09-30T01:11:36","date_gmt":"2023-09-30T01:11:36","guid":{"rendered":"https:\/\/dongbo2008.com\/?post_type=product&#038;p=502"},"modified":"2024-09-18T02:38:53","modified_gmt":"2024-09-18T02:38:53","slug":"db020","status":"publish","type":"product","link":"https:\/\/dongbo2008.com\/tr\/urun\/db020\/","title":{"rendered":"DB020 \u2013 Sahtecilik Dedekt\u00f6rleri: Bayiler ve Distrib\u00fct\u00f6rler i\u00e7in En \u0130yisi"},"content":{"rendered":"<p>D\u00fcnyadaki banknotlar, faturalar, \u00e7ekler, senetler ve di\u011fer e\u015fyalar i\u00e7in kullan\u0131labilir<br \/>\nSahte tespiti: UV, MG, Filigran ve b\u00fcy\u00fcte\u00e7<br \/>\nFaturalardaki floresan ve filigran\u0131 kontrol etmek i\u00e7in sahte tespit UV ve beyaz \u00e7izgi<br \/>\n5X b\u00fcy\u00fcte\u00e7 banknotun y\u00fczeyinde daha net bir g\u00f6r\u00fcn\u00fcm sunar<br \/>\nY\u00fcksek kaliteli siyah ABS plastikten yap\u0131lm\u0131\u015f, anti-UV reaksiyonu, yanma \u00f6nleyici<\/p>","protected":false},"excerpt":{"rendered":"<p>UV t\u00fcp\u00fc: 2 adet, 6W\/adet<br \/>\nBeyaz \u0131\u015f\u0131k t\u00fcp\u00fc: 1 adet, 4W<br \/>\nBoyut: 275mmx150mmx140mm<br \/>\nNet A\u011f\u0131rl\u0131k: 0.9Kg<br \/>\nG\u00fc\u00e7 Kayna\u011f\u0131: 110V veya 220V, AC50\/60Hz<br \/>\nAmbalaj: 12 adet\/koli, 590mmx295mmx475mm<br \/>\nBr\u00fct A\u011f\u0131rl\u0131k: 15.0kg<\/p>","protected":false},"featured_media":605,"template":"","meta":[],"product_brand":[],"product_cat":[20],"product_tag":[],"class_list":{"0":"post-502","1":"product","2":"type-product","3":"status-publish","4":"has-post-thumbnail","6":"product_cat-counterfeit-detector-series","8":"first","9":"instock","10":"shipping-taxable","11":"product-type-simple"},"_links":{"self":[{"href":"https:\/\/dongbo2008.com\/tr\/wp-json\/wp\/v2\/product\/502","targetHints":{"allow":["GET"]}}],"collection":[{"href":"https:\/\/dongbo2008.com\/tr\/wp-json\/wp\/v2\/product"}],"about":[{"href":"https:\/\/dongbo2008.com\/tr\/wp-json\/wp\/v2\/types\/product"}],"wp:featuredmedia":[{"embeddable":true,"href":"https:\/\/dongbo2008.com\/tr\/wp-json\/wp\/v2\/media\/605"}],"wp:attachment":[{"href":"https:\/\/dongbo2008.com\/tr\/wp-json\/wp\/v2\/media?parent=502"}],"wp:term":[{"taxonomy":"product_brand","embeddable":true,"href":"https:\/\/dongbo2008.com\/tr\/wp-json\/wp\/v2\/product_brand?post=502"},{"taxonomy":"product_cat","embeddable":true,"href":"https:\/\/dongbo2008.com\/tr\/wp-json\/wp\/v2\/product_cat?post=502"},{"taxonomy":"product_tag","embeddable":true,"href":"https:\/\/dongbo2008.com\/tr\/wp-json\/wp\/v2\/product_tag?post=502"}],"curies":[{"name":"wp","href":"https:\/\/api.w.org\/{rel}","templated":true}]}}