{"id":500,"date":"2023-09-30T01:10:10","date_gmt":"2023-09-30T01:10:10","guid":{"rendered":"https:\/\/dongbo2008.com\/?post_type=product&#038;p=500"},"modified":"2024-09-18T02:38:08","modified_gmt":"2024-09-18T02:38:08","slug":"db018","status":"publish","type":"product","link":"https:\/\/dongbo2008.com\/tr\/urun\/db018\/","title":{"rendered":"DB018 \u2013 Da\u011f\u0131t\u0131m Kanallar\u0131 i\u00e7in En \u0130yi Sahtecilik Dedekt\u00f6rleri"},"content":{"rendered":"<p>D\u00fcnyadaki t\u00fcm para birimleri i\u00e7in kullan\u0131labilir<br \/>\nBanknotlar\u0131, kimlik kartlar\u0131n\u0131 ve banknotlar\u0131 tespit etmek i\u00e7in H tipi UV t\u00fcp\u00fc<\/p>","protected":false},"excerpt":{"rendered":"<p>UV t\u00fcp\u00fc: 2 adet, 9W\/adet<br \/>\nBoyut: 280mmx110mmx130mm<br \/>\nNet A\u011f\u0131rl\u0131k: 0.4Kg<br \/>\nG\u00fc\u00e7 kayna\u011f\u0131: AC110V veya 220V, 50\/60Hz<br \/>\nAmbalaj: 12 adet\/koli, 610mmx315mmx500mm<br \/>\nBr\u00fct A\u011f\u0131rl\u0131k: 12k.0kg<\/p>","protected":false},"featured_media":604,"template":"","meta":[],"product_brand":[],"product_cat":[20],"product_tag":[],"class_list":{"0":"post-500","1":"product","2":"type-product","3":"status-publish","4":"has-post-thumbnail","6":"product_cat-counterfeit-detector-series","8":"first","9":"instock","10":"shipping-taxable","11":"product-type-simple"},"_links":{"self":[{"href":"https:\/\/dongbo2008.com\/tr\/wp-json\/wp\/v2\/product\/500","targetHints":{"allow":["GET"]}}],"collection":[{"href":"https:\/\/dongbo2008.com\/tr\/wp-json\/wp\/v2\/product"}],"about":[{"href":"https:\/\/dongbo2008.com\/tr\/wp-json\/wp\/v2\/types\/product"}],"wp:featuredmedia":[{"embeddable":true,"href":"https:\/\/dongbo2008.com\/tr\/wp-json\/wp\/v2\/media\/604"}],"wp:attachment":[{"href":"https:\/\/dongbo2008.com\/tr\/wp-json\/wp\/v2\/media?parent=500"}],"wp:term":[{"taxonomy":"product_brand","embeddable":true,"href":"https:\/\/dongbo2008.com\/tr\/wp-json\/wp\/v2\/product_brand?post=500"},{"taxonomy":"product_cat","embeddable":true,"href":"https:\/\/dongbo2008.com\/tr\/wp-json\/wp\/v2\/product_cat?post=500"},{"taxonomy":"product_tag","embeddable":true,"href":"https:\/\/dongbo2008.com\/tr\/wp-json\/wp\/v2\/product_tag?post=500"}],"curies":[{"name":"wp","href":"https:\/\/api.w.org\/{rel}","templated":true}]}}