{"id":487,"date":"2023-09-30T01:08:27","date_gmt":"2023-09-30T01:08:27","guid":{"rendered":"https:\/\/dongbo2008.com\/?post_type=product&#038;p=487"},"modified":"2024-09-18T02:37:01","modified_gmt":"2024-09-18T02:37:01","slug":"db3000","status":"publish","type":"product","link":"https:\/\/dongbo2008.com\/tr\/urun\/db3000\/","title":{"rendered":"DB3000 \u2013 Toptan Hizmet Sa\u011flay\u0131c\u0131lar\u0131 i\u00e7in \u00d6nerilen Para Birimi Say\u0131c\u0131lar\u0131"},"content":{"rendered":"<p><strong>Besleme Sistemi Silindir S\u00fcrt\u00fcnme Sistemi<\/strong><br \/>\nMevcut Para Birimleri Euro\u3001 USD ve yerel para birimi (En fazla 5 para birimi)<br \/>\nSayma Modlar\u0131 Otomatik veya manuel Ba\u015flatma Modu<br \/>\nS\u00fcrekli Say\u0131m Modu<br \/>\nToplu Sayma Modu<br \/>\nSadece Sayma Modu<br \/>\nDe\u011fer Sayma Modu (karma, tek, Y\u00fcz, Y\u00f6nlendirme)<br \/>\nSayma Modu S\u0131rala<br \/>\nSayma H\u0131z\u0131 Seviyesi 1:800 not\/dakika<br \/>\nSeviye 2:1000not\/dakika<br \/>\nSeviye 3:1200 not\/dakika (yaln\u0131zca sahte tespit ile say\u0131l\u0131r)<br \/>\nSeviye 4:1500not\/dakika(Yaln\u0131zca say\u0131l\u0131yor)<br \/>\nSahte Tespiti UV,MG(se\u00e7enek),MT(se\u00e7enek),IR (se\u00e7enek)<br \/>\nPara Birimi Tan\u0131ma 4 y\u00f6n<br \/>\nEkran tipi Mavi arka \u0131\u015f\u0131kl\u0131 grafik LCD<br \/>\nHazne Kapasitesi 500 nota kadar<br \/>\n\u0130stifleyici Kapasitesi 200 nota kadar<br \/>\nCep Kapasitesini Reddet 100 nota kadar (varsay\u0131lan:50 not)<br \/>\nSay\u0131labilir Nota Boyutu 40\u00d790~100\u00d7175(mm)<br \/>\nKal\u0131nl\u0131k 0,05~0,15(mm)<br \/>\nRS232 Seri Port ile PC&#039;ye Yaz\u0131l\u0131m G\u00fcncelleme<br \/>\nG\u00fc\u00e7 kayna\u011f\u0131? AC 100~240 Volt, 50\/60HZ<br \/>\nG\u00fc\u00e7 T\u00fcketimi &lt;100Watt<br \/>\nBoyutlar U\u00d7G\u00d7Y: 340mm\u00d7310mm\u00d7295mm<br \/>\nNET A\u011f\u0131rl\u0131k: 11kg; BR\u00dcT: 12KG<br \/>\nDi\u011fer Fonksiyon Kendi kendine te\u015fhis sistemi, Yazd\u0131rma, Bellek yedekleme<br \/>\nVarsay\u0131lan\u0131 Kurtar, Uzak LED Ekran<\/p>\n<p><img fetchpriority=\"high\" decoding=\"async\" class=\"alignnone size-full wp-image-488\" src=\"https:\/\/dongbo2008.com\/wp-content\/uploads\/2023\/09\/db3000.jpg\" alt=\"\" width=\"960\" height=\"1407\" srcset=\"https:\/\/dongbo2008.com\/wp-content\/uploads\/2023\/09\/db3000.jpg 960w, https:\/\/dongbo2008.com\/wp-content\/uploads\/2023\/09\/db3000-205x300.jpg 205w, https:\/\/dongbo2008.com\/wp-content\/uploads\/2023\/09\/db3000-699x1024.jpg 699w, https:\/\/dongbo2008.com\/wp-content\/uploads\/2023\/09\/db3000-768x1126.jpg 768w, https:\/\/dongbo2008.com\/wp-content\/uploads\/2023\/09\/db3000-600x879.jpg 600w\" sizes=\"(max-width: 960px) 100vw, 960px\" \/><\/p>","protected":false},"excerpt":{"rendered":"<p>A\u011f\u0131r hizmet tipi banknot sayac\u0131 ve s\u0131ralay\u0131c\u0131<\/p>\n<p>Besleme Sistemi: Makaral\u0131 S\u00fcrt\u00fcnme Sistemi<br \/>\nHazne Kapasitesi: 500 adet<br \/>\nReddet Cep Kapasitesi: 100 adet<br \/>\n\u0130stifleyici Kapasitesi: 200 adet<br \/>\nSay\u0131labilir Notun Boyutu: 50\u00d790~110\u00d7175(mm)<br \/>\nSay\u0131labilir Notun Kal\u0131nl\u0131\u011f\u0131: 0,05~0,15(mm)<br \/>\nSayma H\u0131z\u0131: 600\/ 1000\/ 1200\/ 1500 adet\/dakika<br \/>\nMevcut Para Birimleri: Euro, USD, RMB ve yerel para birimi (En fazla 5 para birimi)<br \/>\nEkran Tipi: Grafik LCD (128*64 nokta)<br \/>\nUzak Ekran: Uzak LED Ekranda 6 hane (\u0130ste\u011fe ba\u011fl\u0131)<br \/>\nYaz\u0131l\u0131m G\u00fcncellemesi: RS232 Seri Port ile PC&#039;ye<br \/>\nG\u00fc\u00e7 Kayna\u011f\u0131: AC100~240 Volt, 50\/60Hz<br \/>\nSigorta Boyutu: 3A<br \/>\nG\u00fc\u00e7 T\u00fcketimi: Maks. 100 Watt<br \/>\nboyut: 340mm\u00d7310mm\u00d7295mm<br \/>\nNet A\u011f\u0131rl\u0131k: 11.0kg<br \/>\nOrtam S\u0131cakl\u0131\u011f\u0131: 0\u00b0C~40\u00b0C<br \/>\nBa\u011f\u0131l Nem: 30~80%<\/p>","protected":false},"featured_media":489,"template":"","meta":[],"product_brand":[],"product_cat":[18],"product_tag":[],"class_list":{"0":"post-487","1":"product","2":"type-product","3":"status-publish","4":"has-post-thumbnail","6":"product_cat-currency-counter-series","8":"first","9":"instock","10":"shipping-taxable","11":"product-type-simple"},"_links":{"self":[{"href":"https:\/\/dongbo2008.com\/tr\/wp-json\/wp\/v2\/product\/487","targetHints":{"allow":["GET"]}}],"collection":[{"href":"https:\/\/dongbo2008.com\/tr\/wp-json\/wp\/v2\/product"}],"about":[{"href":"https:\/\/dongbo2008.com\/tr\/wp-json\/wp\/v2\/types\/product"}],"wp:featuredmedia":[{"embeddable":true,"href":"https:\/\/dongbo2008.com\/tr\/wp-json\/wp\/v2\/media\/489"}],"wp:attachment":[{"href":"https:\/\/dongbo2008.com\/tr\/wp-json\/wp\/v2\/media?parent=487"}],"wp:term":[{"taxonomy":"product_brand","embeddable":true,"href":"https:\/\/dongbo2008.com\/tr\/wp-json\/wp\/v2\/product_brand?post=487"},{"taxonomy":"product_cat","embeddable":true,"href":"https:\/\/dongbo2008.com\/tr\/wp-json\/wp\/v2\/product_cat?post=487"},{"taxonomy":"product_tag","embeddable":true,"href":"https:\/\/dongbo2008.com\/tr\/wp-json\/wp\/v2\/product_tag?post=487"}],"curies":[{"name":"wp","href":"https:\/\/api.w.org\/{rel}","templated":true}]}}