{"id":475,"date":"2023-09-30T01:01:03","date_gmt":"2023-09-30T01:01:03","guid":{"rendered":"https:\/\/dongbo2008.com\/?post_type=product&#038;p=475"},"modified":"2024-09-18T02:33:33","modified_gmt":"2024-09-18T02:33:33","slug":"db010","status":"publish","type":"product","link":"https:\/\/dongbo2008.com\/tr\/urun\/db010\/","title":{"rendered":"DB010 \u2013 Bayiler i\u00e7in Y\u00fcksek Kaliteli Sahtecilik Dedekt\u00f6rleri"},"content":{"rendered":"<p>D\u00fcnyadaki banknotlar, faturalar, \u00e7ekler, senetler ve di\u011fer e\u015fyalar i\u00e7in kullan\u0131labilir<br \/>\nSahte tespiti: UV, MG ve filigran<br \/>\nFaturalardaki floresan ve filigran\u0131 kontrol etmek i\u00e7in sahte tespit UV ve beyaz \u00e7izgi<br \/>\nAr\u0131za kendi kendine te\u015fhis ve ar\u0131za istemi<\/p>","protected":false},"excerpt":{"rendered":"<p>UV t\u00fcp\u00fc: 1 adet, 4W<br \/>\nBeyaz \u0131\u015f\u0131k t\u00fcp\u00fc: 1 adet, 4W<br \/>\nBoyut: 235mmx130mmx125mm<br \/>\nNet A\u011f\u0131rl\u0131k: 1,2 kg<br \/>\nG\u00fc\u00e7 kayna\u011f\u0131: AC110V veya 220V, 50\/60Hz<br \/>\nAmbalaj: 20 adet\/koli, 490mmx390mmx385mm<br \/>\nBr\u00fct A\u011f\u0131rl\u0131k: 13kg<\/p>","protected":false},"featured_media":601,"template":"","meta":[],"product_brand":[],"product_cat":[20],"product_tag":[],"class_list":{"0":"post-475","1":"product","2":"type-product","3":"status-publish","4":"has-post-thumbnail","6":"product_cat-counterfeit-detector-series","8":"first","9":"instock","10":"shipping-taxable","11":"product-type-simple"},"_links":{"self":[{"href":"https:\/\/dongbo2008.com\/tr\/wp-json\/wp\/v2\/product\/475","targetHints":{"allow":["GET"]}}],"collection":[{"href":"https:\/\/dongbo2008.com\/tr\/wp-json\/wp\/v2\/product"}],"about":[{"href":"https:\/\/dongbo2008.com\/tr\/wp-json\/wp\/v2\/types\/product"}],"wp:featuredmedia":[{"embeddable":true,"href":"https:\/\/dongbo2008.com\/tr\/wp-json\/wp\/v2\/media\/601"}],"wp:attachment":[{"href":"https:\/\/dongbo2008.com\/tr\/wp-json\/wp\/v2\/media?parent=475"}],"wp:term":[{"taxonomy":"product_brand","embeddable":true,"href":"https:\/\/dongbo2008.com\/tr\/wp-json\/wp\/v2\/product_brand?post=475"},{"taxonomy":"product_cat","embeddable":true,"href":"https:\/\/dongbo2008.com\/tr\/wp-json\/wp\/v2\/product_cat?post=475"},{"taxonomy":"product_tag","embeddable":true,"href":"https:\/\/dongbo2008.com\/tr\/wp-json\/wp\/v2\/product_tag?post=475"}],"curies":[{"name":"wp","href":"https:\/\/api.w.org\/{rel}","templated":true}]}}