{"id":472,"date":"2023-09-30T00:59:56","date_gmt":"2023-09-30T00:59:56","guid":{"rendered":"https:\/\/dongbo2008.com\/?post_type=product&#038;p=472"},"modified":"2024-09-18T02:33:05","modified_gmt":"2024-09-18T02:33:05","slug":"db10","status":"publish","type":"product","link":"https:\/\/dongbo2008.com\/tr\/urun\/db10\/","title":{"rendered":"DB10 \u2013 2024 Sahtecilik Dedekt\u00f6rleri: Distrib\u00fct\u00f6rler i\u00e7in \u0130deal"},"content":{"rendered":"<p>D\u00fcnyan\u0131n en k\u00fc\u00e7\u00fck otomatik ve ta\u015f\u0131nabilir dedekt\u00f6r\u00fcd\u00fcr. Kompakt tasar\u0131m\u0131, herhangi bir y\u00fck olmadan kolayca ta\u015f\u0131nmas\u0131n\u0131 sa\u011flar. Makineyi masa\u00fcst\u00fc dedekt\u00f6r\u00fc olarak kullanabilirsiniz. Makineyi bel band\u0131nda da ta\u015f\u0131yabilirsiniz. Makineyi omzunuza da asabilirsiniz.<\/p>\n<p><img fetchpriority=\"high\" decoding=\"async\" class=\"alignnone size-full wp-image-473\" src=\"https:\/\/dongbo2008.com\/wp-content\/uploads\/2023\/09\/DB10-01.jpg\" alt=\"\" width=\"960\" height=\"2042\" srcset=\"https:\/\/dongbo2008.com\/wp-content\/uploads\/2023\/09\/DB10-01.jpg 960w, https:\/\/dongbo2008.com\/wp-content\/uploads\/2023\/09\/DB10-01-141x300.jpg 141w, https:\/\/dongbo2008.com\/wp-content\/uploads\/2023\/09\/DB10-01-481x1024.jpg 481w, https:\/\/dongbo2008.com\/wp-content\/uploads\/2023\/09\/DB10-01-768x1634.jpg 768w, https:\/\/dongbo2008.com\/wp-content\/uploads\/2023\/09\/DB10-01-722x1536.jpg 722w, https:\/\/dongbo2008.com\/wp-content\/uploads\/2023\/09\/DB10-01-600x1276.jpg 600w\" sizes=\"(max-width: 960px) 100vw, 960px\" \/><\/p>","protected":false},"excerpt":{"rendered":"<p>\u25cf Test \u00f6zellikleri: K\u0131z\u0131l\u00f6tesi, 2D Boyut Tan\u0131ma, ka\u011f\u0131t \u015feffafl\u0131\u011f\u0131<br \/>\n\u25cf AC Besleme Gerilimi: AC100V~240V 50\/60Hz<br \/>\n\u25cf DC Besleme Gerilimi: DC 9V\/1A<br \/>\n\u25cf Pil: \u015earj Edilebilir Lityum Pil 7,4V\/650mAH<br \/>\n\u25cf \u015earj s\u00fcresi: Yakla\u015f\u0131k 5 saat<br \/>\n\u25cf Yakla\u015f\u0131k \u00e7al\u0131\u015fma s\u00fcresi: 3 saat (s\u00fcrekli hizmet)<br \/>\n\u25cf G\u00fc\u00e7 T\u00fcketimi: &lt;10 W<br \/>\n\u25cf H\u0131z: &lt;0,5 saniye\/sayfa<br \/>\n\u25cf A\u011f\u0131rl\u0131k:0,34Kg<br \/>\n\u25cf \u00c7al\u0131\u015fma s\u0131cakl\u0131\u011f\u0131:0~45\u00b0C<br \/>\n\u25cf Depolama s\u0131cakl\u0131\u011f\u0131:-10~65\u00b0C<br \/>\n\u25cf Boyut:124*100*69M<\/p>\n<p>Paketleme Bilgileri:<br \/>\n16 adet\/koli, 11.4KGS\/koli, 53.7*35.7*42 CM\/koli<\/p>","protected":false},"featured_media":600,"template":"","meta":[],"product_brand":[],"product_cat":[20],"product_tag":[],"class_list":{"0":"post-472","1":"product","2":"type-product","3":"status-publish","4":"has-post-thumbnail","6":"product_cat-counterfeit-detector-series","8":"first","9":"instock","10":"shipping-taxable","11":"product-type-simple"},"_links":{"self":[{"href":"https:\/\/dongbo2008.com\/tr\/wp-json\/wp\/v2\/product\/472","targetHints":{"allow":["GET"]}}],"collection":[{"href":"https:\/\/dongbo2008.com\/tr\/wp-json\/wp\/v2\/product"}],"about":[{"href":"https:\/\/dongbo2008.com\/tr\/wp-json\/wp\/v2\/types\/product"}],"wp:featuredmedia":[{"embeddable":true,"href":"https:\/\/dongbo2008.com\/tr\/wp-json\/wp\/v2\/media\/600"}],"wp:attachment":[{"href":"https:\/\/dongbo2008.com\/tr\/wp-json\/wp\/v2\/media?parent=472"}],"wp:term":[{"taxonomy":"product_brand","embeddable":true,"href":"https:\/\/dongbo2008.com\/tr\/wp-json\/wp\/v2\/product_brand?post=472"},{"taxonomy":"product_cat","embeddable":true,"href":"https:\/\/dongbo2008.com\/tr\/wp-json\/wp\/v2\/product_cat?post=472"},{"taxonomy":"product_tag","embeddable":true,"href":"https:\/\/dongbo2008.com\/tr\/wp-json\/wp\/v2\/product_tag?post=472"}],"curies":[{"name":"wp","href":"https:\/\/api.w.org\/{rel}","templated":true}]}}