{"id":470,"date":"2023-09-30T00:58:29","date_gmt":"2023-09-30T00:58:29","guid":{"rendered":"https:\/\/dongbo2008.com\/?post_type=product&#038;p=470"},"modified":"2024-09-18T02:32:23","modified_gmt":"2024-09-18T02:32:23","slug":"db30","status":"publish","type":"product","link":"https:\/\/dongbo2008.com\/tr\/urun\/db30\/","title":{"rendered":"DB30 \u2013 Bayiler ve Sat\u0131c\u0131lar i\u00e7in En \u0130yi Sahtecilik Dedekt\u00f6rleri"},"content":{"rendered":"<p>El feneri tasar\u0131m\u0131, ultraviyole radyasyon lambas\u0131 ve manyetizmay\u0131 kullanarak sahte paray\u0131 tespit ediyor.<\/p>","protected":false},"excerpt":{"rendered":"<p>Gerilim: Mini pil<br \/>\nBoyut: 140mm\u00d788mm\u00d730mm<br \/>\nAmbalaj: 30 adet\/koli, 470mm\u00d7340mm\u00d7460mm<br \/>\nBr\u00fct A\u011f\u0131rl\u0131k :11kg<br \/>\nAdedi: 1000 adet<\/p>","protected":false},"featured_media":471,"template":"","meta":[],"product_brand":[],"product_cat":[20],"product_tag":[],"class_list":{"0":"post-470","1":"product","2":"type-product","3":"status-publish","4":"has-post-thumbnail","6":"product_cat-counterfeit-detector-series","8":"first","9":"instock","10":"shipping-taxable","11":"product-type-simple"},"_links":{"self":[{"href":"https:\/\/dongbo2008.com\/tr\/wp-json\/wp\/v2\/product\/470","targetHints":{"allow":["GET"]}}],"collection":[{"href":"https:\/\/dongbo2008.com\/tr\/wp-json\/wp\/v2\/product"}],"about":[{"href":"https:\/\/dongbo2008.com\/tr\/wp-json\/wp\/v2\/types\/product"}],"wp:featuredmedia":[{"embeddable":true,"href":"https:\/\/dongbo2008.com\/tr\/wp-json\/wp\/v2\/media\/471"}],"wp:attachment":[{"href":"https:\/\/dongbo2008.com\/tr\/wp-json\/wp\/v2\/media?parent=470"}],"wp:term":[{"taxonomy":"product_brand","embeddable":true,"href":"https:\/\/dongbo2008.com\/tr\/wp-json\/wp\/v2\/product_brand?post=470"},{"taxonomy":"product_cat","embeddable":true,"href":"https:\/\/dongbo2008.com\/tr\/wp-json\/wp\/v2\/product_cat?post=470"},{"taxonomy":"product_tag","embeddable":true,"href":"https:\/\/dongbo2008.com\/tr\/wp-json\/wp\/v2\/product_tag?post=470"}],"curies":[{"name":"wp","href":"https:\/\/api.w.org\/{rel}","templated":true}]}}