{"id":460,"date":"2023-09-30T01:46:25","date_gmt":"2023-09-30T01:46:25","guid":{"rendered":"https:\/\/dongbo2008.com\/?post_type=product&#038;p=460"},"modified":"2024-09-18T02:41:02","modified_gmt":"2024-09-18T02:41:02","slug":"db323","status":"publish","type":"product","link":"https:\/\/dongbo2008.com\/tr\/urun\/db323\/","title":{"rendered":"DB323 \u2013 Toptan ve Da\u011f\u0131t\u0131m i\u00e7in En \u0130yi Sahtecilik Dedekt\u00f6rleri"},"content":{"rendered":"<p><img fetchpriority=\"high\" decoding=\"async\" class=\"alignnone size-full wp-image-461\" src=\"https:\/\/dongbo2008.com\/wp-content\/uploads\/2023\/09\/DB323.jpg\" alt=\"\" width=\"2480\" height=\"2129\" srcset=\"https:\/\/dongbo2008.com\/wp-content\/uploads\/2023\/09\/DB323.jpg 2480w, https:\/\/dongbo2008.com\/wp-content\/uploads\/2023\/09\/DB323-300x258.jpg 300w, https:\/\/dongbo2008.com\/wp-content\/uploads\/2023\/09\/DB323-1024x879.jpg 1024w, https:\/\/dongbo2008.com\/wp-content\/uploads\/2023\/09\/DB323-768x659.jpg 768w, https:\/\/dongbo2008.com\/wp-content\/uploads\/2023\/09\/DB323-1536x1319.jpg 1536w, https:\/\/dongbo2008.com\/wp-content\/uploads\/2023\/09\/DB323-2048x1758.jpg 2048w, https:\/\/dongbo2008.com\/wp-content\/uploads\/2023\/09\/DB323-600x515.jpg 600w\" sizes=\"(max-width: 2480px) 100vw, 2480px\" \/><\/p>","protected":false},"excerpt":{"rendered":"<p>Mevcut para birimleri: En fazla 6 \u00e7e\u015fit para birimi, EURO, USD ve di\u011ferleri<br \/>\nEkleme y\u00f6n\u00fc: tek y\u00f6n<br \/>\nAlg\u0131lama h\u0131z\u0131: &lt;0,5 saniye\/par\u00e7a<br \/>\nEkran tipi: LED<br \/>\nSahte tespiti: IR, MG, filigran<br \/>\nF\u0131rlatma y\u00f6n\u00fc: Arka veya \u00f6n<br \/>\nBa\u011flant\u0131 aray\u00fcz\u00fc: RJ11 (Ay\u0131rt Ediciyi g\u00fcncellemek i\u00e7in PC&#039;ye ba\u011flan\u0131n)<br \/>\nG\u00fc\u00e7 kayna\u011f\u0131: Adapt\u00f6r, giri\u015f: AC100V~240V, 50\/60Hz; \u00c7\u0131k\u0131\u015f DC12V, 1A<br \/>\nPil (iste\u011fe ba\u011fl\u0131): \u015earj Edilebilir Lityum iyon 12V, 700mAH (yakla\u015f\u0131k 2500 adet banknotu tespit edin)<br \/>\nG\u00fc\u00e7 t\u00fcketimi: Beklemede, &lt;1W; \u00c7al\u0131\u015fma: &lt; 10W<br \/>\nOrtam s\u0131cakl\u0131\u011f\u0131: 0\u00b0C~40\u00b0C<br \/>\nBa\u011f\u0131l nem: 30%~80%<br \/>\nBoyut: 200mmx115mmx76mm<br \/>\nNet A\u011f\u0131rl\u0131k: 0,6 kg<br \/>\nAmbalaj: 12 adet\/koli, 540mmx385mmx315mm<br \/>\nBr\u00fct A\u011f\u0131rl\u0131k: 12kg<\/p>","protected":false},"featured_media":462,"template":"","meta":[],"product_brand":[],"product_cat":[20],"product_tag":[],"class_list":{"0":"post-460","1":"product","2":"type-product","3":"status-publish","4":"has-post-thumbnail","6":"product_cat-counterfeit-detector-series","8":"first","9":"instock","10":"shipping-taxable","11":"product-type-simple"},"_links":{"self":[{"href":"https:\/\/dongbo2008.com\/tr\/wp-json\/wp\/v2\/product\/460","targetHints":{"allow":["GET"]}}],"collection":[{"href":"https:\/\/dongbo2008.com\/tr\/wp-json\/wp\/v2\/product"}],"about":[{"href":"https:\/\/dongbo2008.com\/tr\/wp-json\/wp\/v2\/types\/product"}],"wp:featuredmedia":[{"embeddable":true,"href":"https:\/\/dongbo2008.com\/tr\/wp-json\/wp\/v2\/media\/462"}],"wp:attachment":[{"href":"https:\/\/dongbo2008.com\/tr\/wp-json\/wp\/v2\/media?parent=460"}],"wp:term":[{"taxonomy":"product_brand","embeddable":true,"href":"https:\/\/dongbo2008.com\/tr\/wp-json\/wp\/v2\/product_brand?post=460"},{"taxonomy":"product_cat","embeddable":true,"href":"https:\/\/dongbo2008.com\/tr\/wp-json\/wp\/v2\/product_cat?post=460"},{"taxonomy":"product_tag","embeddable":true,"href":"https:\/\/dongbo2008.com\/tr\/wp-json\/wp\/v2\/product_tag?post=460"}],"curies":[{"name":"wp","href":"https:\/\/api.w.org\/{rel}","templated":true}]}}