{"id":451,"date":"2023-09-30T00:53:12","date_gmt":"2023-09-30T00:53:12","guid":{"rendered":"https:\/\/dongbo2008.com\/?post_type=product&#038;p=451"},"modified":"2024-09-18T02:31:08","modified_gmt":"2024-09-18T02:31:08","slug":"db380","status":"publish","type":"product","link":"https:\/\/dongbo2008.com\/tr\/urun\/db380\/","title":{"rendered":"DB380 \u2013 Bankalar \u0130\u00e7in En \u0130yi Madeni Para Sayma Makineleri: \u00dcreticinin Se\u00e7imi"},"content":{"rendered":"<p><iframe title=\"YouTube video oynat\u0131c\u0131s\u0131\" src=\"https:\/\/www.youtube.com\/embed\/xBOmqUzgL3M?si=WoliWVFMFkRtB1yU\" width=\"100%\" height=\"500\" frameborder=\"0\" allowfullscreen=\"allowfullscreen\"><span data-mce-type=\"bookmark\" style=\"display: inline-block; width: 0px; overflow: hidden; line-height: 0;\" class=\"mce_SELRES_start\"><\/span><\/iframe><\/p>\n<p><img fetchpriority=\"high\" decoding=\"async\" class=\"alignnone size-full wp-image-452\" src=\"https:\/\/dongbo2008.com\/wp-content\/uploads\/2023\/09\/DB380.jpg\" alt=\"\" width=\"1932\" height=\"2504\" srcset=\"https:\/\/dongbo2008.com\/wp-content\/uploads\/2023\/09\/DB380.jpg 1932w, https:\/\/dongbo2008.com\/wp-content\/uploads\/2023\/09\/DB380-231x300.jpg 231w, https:\/\/dongbo2008.com\/wp-content\/uploads\/2023\/09\/DB380-790x1024.jpg 790w, https:\/\/dongbo2008.com\/wp-content\/uploads\/2023\/09\/DB380-768x995.jpg 768w, https:\/\/dongbo2008.com\/wp-content\/uploads\/2023\/09\/DB380-1185x1536.jpg 1185w, https:\/\/dongbo2008.com\/wp-content\/uploads\/2023\/09\/DB380-1580x2048.jpg 1580w, https:\/\/dongbo2008.com\/wp-content\/uploads\/2023\/09\/DB380-600x778.jpg 600w\" sizes=\"(max-width: 1932px) 100vw, 1932px\" \/><\/p>","protected":false},"excerpt":{"rendered":"<p>Ortam S\u0131cakl\u0131\u011f\u0131: 0\u00b0C~40\u00b0C<br \/>\nOrtam Nemi: 30~80%<br \/>\nHazne Kapasitesi: 300~500 adet<br \/>\nMadeni para kab\u0131 alma kapasitesi: 80~150 adet<br \/>\nSayma h\u0131z\u0131: 330 par\u00e7a\/dakikaya kadar (MAX.)<br \/>\nToplu \u00d6n Ayar Numaras\u0131 Ekran\u0131: 3 haneli LCD<br \/>\nSayma Say\u0131s\u0131 G\u00f6stergesi: 5 haneli LCD<br \/>\nDe\u011fer Sayma Say\u0131s\u0131 G\u00f6stergesi: 9 haneli LCD<br \/>\nYaz\u0131c\u0131 ba\u011flant\u0131 noktas\u0131: Termal yaz\u0131c\u0131 i\u00e7in RS232 seri ba\u011flant\u0131 noktas\u0131<br \/>\nG\u00fc\u00e7 Kayna\u011f\u0131: AC220V\/50Hz veya AC110V\/60Hz<br \/>\nG\u00fc\u00e7 T\u00fcketimi: 45W (MAKS.)<br \/>\nboyut: 355mm\u00d7330mm\u00d7266mm<br \/>\nNet A\u011f\u0131rl\u0131k: 4,5 kg<\/p>","protected":false},"featured_media":453,"template":"","meta":[],"product_brand":[],"product_cat":[21],"product_tag":[],"class_list":{"0":"post-451","1":"product","2":"type-product","3":"status-publish","4":"has-post-thumbnail","6":"product_cat-coin-counter-series","8":"first","9":"instock","10":"shipping-taxable","11":"product-type-simple"},"_links":{"self":[{"href":"https:\/\/dongbo2008.com\/tr\/wp-json\/wp\/v2\/product\/451","targetHints":{"allow":["GET"]}}],"collection":[{"href":"https:\/\/dongbo2008.com\/tr\/wp-json\/wp\/v2\/product"}],"about":[{"href":"https:\/\/dongbo2008.com\/tr\/wp-json\/wp\/v2\/types\/product"}],"wp:featuredmedia":[{"embeddable":true,"href":"https:\/\/dongbo2008.com\/tr\/wp-json\/wp\/v2\/media\/453"}],"wp:attachment":[{"href":"https:\/\/dongbo2008.com\/tr\/wp-json\/wp\/v2\/media?parent=451"}],"wp:term":[{"taxonomy":"product_brand","embeddable":true,"href":"https:\/\/dongbo2008.com\/tr\/wp-json\/wp\/v2\/product_brand?post=451"},{"taxonomy":"product_cat","embeddable":true,"href":"https:\/\/dongbo2008.com\/tr\/wp-json\/wp\/v2\/product_cat?post=451"},{"taxonomy":"product_tag","embeddable":true,"href":"https:\/\/dongbo2008.com\/tr\/wp-json\/wp\/v2\/product_tag?post=451"}],"curies":[{"name":"wp","href":"https:\/\/api.w.org\/{rel}","templated":true}]}}