{"id":439,"date":"2023-09-30T00:46:51","date_gmt":"2023-09-30T00:46:51","guid":{"rendered":"https:\/\/dongbo2008.com\/?post_type=product&#038;p=439"},"modified":"2024-09-18T02:28:38","modified_gmt":"2024-09-18T02:28:38","slug":"db310","status":"publish","type":"product","link":"https:\/\/dongbo2008.com\/tr\/urun\/db310\/","title":{"rendered":"DB310 \u2013 \u00d6nde Gelen \u00c7inli \u00dcreticilerden Maliyet Etkin \u00c7ek Yaz\u0131c\u0131lar\u0131"},"content":{"rendered":"<p>EUR, GBP, USD, RMB, HKD vb. gibi 5 farkl\u0131 para birimi kodunu yazd\u0131r\u0131n.<br \/>\nKlavye kullan\u0131m\u0131, h\u0131zl\u0131 ve do\u011fru kullan\u0131m<br \/>\n14 haneli LCD ekran, net ve numaray\u0131 kontrol etmek kolay<br \/>\n\u015eeffaf kabartmal\u0131 \u015fekiller ve \u00f6zel m\u00fcrekkep, de\u011fi\u015fiklik veya tahrifata kar\u015f\u0131 koruma sa\u011flar<br \/>\nD\u00fczenlenen \u00e7ek adedi ve toplam tutar otomatik olarak haf\u0131zaya al\u0131n\u0131r<br \/>\nAyn\u0131 miktar tekrar tekrar yazd\u0131r\u0131labilir, ikinci bir giri\u015fe gerek yoktur<br \/>\nKontrol ayarlanarak yazma konumu serbesttir<br \/>\nYanl\u0131\u015f girilen rakamlar\u0131 d\u00fczeltmek i\u00e7in &quot;Geri Al&quot; tu\u015fu<br \/>\nHesap makinesi olarak kullan\u0131labilir. Hesaplama an\u0131nda yazd\u0131r\u0131labilir<\/p>","protected":false},"excerpt":{"rendered":"<p>EUR, GBP, USD, HKD vb. gibi 5 farkl\u0131 para birimi kodunu yazd\u0131r\u0131n<\/p>\n<p>Boyut: 245mmx185mmx105mm<br \/>\nNet A\u011f\u0131rl\u0131k: 2,2 kg<br \/>\nAmbalaj: 4 adet\/karton<br \/>\nKarton Boyutu: 520mmx300mmx345mm<br \/>\nBr\u00fct A\u011f\u0131rl\u0131k: 11,2 kg<br \/>\nG\u00fc\u00e7 kayna\u011f\u0131: AC110V, 60Hz veya AC220V, 50Hz<br \/>\nG\u00fc\u00e7 t\u00fcketimi: \u00c7al\u0131\u015fma s\u0131ras\u0131nda 20W<\/p>","protected":false},"featured_media":630,"template":"","meta":[],"product_brand":[],"product_cat":[19],"product_tag":[],"class_list":{"0":"post-439","1":"product","2":"type-product","3":"status-publish","4":"has-post-thumbnail","6":"product_cat-check-writer-series","8":"first","9":"instock","10":"shipping-taxable","11":"product-type-simple"},"_links":{"self":[{"href":"https:\/\/dongbo2008.com\/tr\/wp-json\/wp\/v2\/product\/439","targetHints":{"allow":["GET"]}}],"collection":[{"href":"https:\/\/dongbo2008.com\/tr\/wp-json\/wp\/v2\/product"}],"about":[{"href":"https:\/\/dongbo2008.com\/tr\/wp-json\/wp\/v2\/types\/product"}],"wp:featuredmedia":[{"embeddable":true,"href":"https:\/\/dongbo2008.com\/tr\/wp-json\/wp\/v2\/media\/630"}],"wp:attachment":[{"href":"https:\/\/dongbo2008.com\/tr\/wp-json\/wp\/v2\/media?parent=439"}],"wp:term":[{"taxonomy":"product_brand","embeddable":true,"href":"https:\/\/dongbo2008.com\/tr\/wp-json\/wp\/v2\/product_brand?post=439"},{"taxonomy":"product_cat","embeddable":true,"href":"https:\/\/dongbo2008.com\/tr\/wp-json\/wp\/v2\/product_cat?post=439"},{"taxonomy":"product_tag","embeddable":true,"href":"https:\/\/dongbo2008.com\/tr\/wp-json\/wp\/v2\/product_tag?post=439"}],"curies":[{"name":"wp","href":"https:\/\/api.w.org\/{rel}","templated":true}]}}