{"id":423,"date":"2023-09-28T03:11:30","date_gmt":"2023-09-28T03:11:30","guid":{"rendered":"https:\/\/dongbo2008.com\/?post_type=product&#038;p=423"},"modified":"2024-09-18T02:26:35","modified_gmt":"2024-09-18T02:26:35","slug":"db150","status":"publish","type":"product","link":"https:\/\/dongbo2008.com\/tr\/urun\/db150\/","title":{"rendered":"DB150 \u2013 D\u00f6viz Say\u0131c\u0131 Serisi: \u00dcretim Toptanc\u0131lar\u0131 i\u00e7in \u0130deal"},"content":{"rendered":"<p><strong>\u015e\u0130MD\u0130 \u0130LG\u0130N\u0130Z\u0130 SE\u00c7\u0130N<\/strong><\/p>\n<table border=\"1\" cellspacing=\"0\" cellpadding=\"1\">\n<tbody>\n<tr>\n<td><strong>MODEL\u0130<\/strong><\/td>\n<td><strong>OPS\u0130YONEL FONKS\u0130YONLAR<\/strong><\/td>\n<\/tr>\n<tr>\n<td>DB150<\/td>\n<td>Temel Model, Temel Fonksiyonlar<\/td>\n<\/tr>\n<tr>\n<td>DB150UV<\/td>\n<td>UV Alg\u0131lama<\/td>\n<\/tr>\n<tr>\n<td>DB150 MG<\/td>\n<td>MG Tespiti<\/td>\n<\/tr>\n<tr>\n<td>DB150 UV MG<\/td>\n<td>UV MG Tespiti<\/td>\n<\/tr>\n<\/tbody>\n<\/table>\n<p><img fetchpriority=\"high\" decoding=\"async\" class=\"alignnone size-full wp-image-424\" src=\"https:\/\/dongbo2008.com\/wp-content\/uploads\/2023\/09\/DB150.jpg\" alt=\"\" width=\"960\" height=\"1479\" srcset=\"https:\/\/dongbo2008.com\/wp-content\/uploads\/2023\/09\/DB150.jpg 960w, https:\/\/dongbo2008.com\/wp-content\/uploads\/2023\/09\/DB150-195x300.jpg 195w, https:\/\/dongbo2008.com\/wp-content\/uploads\/2023\/09\/DB150-665x1024.jpg 665w, https:\/\/dongbo2008.com\/wp-content\/uploads\/2023\/09\/DB150-768x1183.jpg 768w, https:\/\/dongbo2008.com\/wp-content\/uploads\/2023\/09\/DB150-600x924.jpg 600w\" sizes=\"(max-width: 960px) 100vw, 960px\" \/><\/p>","protected":false},"excerpt":{"rendered":"<p>Ba\u015flatan kelime, Yeni anlay\u0131\u015f, Yeni tasar\u0131m.<\/p>\n<p>Ortam S\u0131cakl\u0131\u011f\u0131: 0\u00b0C~40\u00b0C<br \/>\nOrtam Nemi: 30~80%<br \/>\nBesleme Sistemi: Makaral\u0131 S\u00fcrt\u00fcnme Sistemi<br \/>\nHazne Kapasitesi: 200 adet<br \/>\n\u0130stifleyici Kapasitesi: 200 adet<br \/>\nSayma H\u0131z\u0131: 1000 adet\/dakika<br \/>\nSay\u0131labilen Notan\u0131n Boyutu: 50\u00d7100~100\u00d7175 (mm)<br \/>\nSay\u0131labilir Notun Kal\u0131nl\u0131\u011f\u0131: 0,06~0,12 (mm)<br \/>\nParti \u00d6n Ayar Numaras\u0131 G\u00f6stergesi: 3 Haneli LED<br \/>\nSayma Say\u0131s\u0131 G\u00f6stergesi: 4 Haneli LED<br \/>\nG\u00fc\u00e7 Kayna\u011f\u0131: AC220V\/50Hz veya AC110V\/60Hz<br \/>\nG\u00fc\u00e7 T\u00fcketimi: &lt;70W<br \/>\nboyut: 289mmx252mmx190mm<br \/>\nNet A\u011f\u0131rl\u0131k: 8.0Kg<br \/>\nY\u00fckseklik alg\u0131lama hassasiyeti: 4\/5\/6\u00b11mm<\/p>","protected":false},"featured_media":425,"template":"","meta":[],"product_brand":[],"product_cat":[18],"product_tag":[],"class_list":{"0":"post-423","1":"product","2":"type-product","3":"status-publish","4":"has-post-thumbnail","6":"product_cat-currency-counter-series","8":"first","9":"instock","10":"shipping-taxable","11":"product-type-simple"},"_links":{"self":[{"href":"https:\/\/dongbo2008.com\/tr\/wp-json\/wp\/v2\/product\/423","targetHints":{"allow":["GET"]}}],"collection":[{"href":"https:\/\/dongbo2008.com\/tr\/wp-json\/wp\/v2\/product"}],"about":[{"href":"https:\/\/dongbo2008.com\/tr\/wp-json\/wp\/v2\/types\/product"}],"wp:featuredmedia":[{"embeddable":true,"href":"https:\/\/dongbo2008.com\/tr\/wp-json\/wp\/v2\/media\/425"}],"wp:attachment":[{"href":"https:\/\/dongbo2008.com\/tr\/wp-json\/wp\/v2\/media?parent=423"}],"wp:term":[{"taxonomy":"product_brand","embeddable":true,"href":"https:\/\/dongbo2008.com\/tr\/wp-json\/wp\/v2\/product_brand?post=423"},{"taxonomy":"product_cat","embeddable":true,"href":"https:\/\/dongbo2008.com\/tr\/wp-json\/wp\/v2\/product_cat?post=423"},{"taxonomy":"product_tag","embeddable":true,"href":"https:\/\/dongbo2008.com\/tr\/wp-json\/wp\/v2\/product_tag?post=423"}],"curies":[{"name":"wp","href":"https:\/\/api.w.org\/{rel}","templated":true}]}}