{"id":418,"date":"2023-10-03T02:41:11","date_gmt":"2023-10-03T02:41:11","guid":{"rendered":"https:\/\/dongbo2008.com\/?post_type=product&#038;p=418"},"modified":"2024-09-18T02:46:10","modified_gmt":"2024-09-18T02:46:10","slug":"db550","status":"publish","type":"product","link":"https:\/\/dongbo2008.com\/tr\/urun\/db550\/","title":{"rendered":"DB550 \u2013 \u00dcretim ve Toptan Sat\u0131\u015f i\u00e7in Y\u00fcksek Performansl\u0131 Para Sayma Makineleri"},"content":{"rendered":"<p><strong>Sayma Modlar\u0131:<\/strong><\/p>\n<p>S\u00fcrekli Say\u0131m Modu,<\/p>\n<p>Toplu Sayma Modu,<\/p>\n<p>De\u011fer Sayma Modu,<\/p>\n<p>Otomatik veya manuel Ba\u015flatma Modu<\/p>\n<p><strong>Alg\u0131lama Modlar\u0131:<\/strong><\/p>\n<p>\u00c7ift Alg\u0131lama, Geni\u015flik Alg\u0131lama, Y\u00fckseklik Alg\u0131lama Modu<\/p>\n<p>UV Sahte Tespit Modu, MG Sahte Tespiti,<\/p>\n<p>Metal \u0130plik Sahtecili\u011fi Tespiti (opsiyonel),<\/p>\n<p>MT-CODE Sahtecilik Tespiti (iste\u011fe ba\u011fl\u0131),<\/p>\n<p>IR Sahte Tespit Modu (iste\u011fe ba\u011fl\u0131)<\/p>\n<p>Bellek Yedekleme: Fonksiyon Ayar Belle\u011fi, Toplu ayar belle\u011fi<\/p>\n<p>Yazd\u0131rma Fonksiyonu: Yaz\u0131c\u0131yla Say\u0131m Sonucu Raporunu Yazd\u0131r (Opsiyon)<\/p>\n<p>Veri aray\u00fcz\u00fc: Mikro USB ba\u011flant\u0131 noktas\u0131 RS-232 seri ba\u011flant\u0131 noktas\u0131<\/p>\n<p>G\u00fc\u00e7 Kayna\u011f\u0131: 100~240 Volt AC, 50\/60HZ<\/p>\n<p>Sigorta Boyutu: 3A<\/p>\n<p>G\u00fc\u00e7 T\u00fcketimi: &lt;55Watt<\/p>\n<p>Boyutlar: 275mm\u00d7227mm\u00d7195mm<\/p>\n<p>A\u011f\u0131rl\u0131k: 6,0 kg<\/p>\n<p>Ortam S\u0131cakl\u0131\u011f\u0131: 0~40\u00b0C<\/p>\n<p>Ba\u011f\u0131l Nem: 30~80%<\/p>\n<p><img fetchpriority=\"high\" decoding=\"async\" class=\"alignnone size-full wp-image-419\" src=\"https:\/\/dongbo2008.com\/wp-content\/uploads\/2023\/09\/DB550-4-scaled.jpg\" alt=\"\" width=\"520\" height=\"2560\" srcset=\"https:\/\/dongbo2008.com\/wp-content\/uploads\/2023\/09\/DB550-4-scaled.jpg 520w, https:\/\/dongbo2008.com\/wp-content\/uploads\/2023\/09\/DB550-4-61x300.jpg 61w, https:\/\/dongbo2008.com\/wp-content\/uploads\/2023\/09\/DB550-4-208x1024.jpg 208w, https:\/\/dongbo2008.com\/wp-content\/uploads\/2023\/09\/DB550-4-768x3779.jpg 768w, https:\/\/dongbo2008.com\/wp-content\/uploads\/2023\/09\/DB550-4-312x1536.jpg 312w, https:\/\/dongbo2008.com\/wp-content\/uploads\/2023\/09\/DB550-4-416x2048.jpg 416w, https:\/\/dongbo2008.com\/wp-content\/uploads\/2023\/09\/DB550-4-600x2953.jpg 600w\" sizes=\"(max-width: 520px) 100vw, 520px\" \/><\/p>","protected":false},"excerpt":{"rendered":"<p>\u00d6nden Y\u00fckleme, y\u00fcksek h\u0131zl\u0131 ve a\u011f\u0131r hizmet tipi banknot sayac\u0131<\/p>\n<p>Besleme sistemi: Makaral\u0131 S\u00fcrt\u00fcnme Sistemi<br \/>\nHazne kapasitesi: 300 sayfa\/not<br \/>\n\u0130stifleyici kapasitesi: 200 sayfa\/not<br \/>\nSay\u0131labilir not: Boyut 50\u00d790~110\u00d7175(mm) Kal\u0131nl\u0131k 0,05~0,15(mm)<br \/>\nSayma h\u0131z\u0131: 600 not\/dak, 1000 not\/dak,<br \/>\n1200 not\/dak, 1600 not\/dak (yaln\u0131zca say\u0131l\u0131yor)<br \/>\nUzak Ekran: Uzak LED Ekranda 6 hane (\u0130ste\u011fe ba\u011fl\u0131)<\/p>","protected":false},"featured_media":610,"template":"","meta":[],"product_brand":[],"product_cat":[18],"product_tag":[],"class_list":{"0":"post-418","1":"product","2":"type-product","3":"status-publish","4":"has-post-thumbnail","6":"product_cat-currency-counter-series","8":"first","9":"instock","10":"shipping-taxable","11":"product-type-simple"},"_links":{"self":[{"href":"https:\/\/dongbo2008.com\/tr\/wp-json\/wp\/v2\/product\/418","targetHints":{"allow":["GET"]}}],"collection":[{"href":"https:\/\/dongbo2008.com\/tr\/wp-json\/wp\/v2\/product"}],"about":[{"href":"https:\/\/dongbo2008.com\/tr\/wp-json\/wp\/v2\/types\/product"}],"wp:featuredmedia":[{"embeddable":true,"href":"https:\/\/dongbo2008.com\/tr\/wp-json\/wp\/v2\/media\/610"}],"wp:attachment":[{"href":"https:\/\/dongbo2008.com\/tr\/wp-json\/wp\/v2\/media?parent=418"}],"wp:term":[{"taxonomy":"product_brand","embeddable":true,"href":"https:\/\/dongbo2008.com\/tr\/wp-json\/wp\/v2\/product_brand?post=418"},{"taxonomy":"product_cat","embeddable":true,"href":"https:\/\/dongbo2008.com\/tr\/wp-json\/wp\/v2\/product_cat?post=418"},{"taxonomy":"product_tag","embeddable":true,"href":"https:\/\/dongbo2008.com\/tr\/wp-json\/wp\/v2\/product_tag?post=418"}],"curies":[{"name":"wp","href":"https:\/\/api.w.org\/{rel}","templated":true}]}}