{"id":178,"date":"2023-09-21T08:24:59","date_gmt":"2023-09-21T08:24:59","guid":{"rendered":"https:\/\/dongbo2008.com\/?post_type=product&#038;p=178"},"modified":"2024-09-18T02:25:18","modified_gmt":"2024-09-18T02:25:18","slug":"db180","status":"publish","type":"product","link":"https:\/\/dongbo2008.com\/tr\/urun\/db180\/","title":{"rendered":"DB180 \u2013 Toplu Tedarik\u00e7iler ve Distrib\u00fct\u00f6rler i\u00e7in En \u0130yi Para Sayma Makineleri"},"content":{"rendered":"<p><img fetchpriority=\"high\" decoding=\"async\" class=\"alignnone size-full wp-image-179\" src=\"https:\/\/dongbo2008.com\/wp-content\/uploads\/2023\/09\/db180-Currency-Counter-Series.jpg\" alt=\"\" width=\"960\" height=\"1628\" srcset=\"https:\/\/dongbo2008.com\/wp-content\/uploads\/2023\/09\/db180-Currency-Counter-Series.jpg 960w, https:\/\/dongbo2008.com\/wp-content\/uploads\/2023\/09\/db180-Currency-Counter-Series-600x1018.jpg 600w, https:\/\/dongbo2008.com\/wp-content\/uploads\/2023\/09\/db180-Currency-Counter-Series-177x300.jpg 177w, https:\/\/dongbo2008.com\/wp-content\/uploads\/2023\/09\/db180-Currency-Counter-Series-604x1024.jpg 604w, https:\/\/dongbo2008.com\/wp-content\/uploads\/2023\/09\/db180-Currency-Counter-Series-768x1302.jpg 768w, https:\/\/dongbo2008.com\/wp-content\/uploads\/2023\/09\/db180-Currency-Counter-Series-906x1536.jpg 906w\" sizes=\"(max-width: 960px) 100vw, 960px\" \/><\/p>","protected":false},"excerpt":{"rendered":"<p>Ortam S\u0131cakl\u0131\u011f\u0131: 0\u00b0C~40\u00b0C<br \/>\nOrtam Nemi: ~80<br \/>\nBesleme Sistemi: Makaral\u0131 S\u00fcrt\u00fcnme Sistemi<br \/>\nHazne Kapasitesi: 200 adet<br \/>\n\u0130stifleyici Kapasitesi: 200 adet<br \/>\nSayma H\u0131z\u0131: 1000 adet\/dakika<br \/>\nSay\u0131labilir Notun Boyutu: 50\u00d7100~100\u00d7182(mm)<br \/>\nSay\u0131labilir Notun Kal\u0131nl\u0131\u011f\u0131: 0,06~0,12(mm)<br \/>\nY\u00fckseklik alg\u0131lama hassasiyeti: 4\/5\/6 \u00b11mm<br \/>\nGrup \u00d6n Ayar Numaras\u0131n\u0131n G\u00f6sterimi: 3 haneli LED<br \/>\nSayma Numaras\u0131n\u0131n G\u00f6sterimi: 4 haneli LED<br \/>\nG\u00fc\u00e7 Kayna\u011f\u0131: AC220V\/50Hz veya AC110V\/60Hz<br \/>\nG\u00fc\u00e7 T\u00fcketimi: 45W<br \/>\nboyut: 279 mm \u00d7 272 mm \u00d7 210 mm<br \/>\nNet A\u011f\u0131rl\u0131k: 6.0kg<\/p>","protected":false},"featured_media":183,"template":"","meta":[],"product_brand":[],"product_cat":[18],"product_tag":[],"class_list":{"0":"post-178","1":"product","2":"type-product","3":"status-publish","4":"has-post-thumbnail","6":"product_cat-currency-counter-series","8":"first","9":"instock","10":"shipping-taxable","11":"product-type-simple"},"_links":{"self":[{"href":"https:\/\/dongbo2008.com\/tr\/wp-json\/wp\/v2\/product\/178","targetHints":{"allow":["GET"]}}],"collection":[{"href":"https:\/\/dongbo2008.com\/tr\/wp-json\/wp\/v2\/product"}],"about":[{"href":"https:\/\/dongbo2008.com\/tr\/wp-json\/wp\/v2\/types\/product"}],"wp:featuredmedia":[{"embeddable":true,"href":"https:\/\/dongbo2008.com\/tr\/wp-json\/wp\/v2\/media\/183"}],"wp:attachment":[{"href":"https:\/\/dongbo2008.com\/tr\/wp-json\/wp\/v2\/media?parent=178"}],"wp:term":[{"taxonomy":"product_brand","embeddable":true,"href":"https:\/\/dongbo2008.com\/tr\/wp-json\/wp\/v2\/product_brand?post=178"},{"taxonomy":"product_cat","embeddable":true,"href":"https:\/\/dongbo2008.com\/tr\/wp-json\/wp\/v2\/product_cat?post=178"},{"taxonomy":"product_tag","embeddable":true,"href":"https:\/\/dongbo2008.com\/tr\/wp-json\/wp\/v2\/product_tag?post=178"}],"curies":[{"name":"wp","href":"https:\/\/api.w.org\/{rel}","templated":true}]}}