{"id":12,"date":"2023-09-20T02:44:15","date_gmt":"2023-09-20T02:44:15","guid":{"rendered":"https:\/\/dongbo2008.com\/?page_id=12"},"modified":"2023-09-28T01:56:30","modified_gmt":"2023-09-28T01:56:30","slug":"about-us","status":"publish","type":"page","link":"https:\/\/dongbo2008.com\/tr\/hakkimizda\/","title":{"rendered":"Hakk\u0131m\u0131zda"},"content":{"rendered":"<div data-elementor-type=\"wp-page\" data-elementor-id=\"12\" class=\"elementor elementor-12\" data-elementor-post-type=\"page\">\n\t\t\t\t\t\t<section class=\"elementor-section elementor-top-section elementor-element elementor-element-7148217f elementor-section-height-min-height elementor-section-boxed elementor-section-height-default elementor-section-items-middle\" data-id=\"7148217f\" data-element_type=\"section\" data-e-type=\"section\" data-settings=\"{&quot;background_background&quot;:&quot;classic&quot;}\">\n\t\t\t\t\t\t\t<div class=\"elementor-background-overlay\"><\/div>\n\t\t\t\t\t\t\t<div class=\"elementor-container elementor-column-gap-default\">\n\t\t\t\t\t<div class=\"elementor-column elementor-col-100 elementor-top-column elementor-element elementor-element-4f045eb0\" data-id=\"4f045eb0\" data-element_type=\"column\" data-e-type=\"column\">\n\t\t\t<div class=\"elementor-widget-wrap elementor-element-populated\">\n\t\t\t\t\t\t<div class=\"elementor-element elementor-element-4e060ece elementor-widget elementor-widget-woocommerce-breadcrumb\" data-id=\"4e060ece\" data-element_type=\"widget\" data-e-type=\"widget\" data-widget_type=\"woocommerce-breadcrumb.default\">\n\t\t\t\t<div class=\"elementor-widget-container\">\n\t\t\t\t\t<nav class=\"woocommerce-breadcrumb\" aria-label=\"Breadcrumb\" data-no-translation=\"\" data-trp-gettext=\"\">Ba\u015flang\u0131\u00e7<\/nav>\t\t\t\t<\/div>\n\t\t\t\t<\/div>\n\t\t\t\t\t<\/div>\n\t\t<\/div>\n\t\t\t\t\t<\/div>\n\t\t<\/section>\n\t\t\t\t<section class=\"elementor-section elementor-top-section elementor-element elementor-element-59d6c01 elementor-section-boxed elementor-section-height-default elementor-section-height-default\" data-id=\"59d6c01\" data-element_type=\"section\" data-e-type=\"section\">\n\t\t\t\t\t\t<div class=\"elementor-container elementor-column-gap-default\">\n\t\t\t\t\t<div class=\"elementor-column elementor-col-100 elementor-top-column elementor-element elementor-element-14d17fc\" data-id=\"14d17fc\" data-element_type=\"column\" data-e-type=\"column\">\n\t\t\t<div class=\"elementor-widget-wrap elementor-element-populated\">\n\t\t\t\t\t\t<div class=\"elementor-element elementor-element-54c3d0b elementor-widget elementor-widget-heading\" data-id=\"54c3d0b\" data-element_type=\"widget\" data-e-type=\"widget\" data-widget_type=\"heading.default\">\n\t\t\t\t<div class=\"elementor-widget-container\">\n\t\t\t\t\t<h2 class=\"elementor-heading-title elementor-size-default\">Dongbo&#039;ya ho\u015f geldiniz!<\/h2>\t\t\t\t<\/div>\n\t\t\t\t<\/div>\n\t\t\t\t<div class=\"elementor-element elementor-element-73509ee elementor-widget elementor-widget-heading\" data-id=\"73509ee\" data-element_type=\"widget\" data-e-type=\"widget\" data-widget_type=\"heading.default\">\n\t\t\t\t<div class=\"elementor-widget-container\">\n\t\t\t\t\t<h2 class=\"elementor-heading-title elementor-size-default\">Zhongshan Dongbo Finansal Cihazlar Co, Ltd\n\n<\/h2>\t\t\t\t<\/div>\n\t\t\t\t<\/div>\n\t\t\t\t<div class=\"elementor-element elementor-element-8695ce8 elementor-widget-divider--view-line elementor-widget elementor-widget-divider\" data-id=\"8695ce8\" data-element_type=\"widget\" data-e-type=\"widget\" data-widget_type=\"divider.default\">\n\t\t\t\t<div class=\"elementor-widget-container\">\n\t\t\t\t\t\t\t<div class=\"elementor-divider\">\n\t\t\t<span class=\"elementor-divider-separator\">\n\t\t\t\t\t\t<\/span>\n\t\t<\/div>\n\t\t\t\t\t\t<\/div>\n\t\t\t\t<\/div>\n\t\t\t\t<div class=\"elementor-element elementor-element-f6dce86 elementor-widget elementor-widget-text-editor\" data-id=\"f6dce86\" data-element_type=\"widget\" data-e-type=\"widget\" data-widget_type=\"text-editor.default\">\n\t\t\t\t<div class=\"elementor-widget-container\">\n\t\t\t\t\t\t\t\t\t<p>Zhongshan Dongbo Finansal Cihazlar Co, Ltd Dongbo&#039;ya ho\u015f geldiniz! 1991 y\u0131l\u0131nda kurulan Dongbo, nakit ta\u015f\u0131ma ekipmanlar\u0131n\u0131n ara\u015ft\u0131rma, geli\u015ftirme, \u00fcretim, sat\u0131\u015f ve servis sonras\u0131 hizmetlerini birle\u015ftiren alanda uzmanla\u015fm\u0131\u015f ilk kapsaml\u0131 y\u00fcksek teknoloji kurulu\u015flar\u0131ndan biridir.<\/p><p>Bozuk para sayma makinesi ve s\u0131ralay\u0131c\u0131, banknot sayma makinesi, para dedekt\u00f6r\u00fc, \u00e7ek yaz\u0131c\u0131s\u0131 vb. Konular\u0131na odaklan\u0131yoruz. 1991 y\u0131l\u0131nda, kurulu\u015f ilk kuruldu\u011funda, ba\u011f\u0131ms\u0131z olarak geli\u015ftirdi\u011fimiz projemiz Torch Program\u0131nda listelendi ve d\u00f6rt faydal\u0131 model patenti, on iki tasar\u0131m patenti ald\u0131. 1997 y\u0131l\u0131nda Guangdong Eyalet H\u00fck\u00fcmeti bizi y\u00fcksek teknoloji i\u015fletmeleri olarak tan\u0131mlad\u0131. G\u00fc\u00e7l\u00fc teknik g\u00fcc\u00fcne g\u00fcvenen \u015firket, yurt i\u00e7inde sekt\u00f6rde lider konumunu s\u00fcrd\u00fcr\u00fcyor.<\/p><p>ISO9001:2008 uluslararas\u0131 kalite sistemi kimlik do\u011frulamas\u0131n\u0131 ge\u00e7tik. \u00dcr\u00fcnler CCC sertifikas\u0131 ile onaylanm\u0131\u015ft\u0131r ve CE, RoHS, SASO, IEC60950 dahil olmak \u00fczere Uluslararas\u0131 sertifikalar\u0131 almaktad\u0131r. Banknot sayac\u0131 ve para dedekt\u00f6r\u00fcn\u00fcn tamam\u0131 Avrupa Merkez Bankas\u0131&#039;nda ECB testinden ge\u00e7mi\u015ftir. Servis sonras\u0131 a\u011f\u0131m\u0131z, m\u00fc\u015fterilerin Dongbo \u00fcr\u00fcnlerinden en iyi \u015fekilde yararlanmas\u0131na yard\u0131mc\u0131 olmaya kendini adam\u0131\u015f, g\u00fcler y\u00fczl\u00fc, profesyonel uzmanlardan olu\u015fan geni\u015f bir kadrodan olu\u015fmaktad\u0131r.<\/p>\t\t\t\t\t\t\t\t<\/div>\n\t\t\t\t<\/div>\n\t\t\t\t\t<\/div>\n\t\t<\/div>\n\t\t\t\t\t<\/div>\n\t\t<\/section>\n\t\t\t\t<section class=\"elementor-section elementor-top-section elementor-element elementor-element-f6a8642 elementor-section-boxed elementor-section-height-default elementor-section-height-default\" data-id=\"f6a8642\" data-element_type=\"section\" data-e-type=\"section\">\n\t\t\t\t\t\t<div class=\"elementor-container elementor-column-gap-default\">\n\t\t\t\t\t<div class=\"elementor-column elementor-col-100 elementor-top-column elementor-element elementor-element-bb8e596\" data-id=\"bb8e596\" data-element_type=\"column\" data-e-type=\"column\">\n\t\t\t<div class=\"elementor-widget-wrap elementor-element-populated\">\n\t\t\t\t\t\t<div class=\"elementor-element elementor-element-a08c720 gallery-spacing-custom elementor-widget elementor-widget-image-gallery\" data-id=\"a08c720\" data-element_type=\"widget\" data-e-type=\"widget\" data-widget_type=\"image-gallery.default\">\n\t\t\t\t<div class=\"elementor-widget-container\">\n\t\t\t\t\t\t\t<div class=\"elementor-image-gallery\">\n\t\t\t<div id='gallery-1' class='gallery galleryid-12 gallery-columns-3 gallery-size-medium_large'><figure class='gallery-item'>\n\t\t\t<div class='gallery-icon landscape'>\n\t\t\t\t<img fetchpriority=\"high\" decoding=\"async\" width=\"768\" height=\"768\" src=\"https:\/\/dongbo2008.com\/wp-content\/uploads\/2023\/09\/A-corner-of-the-factory-768x768.jpg\" class=\"attachment-medium_large size-medium_large\" alt=\"Fabrikan\u0131n bir k\u00f6\u015fesi\" aria-describedby=\"gallery-1-398\" srcset=\"https:\/\/dongbo2008.com\/wp-content\/uploads\/2023\/09\/A-corner-of-the-factory-768x768.jpg 768w, https:\/\/dongbo2008.com\/wp-content\/uploads\/2023\/09\/A-corner-of-the-factory-300x300.jpg 300w, https:\/\/dongbo2008.com\/wp-content\/uploads\/2023\/09\/A-corner-of-the-factory-150x150.jpg 150w, https:\/\/dongbo2008.com\/wp-content\/uploads\/2023\/09\/A-corner-of-the-factory-600x600.jpg 600w, https:\/\/dongbo2008.com\/wp-content\/uploads\/2023\/09\/A-corner-of-the-factory-100x100.jpg 100w, https:\/\/dongbo2008.com\/wp-content\/uploads\/2023\/09\/A-corner-of-the-factory.jpg 800w\" sizes=\"(max-width: 768px) 100vw, 768px\" \/>\n\t\t\t<\/div>\n\t\t\t\t<figcaption class='wp-caption-text gallery-caption' id='gallery-1-398'>\n\t\t\t\tFabrikan\u0131n bir k\u00f6\u015fesi\n\t\t\t\t<\/figcaption><\/figure><figure class='gallery-item'>\n\t\t\t<div class='gallery-icon landscape'>\n\t\t\t\t<img decoding=\"async\" width=\"768\" height=\"768\" src=\"https:\/\/dongbo2008.com\/wp-content\/uploads\/2023\/09\/Company-front-desk-768x768.jpg\" class=\"attachment-medium_large size-medium_large\" alt=\"\u015eirket \u00f6n b\u00fcro\" aria-describedby=\"gallery-1-399\" srcset=\"https:\/\/dongbo2008.com\/wp-content\/uploads\/2023\/09\/Company-front-desk-768x768.jpg 768w, https:\/\/dongbo2008.com\/wp-content\/uploads\/2023\/09\/Company-front-desk-300x300.jpg 300w, https:\/\/dongbo2008.com\/wp-content\/uploads\/2023\/09\/Company-front-desk-150x150.jpg 150w, https:\/\/dongbo2008.com\/wp-content\/uploads\/2023\/09\/Company-front-desk-600x600.jpg 600w, https:\/\/dongbo2008.com\/wp-content\/uploads\/2023\/09\/Company-front-desk-100x100.jpg 100w, https:\/\/dongbo2008.com\/wp-content\/uploads\/2023\/09\/Company-front-desk.jpg 800w\" sizes=\"(max-width: 768px) 100vw, 768px\" \/>\n\t\t\t<\/div>\n\t\t\t\t<figcaption class='wp-caption-text gallery-caption' id='gallery-1-399'>\n\t\t\t\t\u015eirket \u00f6n b\u00fcro\n\t\t\t\t<\/figcaption><\/figure><figure class='gallery-item'>\n\t\t\t<div class='gallery-icon landscape'>\n\t\t\t\t<img decoding=\"async\" width=\"768\" height=\"768\" src=\"https:\/\/dongbo2008.com\/wp-content\/uploads\/2023\/09\/Item-display-768x768.jpg\" class=\"attachment-medium_large size-medium_large\" alt=\"\u00d6\u011fe ekran\u0131\" aria-describedby=\"gallery-1-400\" srcset=\"https:\/\/dongbo2008.com\/wp-content\/uploads\/2023\/09\/Item-display-768x768.jpg 768w, https:\/\/dongbo2008.com\/wp-content\/uploads\/2023\/09\/Item-display-300x300.jpg 300w, https:\/\/dongbo2008.com\/wp-content\/uploads\/2023\/09\/Item-display-150x150.jpg 150w, https:\/\/dongbo2008.com\/wp-content\/uploads\/2023\/09\/Item-display-600x600.jpg 600w, https:\/\/dongbo2008.com\/wp-content\/uploads\/2023\/09\/Item-display-100x100.jpg 100w, https:\/\/dongbo2008.com\/wp-content\/uploads\/2023\/09\/Item-display.jpg 800w\" sizes=\"(max-width: 768px) 100vw, 768px\" \/>\n\t\t\t<\/div>\n\t\t\t\t<figcaption class='wp-caption-text gallery-caption' id='gallery-1-400'>\n\t\t\t\t\u00d6\u011fe ekran\u0131\n\t\t\t\t<\/figcaption><\/figure>\n\t\t<\/div>\n\t\t<\/div>\n\t\t\t\t\t\t<\/div>\n\t\t\t\t<\/div>\n\t\t\t\t\t<\/div>\n\t\t<\/div>\n\t\t\t\t\t<\/div>\n\t\t<\/section>\n\t\t\t\t<\/div>","protected":false},"excerpt":{"rendered":"<p>Welcome to Dongbo! Zhongshan Dongbo Financial Devices Co.,Ltd Zhongshan Dongbo Financial Devices Co.,Ltd Welcome to Dongbo! Dongbo, found in 1991, is one of the earliest comprehensive high-tech enterprises specializing in the field combining research, development, manufacture, sales, and after-service of cash handling equipment. We focus on coin counter and sorter, banknote counter, money detector, cheque [&hellip;]<\/p>\n","protected":false},"author":1,"featured_media":0,"parent":0,"menu_order":0,"comment_status":"closed","ping_status":"closed","template":"","meta":{"footnotes":""},"class_list":["post-12","page","type-page","status-publish","hentry"],"_links":{"self":[{"href":"https:\/\/dongbo2008.com\/tr\/wp-json\/wp\/v2\/pages\/12","targetHints":{"allow":["GET"]}}],"collection":[{"href":"https:\/\/dongbo2008.com\/tr\/wp-json\/wp\/v2\/pages"}],"about":[{"href":"https:\/\/dongbo2008.com\/tr\/wp-json\/wp\/v2\/types\/page"}],"author":[{"embeddable":true,"href":"https:\/\/dongbo2008.com\/tr\/wp-json\/wp\/v2\/users\/1"}],"replies":[{"embeddable":true,"href":"https:\/\/dongbo2008.com\/tr\/wp-json\/wp\/v2\/comments?post=12"}],"version-history":[{"count":13,"href":"https:\/\/dongbo2008.com\/tr\/wp-json\/wp\/v2\/pages\/12\/revisions"}],"predecessor-version":[{"id":409,"href":"https:\/\/dongbo2008.com\/tr\/wp-json\/wp\/v2\/pages\/12\/revisions\/409"}],"wp:attachment":[{"href":"https:\/\/dongbo2008.com\/tr\/wp-json\/wp\/v2\/media?parent=12"}],"curies":[{"name":"wp","href":"https:\/\/api.w.org\/{rel}","templated":true}]}}