{"id":10,"date":"2023-09-20T02:43:53","date_gmt":"2023-09-20T02:43:53","guid":{"rendered":"https:\/\/dongbo2008.com\/?page_id=10"},"modified":"2023-10-16T03:21:19","modified_gmt":"2023-10-16T03:21:19","slug":"certificate","status":"publish","type":"page","link":"https:\/\/dongbo2008.com\/tr\/sertifika\/","title":{"rendered":"Sertifika"},"content":{"rendered":"<div data-elementor-type=\"wp-page\" data-elementor-id=\"10\" class=\"elementor elementor-10\" data-elementor-post-type=\"page\">\n\t\t\t\t\t\t<section class=\"elementor-section elementor-top-section elementor-element elementor-element-712a2e85 elementor-section-height-min-height elementor-section-boxed elementor-section-height-default elementor-section-items-middle\" data-id=\"712a2e85\" data-element_type=\"section\" data-e-type=\"section\" data-settings=\"{&quot;background_background&quot;:&quot;classic&quot;}\">\n\t\t\t\t\t\t\t<div class=\"elementor-background-overlay\"><\/div>\n\t\t\t\t\t\t\t<div class=\"elementor-container elementor-column-gap-default\">\n\t\t\t\t\t<div class=\"elementor-column elementor-col-100 elementor-top-column elementor-element elementor-element-7508c445\" data-id=\"7508c445\" data-element_type=\"column\" data-e-type=\"column\">\n\t\t\t<div class=\"elementor-widget-wrap elementor-element-populated\">\n\t\t\t\t\t\t<div class=\"elementor-element elementor-element-3eaaa2eb elementor-widget elementor-widget-woocommerce-breadcrumb\" data-id=\"3eaaa2eb\" data-element_type=\"widget\" data-e-type=\"widget\" data-widget_type=\"woocommerce-breadcrumb.default\">\n\t\t\t\t<div class=\"elementor-widget-container\">\n\t\t\t\t\t<nav class=\"woocommerce-breadcrumb\" aria-label=\"Breadcrumb\" data-no-translation=\"\" data-trp-gettext=\"\">Ba\u015flang\u0131\u00e7<\/nav>\t\t\t\t<\/div>\n\t\t\t\t<\/div>\n\t\t\t\t\t<\/div>\n\t\t<\/div>\n\t\t\t\t\t<\/div>\n\t\t<\/section>\n\t\t\t\t<section class=\"elementor-section elementor-top-section elementor-element elementor-element-556d381 elementor-section-boxed elementor-section-height-default elementor-section-height-default\" data-id=\"556d381\" data-element_type=\"section\" data-e-type=\"section\">\n\t\t\t\t\t\t<div class=\"elementor-container elementor-column-gap-default\">\n\t\t\t\t\t<div class=\"elementor-column elementor-col-100 elementor-top-column elementor-element elementor-element-fb8b358\" data-id=\"fb8b358\" data-element_type=\"column\" data-e-type=\"column\">\n\t\t\t<div class=\"elementor-widget-wrap elementor-element-populated\">\n\t\t\t\t\t\t<div class=\"elementor-element elementor-element-90a0130 gallery-spacing-custom elementor-widget elementor-widget-image-gallery\" data-id=\"90a0130\" data-element_type=\"widget\" data-e-type=\"widget\" data-widget_type=\"image-gallery.default\">\n\t\t\t\t<div class=\"elementor-widget-container\">\n\t\t\t\t\t\t\t<div class=\"elementor-image-gallery\">\n\t\t\t<div id='gallery-1' class='gallery galleryid-10 gallery-columns-3 gallery-size-medium_large'><figure class='gallery-item'>\n\t\t\t<div class='gallery-icon portrait'>\n\t\t\t\t<img fetchpriority=\"high\" decoding=\"async\" width=\"768\" height=\"1024\" src=\"https:\/\/dongbo2008.com\/wp-content\/uploads\/2023\/09\/CQC-768x1024.jpg\" class=\"attachment-medium_large size-medium_large\" alt=\"CQC\" aria-describedby=\"gallery-1-411\" srcset=\"https:\/\/dongbo2008.com\/wp-content\/uploads\/2023\/09\/CQC-768x1024.jpg 768w, https:\/\/dongbo2008.com\/wp-content\/uploads\/2023\/09\/CQC-225x300.jpg 225w, https:\/\/dongbo2008.com\/wp-content\/uploads\/2023\/09\/CQC-600x800.jpg 600w, https:\/\/dongbo2008.com\/wp-content\/uploads\/2023\/09\/CQC.jpg 1000w\" sizes=\"(max-width: 768px) 100vw, 768px\" \/>\n\t\t\t<\/div>\n\t\t\t\t<figcaption class='wp-caption-text gallery-caption' id='gallery-1-411'>\n\t\t\t\tCQC\n\t\t\t\t<\/figcaption><\/figure><figure class='gallery-item'>\n\t\t\t<div class='gallery-icon portrait'>\n\t\t\t\t<img decoding=\"async\" width=\"768\" height=\"1024\" src=\"https:\/\/dongbo2008.com\/wp-content\/uploads\/2023\/09\/CQC-2-768x1024.jpg\" class=\"attachment-medium_large size-medium_large\" alt=\"CQC\" aria-describedby=\"gallery-1-412\" srcset=\"https:\/\/dongbo2008.com\/wp-content\/uploads\/2023\/09\/CQC-2-768x1024.jpg 768w, https:\/\/dongbo2008.com\/wp-content\/uploads\/2023\/09\/CQC-2-225x300.jpg 225w, https:\/\/dongbo2008.com\/wp-content\/uploads\/2023\/09\/CQC-2-600x800.jpg 600w, https:\/\/dongbo2008.com\/wp-content\/uploads\/2023\/09\/CQC-2.jpg 1000w\" sizes=\"(max-width: 768px) 100vw, 768px\" \/>\n\t\t\t<\/div>\n\t\t\t\t<figcaption class='wp-caption-text gallery-caption' id='gallery-1-412'>\n\t\t\t\tCQC\n\t\t\t\t<\/figcaption><\/figure><figure class='gallery-item'>\n\t\t\t<div class='gallery-icon portrait'>\n\t\t\t\t<img decoding=\"async\" width=\"768\" height=\"1024\" src=\"https:\/\/dongbo2008.com\/wp-content\/uploads\/2023\/09\/IQNET-768x1024.jpg\" class=\"attachment-medium_large size-medium_large\" alt=\"IQNET\" aria-describedby=\"gallery-1-413\" srcset=\"https:\/\/dongbo2008.com\/wp-content\/uploads\/2023\/09\/IQNET-768x1024.jpg 768w, https:\/\/dongbo2008.com\/wp-content\/uploads\/2023\/09\/IQNET-225x300.jpg 225w, https:\/\/dongbo2008.com\/wp-content\/uploads\/2023\/09\/IQNET-600x800.jpg 600w, https:\/\/dongbo2008.com\/wp-content\/uploads\/2023\/09\/IQNET.jpg 1000w\" sizes=\"(max-width: 768px) 100vw, 768px\" \/>\n\t\t\t<\/div>\n\t\t\t\t<figcaption class='wp-caption-text gallery-caption' id='gallery-1-413'>\n\t\t\t\tIQNET\n\t\t\t\t<\/figcaption><\/figure>\n\t\t<\/div>\n\t\t<\/div>\n\t\t\t\t\t\t<\/div>\n\t\t\t\t<\/div>\n\t\t\t\t\t<\/div>\n\t\t<\/div>\n\t\t\t\t\t<\/div>\n\t\t<\/section>\n\t\t\t\t<\/div>","protected":false},"excerpt":{"rendered":"<p>CQC CQC IQNET<\/p>","protected":false},"author":1,"featured_media":0,"parent":0,"menu_order":0,"comment_status":"closed","ping_status":"closed","template":"","meta":{"footnotes":""},"class_list":["post-10","page","type-page","status-publish","hentry"],"_links":{"self":[{"href":"https:\/\/dongbo2008.com\/tr\/wp-json\/wp\/v2\/pages\/10","targetHints":{"allow":["GET"]}}],"collection":[{"href":"https:\/\/dongbo2008.com\/tr\/wp-json\/wp\/v2\/pages"}],"about":[{"href":"https:\/\/dongbo2008.com\/tr\/wp-json\/wp\/v2\/types\/page"}],"author":[{"embeddable":true,"href":"https:\/\/dongbo2008.com\/tr\/wp-json\/wp\/v2\/users\/1"}],"replies":[{"embeddable":true,"href":"https:\/\/dongbo2008.com\/tr\/wp-json\/wp\/v2\/comments?post=10"}],"version-history":[{"count":13,"href":"https:\/\/dongbo2008.com\/tr\/wp-json\/wp\/v2\/pages\/10\/revisions"}],"predecessor-version":[{"id":673,"href":"https:\/\/dongbo2008.com\/tr\/wp-json\/wp\/v2\/pages\/10\/revisions\/673"}],"wp:attachment":[{"href":"https:\/\/dongbo2008.com\/tr\/wp-json\/wp\/v2\/media?parent=10"}],"curies":[{"name":"wp","href":"https:\/\/api.w.org\/{rel}","templated":true}]}}