{"id":622,"date":"2023-09-20T06:59:21","date_gmt":"2023-09-20T06:59:21","guid":{"rendered":"https:\/\/dongbo2008.com\/?post_type=product&#038;p=622"},"modified":"2024-09-18T02:24:39","modified_gmt":"2024-09-18T02:24:39","slug":"db780s","status":"publish","type":"product","link":"https:\/\/dongbo2008.com\/pt\/produto\/db780s\/","title":{"rendered":"DB780S \u2013 S\u00e9rie de contadores de moeda de ponta para fabricantes atacadistas"},"content":{"rendered":"<p>Nota de moeda multilateral (at\u00e9 7 moedas)<br \/>\nGrande display LCD gr\u00e1fico (128*64 pixels).<br \/>\nExibi\u00e7\u00e3o de data e hora.<br \/>\nF\u00e1cil de atualizar com porta USB ou porta serial RS-232.<br \/>\nF\u00e1cil opera\u00e7\u00e3o e interface amig\u00e1vel.<br \/>\nF\u00e1cil manuten\u00e7\u00e3o com sistema de autodiagn\u00f3stico.<br \/>\nContagem de valores: conta notas misturadas e classificadas com tecnologia de processamento de imagem.<br \/>\nVelocidade de contagem de valores: 600\u30011000\u30011200 notas\/min<br \/>\nVelocidade de contagem: 600\u30011000\u30011200\u30011500 notas\/min<br \/>\nDetec\u00e7\u00e3o de falsifica\u00e7\u00e3o com UV\u3001MG(opcional)\u3001MT(opcional)\u3001IR(opcional) \u3001MT-CODE(opcional)<br \/>\nDupla\u3001detec\u00e7\u00e3o de cadeia e meia nota<br \/>\nIn\u00edcio autom\u00e1tico e manual<br \/>\nAcess\u00f3rios opcionais: Impressora, display remoto<\/p>","protected":false},"excerpt":{"rendered":"<p>M\u00e1quina de contagem de valores CIS<\/p>\n<p>Sistema de alimenta\u00e7\u00e3o: Sistema de fric\u00e7\u00e3o de rolo<br \/>\nCapacidade do funil: 350-400 pe\u00e7as<br \/>\nCapacidade do empilhador: 200 pe\u00e7as<br \/>\nTamanho da nota cont\u00e1vel: 50\u00d790~110\u00d7175(mm)<br \/>\nEspessura da nota cont\u00e1vel: 0,05 ~ 0,15 (mm)<br \/>\nVelocidade de contagem: 600\/1000\/1200\/1500 pe\u00e7as\/minuto<br \/>\nVisor: display LCD gr\u00e1fico (128*64)<br \/>\nDisplay remoto: 6 d\u00edgitos em um display LED remoto (opcional)<br \/>\nFonte de alimenta\u00e7\u00e3o: AC100~240V, 50\/60Hz<br \/>\nTamanho do fus\u00edvel: 3A<br \/>\nConsumo de energia: &lt;60 Watts<br \/>\ndimens\u00e3o: 285mm\u00d7285mm\u00d7250mm<br \/>\nPeso l\u00edquido: 8,0kg<br \/>\nTemperatura ambiente: 0~40\u00b0C<br \/>\nUmidade relativa: 30 ~ 80%<\/p>","protected":false},"featured_media":623,"template":"","meta":[],"product_brand":[],"product_cat":[18],"product_tag":[],"class_list":{"0":"post-622","1":"product","2":"type-product","3":"status-publish","4":"has-post-thumbnail","6":"product_cat-currency-counter-series","8":"first","9":"instock","10":"shipping-taxable","11":"product-type-simple"},"_links":{"self":[{"href":"https:\/\/dongbo2008.com\/pt\/wp-json\/wp\/v2\/product\/622","targetHints":{"allow":["GET"]}}],"collection":[{"href":"https:\/\/dongbo2008.com\/pt\/wp-json\/wp\/v2\/product"}],"about":[{"href":"https:\/\/dongbo2008.com\/pt\/wp-json\/wp\/v2\/types\/product"}],"wp:featuredmedia":[{"embeddable":true,"href":"https:\/\/dongbo2008.com\/pt\/wp-json\/wp\/v2\/media\/623"}],"wp:attachment":[{"href":"https:\/\/dongbo2008.com\/pt\/wp-json\/wp\/v2\/media?parent=622"}],"wp:term":[{"taxonomy":"product_brand","embeddable":true,"href":"https:\/\/dongbo2008.com\/pt\/wp-json\/wp\/v2\/product_brand?post=622"},{"taxonomy":"product_cat","embeddable":true,"href":"https:\/\/dongbo2008.com\/pt\/wp-json\/wp\/v2\/product_cat?post=622"},{"taxonomy":"product_tag","embeddable":true,"href":"https:\/\/dongbo2008.com\/pt\/wp-json\/wp\/v2\/product_tag?post=622"}],"curies":[{"name":"wp","href":"https:\/\/api.w.org\/{rel}","templated":true}]}}