{"id":619,"date":"2023-10-06T06:56:44","date_gmt":"2023-10-06T06:56:44","guid":{"rendered":"https:\/\/dongbo2008.com\/?post_type=product&#038;p=619"},"modified":"2024-09-18T02:50:03","modified_gmt":"2024-09-18T02:50:03","slug":"db780a","status":"publish","type":"product","link":"https:\/\/dongbo2008.com\/pt\/produto\/db780a\/","title":{"rendered":"DB780A \u2013 Invista em contadores de moeda de ponta para vendas em f\u00e1brica e em massa"},"content":{"rendered":"<p>Contador de notas para servi\u00e7os pesados, contador de v\u00e1rias moedas, contagem de valores mistos.<br \/>\nModos de contagem: contagem cont\u00ednua, contagem em lote, contagem de valores<br \/>\nDetec\u00e7\u00e3o de falsifica\u00e7\u00e3o: Notas duplas, largura, comprimento, UV, MG, fio de metal, MT-CODE, IR<br \/>\nBackup de mem\u00f3ria: mem\u00f3ria de configura\u00e7\u00e3o de fun\u00e7\u00e3o, mem\u00f3ria de configura\u00e7\u00e3o em lote<br \/>\nFun\u00e7\u00e3o de impress\u00e3o: Imprimir relat\u00f3rio do resultado da contagem com impressora<\/p>","protected":false},"excerpt":{"rendered":"<p>Carregamento frontal, alta velocidade e calor<\/p>\n<p>Sistema de alimenta\u00e7\u00e3o: Sistema de fric\u00e7\u00e3o de rolo<br \/>\nCapacidade do funil: 300 pe\u00e7as<br \/>\nCapacidade do empilhador: 200 pe\u00e7as<br \/>\nTamanho da nota cont\u00e1vel: 50\u00d790~110\u00d7175(mm)<br \/>\nEspessura da nota cont\u00e1vel: 0,05 ~ 0,15 (mm)<br \/>\nVelocidade de contagem: 600\/800\/1200\/1600 pe\u00e7as\/minuto<br \/>\nDisplay de contagem: 5 d\u00edgitos no display LCD<br \/>\nExibi\u00e7\u00e3o em lote: 3 d\u00edgitos no display LCD<br \/>\nDisplay remoto: 6 d\u00edgitos em um display LED remoto (opcional)<br \/>\nFonte de alimenta\u00e7\u00e3o: CA 100 ~ 240 V, 50\/60 Hz<br \/>\nTamanho do fus\u00edvel: 3A<br \/>\nConsumo de energia: &lt;55 Watts<br \/>\ndimens\u00e3o: 275 mm x 227 mm x 195 mm<br \/>\nPeso l\u00edquido: 8,0kg<br \/>\nTemperatura ambiente: 0~40\u00b0C<br \/>\nUmidade relativa: 30 ~ 80%<\/p>","protected":false},"featured_media":620,"template":"","meta":[],"product_brand":[],"product_cat":[18],"product_tag":[],"class_list":{"0":"post-619","1":"product","2":"type-product","3":"status-publish","4":"has-post-thumbnail","6":"product_cat-currency-counter-series","8":"first","9":"instock","10":"shipping-taxable","11":"product-type-simple"},"_links":{"self":[{"href":"https:\/\/dongbo2008.com\/pt\/wp-json\/wp\/v2\/product\/619","targetHints":{"allow":["GET"]}}],"collection":[{"href":"https:\/\/dongbo2008.com\/pt\/wp-json\/wp\/v2\/product"}],"about":[{"href":"https:\/\/dongbo2008.com\/pt\/wp-json\/wp\/v2\/types\/product"}],"wp:featuredmedia":[{"embeddable":true,"href":"https:\/\/dongbo2008.com\/pt\/wp-json\/wp\/v2\/media\/620"}],"wp:attachment":[{"href":"https:\/\/dongbo2008.com\/pt\/wp-json\/wp\/v2\/media?parent=619"}],"wp:term":[{"taxonomy":"product_brand","embeddable":true,"href":"https:\/\/dongbo2008.com\/pt\/wp-json\/wp\/v2\/product_brand?post=619"},{"taxonomy":"product_cat","embeddable":true,"href":"https:\/\/dongbo2008.com\/pt\/wp-json\/wp\/v2\/product_cat?post=619"},{"taxonomy":"product_tag","embeddable":true,"href":"https:\/\/dongbo2008.com\/pt\/wp-json\/wp\/v2\/product_tag?post=619"}],"curies":[{"name":"wp","href":"https:\/\/api.w.org\/{rel}","templated":true}]}}