{"id":611,"date":"2023-10-06T06:53:32","date_gmt":"2023-10-06T06:53:32","guid":{"rendered":"https:\/\/dongbo2008.com\/?post_type=product&#038;p=611"},"modified":"2024-09-18T02:49:19","modified_gmt":"2024-09-18T02:49:19","slug":"db326","status":"publish","type":"product","link":"https:\/\/dongbo2008.com\/pt\/produto\/db326\/","title":{"rendered":"DB326 \u2013 Melhores detectores de falsifica\u00e7\u00e3o para redes de revendedores"},"content":{"rendered":"<p>Nova tecnologia de detec\u00e7\u00e3o de marca d&#039;\u00e1gua digital para notas de euro.<br \/>\nA variedade de moeda: EURO e USD, ou EURO e GBP, ou EURO e CHF, ou EURO e ROM\u00c9NIA, etc.<br \/>\nM\u00e9todo de detec\u00e7\u00e3o: detec\u00e7\u00e3o de m\u00faltiplas falsifica\u00e7\u00f5es: MG, MT, IR, UV (UV \u00e9 uma op\u00e7\u00e3o)<br \/>\nA forma de sa\u00edda da nota: A frente ou traseira<br \/>\nA forma de coloca\u00e7\u00e3o das notas: Qualquer dire\u00e7\u00e3o (quando a m\u00e1quina detecta notas em d\u00f3lares americanos, apenas uma dire\u00e7\u00e3o est\u00e1 dispon\u00edvel para todos os tipos de notas).<br \/>\nVelocidade de detec\u00e7\u00e3o: &lt;0,5S segundo\/pe\u00e7a<br \/>\nExibi\u00e7\u00e3o: N\u00famero de notas aceitas junto com um valor total geral<br \/>\nOp\u00e7\u00e3o de fonte de alimenta\u00e7\u00e3o: Adaptador de qualquer vers\u00e3o plus, ou bateria embutida (10,8V, 800mah), ou cabo montado em ve\u00edculo<br \/>\nO programa pode ser atualizado conectado ao PC.<\/p>\n<p><img fetchpriority=\"high\" decoding=\"async\" class=\"alignnone size-full wp-image-617\" src=\"https:\/\/dongbo2008.com\/wp-content\/uploads\/2023\/10\/DB326.jpg\" alt=\"\" width=\"960\" height=\"1362\" srcset=\"https:\/\/dongbo2008.com\/wp-content\/uploads\/2023\/10\/DB326.jpg 960w, https:\/\/dongbo2008.com\/wp-content\/uploads\/2023\/10\/DB326-211x300.jpg 211w, https:\/\/dongbo2008.com\/wp-content\/uploads\/2023\/10\/DB326-722x1024.jpg 722w, https:\/\/dongbo2008.com\/wp-content\/uploads\/2023\/10\/DB326-768x1090.jpg 768w, https:\/\/dongbo2008.com\/wp-content\/uploads\/2023\/10\/DB326-600x851.jpg 600w\" sizes=\"(max-width: 960px) 100vw, 960px\" \/><\/p>","protected":false},"excerpt":{"rendered":"<p>Dimens\u00e3o: 200 mm x 115 mm x 76 mm<br \/>\nPeso l\u00edquido: 0,75kg<br \/>\nDimens\u00e3o da caixa mestra (CBM): 0,0838<br \/>\nPeso bruto da caixa master: 14 kg<br \/>\nPeso interno da caixa: 1,08 kg<br \/>\nTamanho interno da caixa: 290X170X125mm<br \/>\nEspecifica\u00e7\u00e3o da caixa mestra: 59,6X35,6X39,5mm<br \/>\nQuantidade interna da caixa: 12 unidades<br \/>\nAprova\u00e7\u00e3o de seguran\u00e7a: CE<br \/>\nPer\u00edodo de garantia de qualidade: 1 ano a partir da data de envio<br \/>\nPrazo de pagamento: TT<br \/>\nN\u00famero de unidades e ctns em 20 FCL: 4300 unidades<br \/>\nPorto FOB: Zhongshan<\/p>","protected":false},"featured_media":614,"template":"","meta":[],"product_brand":[],"product_cat":[20],"product_tag":[],"class_list":{"0":"post-611","1":"product","2":"type-product","3":"status-publish","4":"has-post-thumbnail","6":"product_cat-counterfeit-detector-series","8":"first","9":"instock","10":"shipping-taxable","11":"product-type-simple"},"_links":{"self":[{"href":"https:\/\/dongbo2008.com\/pt\/wp-json\/wp\/v2\/product\/611","targetHints":{"allow":["GET"]}}],"collection":[{"href":"https:\/\/dongbo2008.com\/pt\/wp-json\/wp\/v2\/product"}],"about":[{"href":"https:\/\/dongbo2008.com\/pt\/wp-json\/wp\/v2\/types\/product"}],"wp:featuredmedia":[{"embeddable":true,"href":"https:\/\/dongbo2008.com\/pt\/wp-json\/wp\/v2\/media\/614"}],"wp:attachment":[{"href":"https:\/\/dongbo2008.com\/pt\/wp-json\/wp\/v2\/media?parent=611"}],"wp:term":[{"taxonomy":"product_brand","embeddable":true,"href":"https:\/\/dongbo2008.com\/pt\/wp-json\/wp\/v2\/product_brand?post=611"},{"taxonomy":"product_cat","embeddable":true,"href":"https:\/\/dongbo2008.com\/pt\/wp-json\/wp\/v2\/product_cat?post=611"},{"taxonomy":"product_tag","embeddable":true,"href":"https:\/\/dongbo2008.com\/pt\/wp-json\/wp\/v2\/product_tag?post=611"}],"curies":[{"name":"wp","href":"https:\/\/api.w.org\/{rel}","templated":true}]}}