{"id":586,"date":"2023-10-03T02:56:22","date_gmt":"2023-10-03T02:56:22","guid":{"rendered":"https:\/\/dongbo2008.com\/?post_type=product&#038;p=586"},"modified":"2024-09-18T02:48:11","modified_gmt":"2024-09-18T02:48:11","slug":"586","status":"publish","type":"product","link":"https:\/\/dongbo2008.com\/pt\/produto\/586\/","title":{"rendered":"DB450SL \u2013 Melhores contadores de moedas para o setor financeiro por l\u00edderes da ind\u00fastria"},"content":{"rendered":"<p><img fetchpriority=\"high\" decoding=\"async\" class=\"alignnone size-full wp-image-587\" src=\"https:\/\/dongbo2008.com\/wp-content\/uploads\/2023\/10\/DB450-NEW-LCD-scaled.jpg\" alt=\"\" width=\"1810\" height=\"2560\" srcset=\"https:\/\/dongbo2008.com\/wp-content\/uploads\/2023\/10\/DB450-NEW-LCD-scaled.jpg 1810w, https:\/\/dongbo2008.com\/wp-content\/uploads\/2023\/10\/DB450-NEW-LCD-212x300.jpg 212w, https:\/\/dongbo2008.com\/wp-content\/uploads\/2023\/10\/DB450-NEW-LCD-724x1024.jpg 724w, https:\/\/dongbo2008.com\/wp-content\/uploads\/2023\/10\/DB450-NEW-LCD-768x1086.jpg 768w, https:\/\/dongbo2008.com\/wp-content\/uploads\/2023\/10\/DB450-NEW-LCD-1086x1536.jpg 1086w, https:\/\/dongbo2008.com\/wp-content\/uploads\/2023\/10\/DB450-NEW-LCD-1448x2048.jpg 1448w, https:\/\/dongbo2008.com\/wp-content\/uploads\/2023\/10\/DB450-NEW-LCD-600x849.jpg 600w\" sizes=\"(max-width: 1810px) 100vw, 1810px\" \/><\/p>","protected":false},"excerpt":{"rendered":"<p>CONTADOR E CLASSIFICADOR DE MOEDAS DB450SL COM VELOCIDADE R\u00c1PIDA, BOA QUALIDADE, PRECIS\u00c3O E BOAS FUN\u00c7\u00d5ES.<\/p>\n<p>Temperatura ambiente: 0 \u2103 -40 \u2103<br \/>\nVelocidade de contagem: at\u00e9 400~600 unidades\/min<br \/>\nUmidade ambiente:30\u00b0C ~80\u00b0C<br \/>\nCapacidade da tremonha: 1000~1300 unidades<br \/>\nCapacidade de cada slot de recebimento: 180 ~ 230 unidades<br \/>\nVisor LCD colorido<br \/>\n8 conjuntos de exibi\u00e7\u00e3o de n\u00famero de predefini\u00e7\u00e3o de lote: LCD\/conjunto de 3 d\u00edgitos<br \/>\nExibi\u00e7\u00e3o de n\u00famero de contagem: LCD de 7 d\u00edgitos<br \/>\nFonte de alimenta\u00e7\u00e3o: AC220V50HZ ou AC 110V\/60HZ<br \/>\nConsumo de energia: 50W (m\u00e1x.)<br \/>\nDimens\u00f5es: 330 mm x 330 mm x 255 mm<br \/>\nPeso l\u00edquido: 4,6 kg<\/p>\n<p>Embalagem: 2 unidades\/ctn<br \/>\nPeso bruto: 12,5 kg\/ctn<br \/>\nC\u00fabico: 0,11cbm\/ctn<\/p>","protected":false},"featured_media":588,"template":"","meta":[],"product_brand":[],"product_cat":[21],"product_tag":[],"class_list":{"0":"post-586","1":"product","2":"type-product","3":"status-publish","4":"has-post-thumbnail","6":"product_cat-coin-counter-series","8":"first","9":"instock","10":"shipping-taxable","11":"product-type-simple"},"_links":{"self":[{"href":"https:\/\/dongbo2008.com\/pt\/wp-json\/wp\/v2\/product\/586","targetHints":{"allow":["GET"]}}],"collection":[{"href":"https:\/\/dongbo2008.com\/pt\/wp-json\/wp\/v2\/product"}],"about":[{"href":"https:\/\/dongbo2008.com\/pt\/wp-json\/wp\/v2\/types\/product"}],"wp:featuredmedia":[{"embeddable":true,"href":"https:\/\/dongbo2008.com\/pt\/wp-json\/wp\/v2\/media\/588"}],"wp:attachment":[{"href":"https:\/\/dongbo2008.com\/pt\/wp-json\/wp\/v2\/media?parent=586"}],"wp:term":[{"taxonomy":"product_brand","embeddable":true,"href":"https:\/\/dongbo2008.com\/pt\/wp-json\/wp\/v2\/product_brand?post=586"},{"taxonomy":"product_cat","embeddable":true,"href":"https:\/\/dongbo2008.com\/pt\/wp-json\/wp\/v2\/product_cat?post=586"},{"taxonomy":"product_tag","embeddable":true,"href":"https:\/\/dongbo2008.com\/pt\/wp-json\/wp\/v2\/product_tag?post=586"}],"curies":[{"name":"wp","href":"https:\/\/api.w.org\/{rel}","templated":true}]}}