{"id":579,"date":"2023-10-03T02:50:33","date_gmt":"2023-10-03T02:50:33","guid":{"rendered":"https:\/\/dongbo2008.com\/?post_type=product&#038;p=579"},"modified":"2024-09-18T02:46:35","modified_gmt":"2024-09-18T02:46:35","slug":"db360s","status":"publish","type":"product","link":"https:\/\/dongbo2008.com\/pt\/produto\/db360s\/","title":{"rendered":"DB360S \u2013 Invista em contadores de moedas aprovados pelo fabricante para bancos"},"content":{"rendered":"","protected":false},"excerpt":{"rendered":"<p>Classificador e contador de moedas de precis\u00e3o DB360, com fun\u00e7\u00e3o de impress\u00e3o<\/p>\n<p>Temperatura ambiente: 0 \u2103 -40 \u2103<br \/>\nVelocidade de contagem: 216 unidades\/min<br \/>\nUmidade ambiente:30\u00b0C ~80\u00b0C<br \/>\nCapacidade da tremonha: 216~300 unidades<br \/>\nCapacidade de cada slot de recebimento: 80 ~ 250 unidades<br \/>\nExibi\u00e7\u00e3o do n\u00famero predefinido do lote: LED de 3 d\u00edgitos<br \/>\nDisplay de contagem: display LCD<br \/>\nFonte de alimenta\u00e7\u00e3o: AC220V50HZ ou AC 110V\/60HZ<br \/>\nConsumo de energia: 15W<br \/>\nDimens\u00f5es: 355 mm x 330 mm x 266 mm<br \/>\nPeso l\u00edquido: 4,5 kg<br \/>\nOp\u00e7\u00e3o: Impressora \u2013 a m\u00e1quina com teclado digital pode se conectar ao<br \/>\nimpressora t\u00e9rmica, o resultado da impress\u00e3o exibe a quantidade de denomina\u00e7\u00e3o, valor das moedas.<\/p>","protected":false},"featured_media":580,"template":"","meta":[],"product_brand":[],"product_cat":[21],"product_tag":[],"class_list":{"0":"post-579","1":"product","2":"type-product","3":"status-publish","4":"has-post-thumbnail","6":"product_cat-coin-counter-series","8":"first","9":"instock","10":"shipping-taxable","11":"product-type-simple"},"_links":{"self":[{"href":"https:\/\/dongbo2008.com\/pt\/wp-json\/wp\/v2\/product\/579","targetHints":{"allow":["GET"]}}],"collection":[{"href":"https:\/\/dongbo2008.com\/pt\/wp-json\/wp\/v2\/product"}],"about":[{"href":"https:\/\/dongbo2008.com\/pt\/wp-json\/wp\/v2\/types\/product"}],"wp:featuredmedia":[{"embeddable":true,"href":"https:\/\/dongbo2008.com\/pt\/wp-json\/wp\/v2\/media\/580"}],"wp:attachment":[{"href":"https:\/\/dongbo2008.com\/pt\/wp-json\/wp\/v2\/media?parent=579"}],"wp:term":[{"taxonomy":"product_brand","embeddable":true,"href":"https:\/\/dongbo2008.com\/pt\/wp-json\/wp\/v2\/product_brand?post=579"},{"taxonomy":"product_cat","embeddable":true,"href":"https:\/\/dongbo2008.com\/pt\/wp-json\/wp\/v2\/product_cat?post=579"},{"taxonomy":"product_tag","embeddable":true,"href":"https:\/\/dongbo2008.com\/pt\/wp-json\/wp\/v2\/product_tag?post=579"}],"curies":[{"name":"wp","href":"https:\/\/api.w.org\/{rel}","templated":true}]}}