{"id":574,"date":"2023-09-28T03:07:29","date_gmt":"2023-09-28T03:07:29","guid":{"rendered":"https:\/\/dongbo2008.com\/?post_type=product&#038;p=574"},"modified":"2024-09-18T02:25:55","modified_gmt":"2024-09-18T02:25:55","slug":"db100","status":"publish","type":"product","link":"https:\/\/dongbo2008.com\/pt\/produto\/db100\/","title":{"rendered":"DB100 \u2013 Contadores de moeda 2024 para mercados de f\u00e1brica e atacado"},"content":{"rendered":"<p><strong><b>Selecione seu interesse:<\/b><\/strong><\/p>\n<table>\n<tbody>\n<tr>\n<td>Modelo<\/td>\n<td>Fun\u00e7\u00f5es opcionais<\/td>\n<\/tr>\n<tr>\n<td>DB100<\/td>\n<td>Modelo B\u00e1sico, Fun\u00e7\u00e3o B\u00e1sica<\/td>\n<\/tr>\n<tr>\n<td>DB100UV<\/td>\n<td>Detec\u00e7\u00e3o UV<\/td>\n<\/tr>\n<tr>\n<td>DB100MG<\/td>\n<td>Detec\u00e7\u00e3o de MG<\/td>\n<\/tr>\n<tr>\n<td>DB100 UV-MG<\/td>\n<td>Detec\u00e7\u00e3o UV MG<\/td>\n<\/tr>\n<tr>\n<td>DB100 UV-MG<\/td>\n<td>Detec\u00e7\u00e3o UV MG IR<\/td>\n<\/tr>\n<\/tbody>\n<\/table>\n<p>&nbsp;<\/p>","protected":false},"excerpt":{"rendered":"<p><strong><b>Principais caracter\u00edsticas :<\/b><\/strong><\/p>\n<p>\u25cf Contagem e detec\u00e7\u00e3o falsa de papel-moeda pela fun\u00e7\u00e3o UV\/MG\/IR<br \/>\n\u25cf In\u00edcio autom\u00e1tico, limpeza, reinicializa\u00e7\u00e3o, ativa\u00e7\u00e3o e desativa\u00e7\u00e3o.<br \/>\n\u25cf Detec\u00e7\u00e3o de notas duplas<br \/>\n\u25cf Detec\u00e7\u00e3o de meia nota<br \/>\n\u25cf Detec\u00e7\u00e3o de notas em cadeia<br \/>\n\u25cf Placas de tremonha ajust\u00e1veis<\/p>","protected":false},"featured_media":575,"template":"","meta":[],"product_brand":[],"product_cat":[18],"product_tag":[],"class_list":{"0":"post-574","1":"product","2":"type-product","3":"status-publish","4":"has-post-thumbnail","6":"product_cat-currency-counter-series","8":"first","9":"instock","10":"shipping-taxable","11":"product-type-simple"},"_links":{"self":[{"href":"https:\/\/dongbo2008.com\/pt\/wp-json\/wp\/v2\/product\/574","targetHints":{"allow":["GET"]}}],"collection":[{"href":"https:\/\/dongbo2008.com\/pt\/wp-json\/wp\/v2\/product"}],"about":[{"href":"https:\/\/dongbo2008.com\/pt\/wp-json\/wp\/v2\/types\/product"}],"wp:featuredmedia":[{"embeddable":true,"href":"https:\/\/dongbo2008.com\/pt\/wp-json\/wp\/v2\/media\/575"}],"wp:attachment":[{"href":"https:\/\/dongbo2008.com\/pt\/wp-json\/wp\/v2\/media?parent=574"}],"wp:term":[{"taxonomy":"product_brand","embeddable":true,"href":"https:\/\/dongbo2008.com\/pt\/wp-json\/wp\/v2\/product_brand?post=574"},{"taxonomy":"product_cat","embeddable":true,"href":"https:\/\/dongbo2008.com\/pt\/wp-json\/wp\/v2\/product_cat?post=574"},{"taxonomy":"product_tag","embeddable":true,"href":"https:\/\/dongbo2008.com\/pt\/wp-json\/wp\/v2\/product_tag?post=574"}],"curies":[{"name":"wp","href":"https:\/\/api.w.org\/{rel}","templated":true}]}}