{"id":550,"date":"2023-09-30T01:59:58","date_gmt":"2023-09-30T01:59:58","guid":{"rendered":"https:\/\/dongbo2008.com\/?post_type=product&#038;p=550"},"modified":"2024-09-18T02:45:39","modified_gmt":"2024-09-18T02:45:39","slug":"db450","status":"publish","type":"product","link":"https:\/\/dongbo2008.com\/pt\/produto\/db450\/","title":{"rendered":"DB450 \u2013 Os melhores contadores de moedas para bancos e agentes de fabricantes especialistas"},"content":{"rendered":"<p><img fetchpriority=\"high\" decoding=\"async\" class=\"alignnone size-full wp-image-551\" src=\"https:\/\/dongbo2008.com\/wp-content\/uploads\/2023\/09\/DB450.jpg\" alt=\"\" width=\"960\" height=\"1960\" srcset=\"https:\/\/dongbo2008.com\/wp-content\/uploads\/2023\/09\/DB450.jpg 960w, https:\/\/dongbo2008.com\/wp-content\/uploads\/2023\/09\/DB450-147x300.jpg 147w, https:\/\/dongbo2008.com\/wp-content\/uploads\/2023\/09\/DB450-502x1024.jpg 502w, https:\/\/dongbo2008.com\/wp-content\/uploads\/2023\/09\/DB450-768x1568.jpg 768w, https:\/\/dongbo2008.com\/wp-content\/uploads\/2023\/09\/DB450-752x1536.jpg 752w, https:\/\/dongbo2008.com\/wp-content\/uploads\/2023\/09\/DB450-600x1225.jpg 600w\" sizes=\"(max-width: 960px) 100vw, 960px\" \/><\/p>","protected":false},"excerpt":{"rendered":"<p>Temperatura ambiente: 0\u00b0C~40\u00b0C<br \/>\nUmidade ambiente: 30 ~ 80%<br \/>\nCapacidade do funil: 1000 ~ 1300 pe\u00e7as<br \/>\nCapacidade do slot de recebimento: 180 ~ 230 pe\u00e7as<br \/>\nVelocidade de contagem: 600 pe\u00e7as\/minuto<br \/>\nExibi\u00e7\u00e3o do n\u00famero predefinido do lote: LCD de 3 d\u00edgitos<br \/>\nDisplay de n\u00famero de contagem: LCD de 7 d\u00edgitos<br \/>\nPorta da impressora: porta serial RS232 para impressora t\u00e9rmica<br \/>\nFonte de alimenta\u00e7\u00e3o: AC110V-240V, 50\/60Hz<br \/>\nConsumo de energia: 50W (M\u00c1X.)<br \/>\ndimens\u00e3o: 330 mm x 330 mm x 255 mm<br \/>\nPeso l\u00edquido: 4,6 kg<\/p>","protected":false},"featured_media":552,"template":"","meta":[],"product_brand":[],"product_cat":[21],"product_tag":[],"class_list":{"0":"post-550","1":"product","2":"type-product","3":"status-publish","4":"has-post-thumbnail","6":"product_cat-coin-counter-series","8":"first","9":"instock","10":"shipping-taxable","11":"product-type-simple"},"_links":{"self":[{"href":"https:\/\/dongbo2008.com\/pt\/wp-json\/wp\/v2\/product\/550","targetHints":{"allow":["GET"]}}],"collection":[{"href":"https:\/\/dongbo2008.com\/pt\/wp-json\/wp\/v2\/product"}],"about":[{"href":"https:\/\/dongbo2008.com\/pt\/wp-json\/wp\/v2\/types\/product"}],"wp:featuredmedia":[{"embeddable":true,"href":"https:\/\/dongbo2008.com\/pt\/wp-json\/wp\/v2\/media\/552"}],"wp:attachment":[{"href":"https:\/\/dongbo2008.com\/pt\/wp-json\/wp\/v2\/media?parent=550"}],"wp:term":[{"taxonomy":"product_brand","embeddable":true,"href":"https:\/\/dongbo2008.com\/pt\/wp-json\/wp\/v2\/product_brand?post=550"},{"taxonomy":"product_cat","embeddable":true,"href":"https:\/\/dongbo2008.com\/pt\/wp-json\/wp\/v2\/product_cat?post=550"},{"taxonomy":"product_tag","embeddable":true,"href":"https:\/\/dongbo2008.com\/pt\/wp-json\/wp\/v2\/product_tag?post=550"}],"curies":[{"name":"wp","href":"https:\/\/api.w.org\/{rel}","templated":true}]}}