{"id":532,"date":"2023-09-30T01:51:43","date_gmt":"2023-09-30T01:51:43","guid":{"rendered":"https:\/\/dongbo2008.com\/?post_type=product&#038;p=532"},"modified":"2024-09-18T02:43:02","modified_gmt":"2024-09-18T02:43:02","slug":"coin-tray","status":"publish","type":"product","link":"https:\/\/dongbo2008.com\/pt\/produto\/bandeja-de-moedas\/","title":{"rendered":"Bandeja de moedas \u2013 Contadores de moedas confi\u00e1veis para uso financeiro: principais escolhas do fabricante"},"content":{"rendered":"<p>Dimens\u00e3o: 31cmx14,5cm<\/p>\n<p>Capacidade para EURO:<\/p>\n<table border=\"1\" cellspacing=\"0\" cellpadding=\"0\">\n<tbody>\n<tr>\n<td>\n<p align=\"center\">Denomina\u00e7\u00e3o<\/p>\n<\/td>\n<td>\n<p align=\"center\">Quantidade<\/p>\n<\/td>\n<td>\n<p align=\"center\">Quantia<\/p>\n<\/td>\n<\/tr>\n<tr>\n<td>\n<p align=\"center\">\u20ac2<\/p>\n<\/td>\n<td>\n<p align=\"center\">50<\/p>\n<\/td>\n<td>\n<p align=\"center\">\u20ac100<\/p>\n<\/td>\n<\/tr>\n<tr>\n<td>\n<p align=\"center\">\u20ac1<\/p>\n<\/td>\n<td>\n<p align=\"center\">50<\/p>\n<\/td>\n<td>\n<p align=\"center\">\u20ac50<\/p>\n<\/td>\n<\/tr>\n<tr>\n<td>\n<p align=\"center\">50 CENTAVOS<\/p>\n<\/td>\n<td>\n<p align=\"center\">50<\/p>\n<\/td>\n<td>\n<p align=\"center\">\u20ac25<\/p>\n<\/td>\n<\/tr>\n<tr>\n<td>\n<p align=\"center\">20 c\u00eantimos<\/p>\n<\/td>\n<td>\n<p align=\"center\">55<\/p>\n<\/td>\n<td>\n<p align=\"center\">\u20ac11<\/p>\n<\/td>\n<\/tr>\n<tr>\n<td>\n<p align=\"center\">10 centavos<\/p>\n<\/td>\n<td>\n<p align=\"center\">60<\/p>\n<\/td>\n<td>\n<p align=\"center\">\u20ac6<\/p>\n<\/td>\n<\/tr>\n<tr>\n<td>\n<p align=\"center\">5 centavos<\/p>\n<\/td>\n<td>\n<p align=\"center\">70<\/p>\n<\/td>\n<td>\n<p align=\"center\">\u20ac3.5<\/p>\n<\/td>\n<\/tr>\n<tr>\n<td>\n<p align=\"center\">2 centavos<\/p>\n<\/td>\n<td>\n<p align=\"center\">30<\/p>\n<\/td>\n<td>\n<p align=\"center\">\u20ac0.6<\/p>\n<\/td>\n<\/tr>\n<tr>\n<td>\n<p align=\"center\">1 centavo<\/p>\n<\/td>\n<td>\n<p align=\"center\">30<\/p>\n<\/td>\n<td>\n<p align=\"center\">\u20ac0.3<\/p>\n<\/td>\n<\/tr>\n<\/tbody>\n<\/table>","protected":false},"excerpt":{"rendered":"<p>Dimens\u00e3o: 31cmx14,5cm Capacidade para EURO: Denomina\u00e7\u00e3o Quantidade Valor \u20ac2 50 \u20ac100 \u20ac1 50 \u20ac50 50 CENT 50 \u20ac25 20 CENT 55 \u20ac11 10 CENT 60 \u20ac6 5 CENT 70 \u20ac3,5 2 CENT 30 \u20ac0,6 1 CENT 30 \u20ac0,3<\/p>","protected":false},"featured_media":593,"template":"","meta":[],"product_brand":[],"product_cat":[21],"product_tag":[],"class_list":{"0":"post-532","1":"product","2":"type-product","3":"status-publish","4":"has-post-thumbnail","6":"product_cat-coin-counter-series","8":"first","9":"instock","10":"shipping-taxable","11":"product-type-simple"},"_links":{"self":[{"href":"https:\/\/dongbo2008.com\/pt\/wp-json\/wp\/v2\/product\/532","targetHints":{"allow":["GET"]}}],"collection":[{"href":"https:\/\/dongbo2008.com\/pt\/wp-json\/wp\/v2\/product"}],"about":[{"href":"https:\/\/dongbo2008.com\/pt\/wp-json\/wp\/v2\/types\/product"}],"wp:featuredmedia":[{"embeddable":true,"href":"https:\/\/dongbo2008.com\/pt\/wp-json\/wp\/v2\/media\/593"}],"wp:attachment":[{"href":"https:\/\/dongbo2008.com\/pt\/wp-json\/wp\/v2\/media?parent=532"}],"wp:term":[{"taxonomy":"product_brand","embeddable":true,"href":"https:\/\/dongbo2008.com\/pt\/wp-json\/wp\/v2\/product_brand?post=532"},{"taxonomy":"product_cat","embeddable":true,"href":"https:\/\/dongbo2008.com\/pt\/wp-json\/wp\/v2\/product_cat?post=532"},{"taxonomy":"product_tag","embeddable":true,"href":"https:\/\/dongbo2008.com\/pt\/wp-json\/wp\/v2\/product_tag?post=532"}],"curies":[{"name":"wp","href":"https:\/\/api.w.org\/{rel}","templated":true}]}}