{"id":529,"date":"2023-09-30T01:50:11","date_gmt":"2023-09-30T01:50:11","guid":{"rendered":"https:\/\/dongbo2008.com\/?post_type=product&#038;p=529"},"modified":"2024-09-18T02:42:14","modified_gmt":"2024-09-18T02:42:14","slug":"db350","status":"publish","type":"product","link":"https:\/\/dongbo2008.com\/pt\/produto\/db350\/","title":{"rendered":"DB350 \u2013 Contadores de moedas de alta qualidade para bancos por fabricantes confi\u00e1veis"},"content":{"rendered":"<p><img fetchpriority=\"high\" decoding=\"async\" class=\"alignnone size-full wp-image-530\" src=\"https:\/\/dongbo2008.com\/wp-content\/uploads\/2023\/09\/DB350-scaled.jpg\" alt=\"\" width=\"1171\" height=\"2560\" srcset=\"https:\/\/dongbo2008.com\/wp-content\/uploads\/2023\/09\/DB350-scaled.jpg 1171w, https:\/\/dongbo2008.com\/wp-content\/uploads\/2023\/09\/DB350-137x300.jpg 137w, https:\/\/dongbo2008.com\/wp-content\/uploads\/2023\/09\/DB350-468x1024.jpg 468w, https:\/\/dongbo2008.com\/wp-content\/uploads\/2023\/09\/DB350-768x1679.jpg 768w, https:\/\/dongbo2008.com\/wp-content\/uploads\/2023\/09\/DB350-703x1536.jpg 703w, https:\/\/dongbo2008.com\/wp-content\/uploads\/2023\/09\/DB350-937x2048.jpg 937w, https:\/\/dongbo2008.com\/wp-content\/uploads\/2023\/09\/DB350-600x1312.jpg 600w\" sizes=\"(max-width: 1171px) 100vw, 1171px\" \/><\/p>","protected":false},"excerpt":{"rendered":"<p>Minimize sua carga de trabalho di\u00e1ria adquirindo este contador de moedas para sua pequena empresa.<\/p>\n<p>Temperatura ambiente: 0\u00b0C~40\u00b0C<br \/>\nUmidade ambiente: 30 ~ 80%<br \/>\nCapacidade do funil: 300 ~ 500 pe\u00e7as<br \/>\nCapacidade do slot de recebimento: 80 ~ 150 pe\u00e7as<br \/>\nVelocidade de contagem: At\u00e9 330 pe\u00e7as\/minuto (M\u00c1X.)<br \/>\nExibi\u00e7\u00e3o do n\u00famero predefinido do lote: LED de 3 d\u00edgitos<br \/>\nExibi\u00e7\u00e3o de n\u00famero de contagem: LED de 4 d\u00edgitos<br \/>\nFonte de alimenta\u00e7\u00e3o: AC220V\/50Hz, AC110V\/60Hz<br \/>\nConsumo de energia: 45W (M\u00c1X.)<br \/>\ndimens\u00e3o: 355 mm \u00d7 330 mm \u00d7 266 mm<br \/>\nPeso l\u00edquido: 4,5kg<\/p>","protected":false},"featured_media":531,"template":"","meta":[],"product_brand":[],"product_cat":[21],"product_tag":[],"class_list":{"0":"post-529","1":"product","2":"type-product","3":"status-publish","4":"has-post-thumbnail","6":"product_cat-coin-counter-series","8":"first","9":"instock","10":"shipping-taxable","11":"product-type-simple"},"_links":{"self":[{"href":"https:\/\/dongbo2008.com\/pt\/wp-json\/wp\/v2\/product\/529","targetHints":{"allow":["GET"]}}],"collection":[{"href":"https:\/\/dongbo2008.com\/pt\/wp-json\/wp\/v2\/product"}],"about":[{"href":"https:\/\/dongbo2008.com\/pt\/wp-json\/wp\/v2\/types\/product"}],"wp:featuredmedia":[{"embeddable":true,"href":"https:\/\/dongbo2008.com\/pt\/wp-json\/wp\/v2\/media\/531"}],"wp:attachment":[{"href":"https:\/\/dongbo2008.com\/pt\/wp-json\/wp\/v2\/media?parent=529"}],"wp:term":[{"taxonomy":"product_brand","embeddable":true,"href":"https:\/\/dongbo2008.com\/pt\/wp-json\/wp\/v2\/product_brand?post=529"},{"taxonomy":"product_cat","embeddable":true,"href":"https:\/\/dongbo2008.com\/pt\/wp-json\/wp\/v2\/product_cat?post=529"},{"taxonomy":"product_tag","embeddable":true,"href":"https:\/\/dongbo2008.com\/pt\/wp-json\/wp\/v2\/product_tag?post=529"}],"curies":[{"name":"wp","href":"https:\/\/api.w.org\/{rel}","templated":true}]}}