{"id":502,"date":"2023-09-30T01:11:36","date_gmt":"2023-09-30T01:11:36","guid":{"rendered":"https:\/\/dongbo2008.com\/?post_type=product&#038;p=502"},"modified":"2024-09-18T02:38:53","modified_gmt":"2024-09-18T02:38:53","slug":"db020","status":"publish","type":"product","link":"https:\/\/dongbo2008.com\/pt\/produto\/db020\/","title":{"rendered":"DB020 \u2013 Detectores de falsifica\u00e7\u00e3o: o melhor para revendedores e distribuidores"},"content":{"rendered":"<p>Dispon\u00edvel para notas, faturas, cheques, contas e outros artigos no mundo<br \/>\nDetec\u00e7\u00e3o de falsifica\u00e7\u00f5es: UV, MG, marca d\u2019\u00e1gua e lupa<br \/>\nDetec\u00e7\u00e3o de falsifica\u00e7\u00e3o UV e linha branca para verificar a fluoresc\u00eancia e a marca d&#039;\u00e1gua nas notas<br \/>\nA lupa 5X oferece uma vis\u00e3o mais clara da superf\u00edcie da nota<br \/>\nFeito de pl\u00e1stico ABS preto de alta qualidade, rea\u00e7\u00e3o anti-UV, anti-combust\u00e3o<\/p>","protected":false},"excerpt":{"rendered":"<p>Tubo UV: 2 pe\u00e7as, 6 W\/pe\u00e7a<br \/>\nTubo de luz branca: 1 pe\u00e7a, 4W<br \/>\nDimens\u00e3o: 275 mm x 150 mm x 140 mm<br \/>\nPeso L\u00edquido: 0,9Kg<br \/>\nFonte de alimenta\u00e7\u00e3o: 110V ou 220V, AC50\/60Hz<br \/>\nEmbalagem: 12 unidades\/ctn, 590 mm x 295 mm x 475 mm<br \/>\nPeso Bruto: 15,0kg<\/p>","protected":false},"featured_media":605,"template":"","meta":[],"product_brand":[],"product_cat":[20],"product_tag":[],"class_list":{"0":"post-502","1":"product","2":"type-product","3":"status-publish","4":"has-post-thumbnail","6":"product_cat-counterfeit-detector-series","8":"first","9":"instock","10":"shipping-taxable","11":"product-type-simple"},"_links":{"self":[{"href":"https:\/\/dongbo2008.com\/pt\/wp-json\/wp\/v2\/product\/502","targetHints":{"allow":["GET"]}}],"collection":[{"href":"https:\/\/dongbo2008.com\/pt\/wp-json\/wp\/v2\/product"}],"about":[{"href":"https:\/\/dongbo2008.com\/pt\/wp-json\/wp\/v2\/types\/product"}],"wp:featuredmedia":[{"embeddable":true,"href":"https:\/\/dongbo2008.com\/pt\/wp-json\/wp\/v2\/media\/605"}],"wp:attachment":[{"href":"https:\/\/dongbo2008.com\/pt\/wp-json\/wp\/v2\/media?parent=502"}],"wp:term":[{"taxonomy":"product_brand","embeddable":true,"href":"https:\/\/dongbo2008.com\/pt\/wp-json\/wp\/v2\/product_brand?post=502"},{"taxonomy":"product_cat","embeddable":true,"href":"https:\/\/dongbo2008.com\/pt\/wp-json\/wp\/v2\/product_cat?post=502"},{"taxonomy":"product_tag","embeddable":true,"href":"https:\/\/dongbo2008.com\/pt\/wp-json\/wp\/v2\/product_tag?post=502"}],"curies":[{"name":"wp","href":"https:\/\/api.w.org\/{rel}","templated":true}]}}