{"id":487,"date":"2023-09-30T01:08:27","date_gmt":"2023-09-30T01:08:27","guid":{"rendered":"https:\/\/dongbo2008.com\/?post_type=product&#038;p=487"},"modified":"2024-09-18T02:37:01","modified_gmt":"2024-09-18T02:37:01","slug":"db3000","status":"publish","type":"product","link":"https:\/\/dongbo2008.com\/pt\/produto\/db3000\/","title":{"rendered":"DB3000 \u2013 Contadores de Moedas Recomendados para Prestadores de Servi\u00e7os de Atacado"},"content":{"rendered":"<p><strong>Sistema de fric\u00e7\u00e3o de rolo do sistema de alimenta\u00e7\u00e3o<\/strong><br \/>\nMoedas dispon\u00edveis Euro, USD e uma moeda local (at\u00e9 5 moedas)<br \/>\nModos de contagem Modo de in\u00edcio autom\u00e1tico ou manual<br \/>\nModo de contagem cont\u00ednua<br \/>\nModo de contagem de lote<br \/>\nSomente modo de contagem<br \/>\nModo de contagem de valores (misto, \u00fanico, face, orienta\u00e7\u00e3o)<br \/>\nModo de contagem de classifica\u00e7\u00e3o<br \/>\nN\u00edvel de velocidade de contagem 1: 800 notas\/minuto<br \/>\nN\u00edvel 2: 1000 notas\/minuto<br \/>\nN\u00edvel 3: 1200 notas\/minuto (contando apenas com detec\u00e7\u00e3o de falsifica\u00e7\u00e3o)<br \/>\nN\u00edvel 4: 1500 notas\/minuto (apenas contando)<br \/>\nDetec\u00e7\u00e3o de falsifica\u00e7\u00e3o UV, MG (op\u00e7\u00e3o), MT (op\u00e7\u00e3o), IR (op\u00e7\u00e3o)<br \/>\nReconhecimento de moeda 4 dire\u00e7\u00f5es<br \/>\nTipo de display LCD gr\u00e1fico com luz de fundo azul<br \/>\nCapacidade do funil At\u00e9 500 notas<br \/>\nCapacidade do empilhador At\u00e9 200 notas<br \/>\nRejeitar capacidade de bolso at\u00e9 100 notas (padr\u00e3o: 50 notas)<br \/>\nTamanho da nota cont\u00e1vel 40\u00d790~100\u00d7175(mm)<br \/>\nEspessura 0,05~0,15(mm)<br \/>\nAtualiza\u00e7\u00e3o de software via PC pela porta serial RS232<br \/>\nFonte de energia? CA 100 ~ 240 Volts, 50\/60 Hz<br \/>\nConsumo de energia &lt;100Watts<br \/>\nDimens\u00f5es C\u00d7L\u00d7A: 340mm\u00d7310mm\u00d7295mm<br \/>\nPeso L\u00cdQUIDO: 11KG; BRUTO: 12KG<br \/>\nOutras fun\u00e7\u00f5es Sistema de autodiagn\u00f3stico, impress\u00e3o, backup de mem\u00f3ria<br \/>\nRecuperar padr\u00e3o, display LED remoto<\/p>\n<p><img fetchpriority=\"high\" decoding=\"async\" class=\"alignnone size-full wp-image-488\" src=\"https:\/\/dongbo2008.com\/wp-content\/uploads\/2023\/09\/db3000.jpg\" alt=\"\" width=\"960\" height=\"1407\" srcset=\"https:\/\/dongbo2008.com\/wp-content\/uploads\/2023\/09\/db3000.jpg 960w, https:\/\/dongbo2008.com\/wp-content\/uploads\/2023\/09\/db3000-205x300.jpg 205w, https:\/\/dongbo2008.com\/wp-content\/uploads\/2023\/09\/db3000-699x1024.jpg 699w, https:\/\/dongbo2008.com\/wp-content\/uploads\/2023\/09\/db3000-768x1126.jpg 768w, https:\/\/dongbo2008.com\/wp-content\/uploads\/2023\/09\/db3000-600x879.jpg 600w\" sizes=\"(max-width: 960px) 100vw, 960px\" \/><\/p>","protected":false},"excerpt":{"rendered":"<p>Contador e classificador de notas para servi\u00e7os pesados<\/p>\n<p>Sistema de alimenta\u00e7\u00e3o: Sistema de fric\u00e7\u00e3o de rolo<br \/>\nCapacidade do funil: 500 pe\u00e7as<br \/>\nCapacidade de bolso rejeitado: 100 pe\u00e7as<br \/>\nCapacidade do empilhador: 200 pe\u00e7as<br \/>\nTamanho da nota cont\u00e1vel: 50\u00d790~110\u00d7175(mm)<br \/>\nEspessura da nota cont\u00e1vel: 0,05 ~ 0,15 (mm)<br \/>\nVelocidade de contagem: 600\/1000\/1200\/1500 pe\u00e7as\/minuto<br \/>\nMoedas dispon\u00edveis: Euro, USD, RMB e uma moeda local (at\u00e9 5 moedas)<br \/>\nTipo de exibi\u00e7\u00e3o: LCD gr\u00e1fico (128*64 pontos)<br \/>\nDisplay remoto: 6 d\u00edgitos em um display LED remoto (opcional)<br \/>\nAtualiza\u00e7\u00e3o de software: Via para PC pela porta serial RS232<br \/>\nFonte de alimenta\u00e7\u00e3o: AC100 ~ 240 Volts, 50\/60 Hz<br \/>\nTamanho do fus\u00edvel: 3A<br \/>\nConsumo de energia: m\u00e1x. 100 Watts<br \/>\ndimens\u00e3o: 340 mm \u00d7 310 mm \u00d7 295 mm<br \/>\nPeso l\u00edquido: 11,0kg<br \/>\nTemperatura ambiente: 0\u00b0C~40\u00b0C<br \/>\nUmidade relativa: 30 ~ 80%<\/p>","protected":false},"featured_media":489,"template":"","meta":[],"product_brand":[],"product_cat":[18],"product_tag":[],"class_list":{"0":"post-487","1":"product","2":"type-product","3":"status-publish","4":"has-post-thumbnail","6":"product_cat-currency-counter-series","8":"first","9":"instock","10":"shipping-taxable","11":"product-type-simple"},"_links":{"self":[{"href":"https:\/\/dongbo2008.com\/pt\/wp-json\/wp\/v2\/product\/487","targetHints":{"allow":["GET"]}}],"collection":[{"href":"https:\/\/dongbo2008.com\/pt\/wp-json\/wp\/v2\/product"}],"about":[{"href":"https:\/\/dongbo2008.com\/pt\/wp-json\/wp\/v2\/types\/product"}],"wp:featuredmedia":[{"embeddable":true,"href":"https:\/\/dongbo2008.com\/pt\/wp-json\/wp\/v2\/media\/489"}],"wp:attachment":[{"href":"https:\/\/dongbo2008.com\/pt\/wp-json\/wp\/v2\/media?parent=487"}],"wp:term":[{"taxonomy":"product_brand","embeddable":true,"href":"https:\/\/dongbo2008.com\/pt\/wp-json\/wp\/v2\/product_brand?post=487"},{"taxonomy":"product_cat","embeddable":true,"href":"https:\/\/dongbo2008.com\/pt\/wp-json\/wp\/v2\/product_cat?post=487"},{"taxonomy":"product_tag","embeddable":true,"href":"https:\/\/dongbo2008.com\/pt\/wp-json\/wp\/v2\/product_tag?post=487"}],"curies":[{"name":"wp","href":"https:\/\/api.w.org\/{rel}","templated":true}]}}