{"id":480,"date":"2023-09-30T01:04:41","date_gmt":"2023-09-30T01:04:41","guid":{"rendered":"https:\/\/dongbo2008.com\/?post_type=product&#038;p=480"},"modified":"2024-09-18T02:35:56","modified_gmt":"2024-09-18T02:35:56","slug":"db550-2","status":"publish","type":"product","link":"https:\/\/dongbo2008.com\/pt\/produto\/db550-2\/","title":{"rendered":"DB550 \u2013 Contadores de moeda eficientes para atacado e f\u00e1brica"},"content":{"rendered":"<p><strong>Modos de contagem:<\/strong><br \/>\nModo de contagem cont\u00ednua,<br \/>\nModo de contagem em lote,<br \/>\nModo de contagem de valor,<br \/>\nModo de in\u00edcio autom\u00e1tico ou manual<\/p>\n<p><strong>Modos de detec\u00e7\u00e3o:<\/strong><br \/>\nDetec\u00e7\u00e3o dupla, detec\u00e7\u00e3o de largura, modo de detec\u00e7\u00e3o de altura<br \/>\nModo de detec\u00e7\u00e3o de falsifica\u00e7\u00e3o UV, detec\u00e7\u00e3o de falsifica\u00e7\u00e3o MG,<br \/>\nDetec\u00e7\u00e3o de falsifica\u00e7\u00e3o de fio met\u00e1lico (opcional),<br \/>\nDetec\u00e7\u00e3o de falsifica\u00e7\u00e3o MT-CODE (opcional),<br \/>\nModo de detec\u00e7\u00e3o de falsifica\u00e7\u00e3o por infravermelho (opcional)<\/p>\n<p>Backup de mem\u00f3ria: mem\u00f3ria de configura\u00e7\u00e3o de fun\u00e7\u00e3o, mem\u00f3ria de configura\u00e7\u00e3o em lote<br \/>\nFun\u00e7\u00e3o de impress\u00e3o: Imprimir relat\u00f3rio do resultado da contagem com impressora (opcional)<br \/>\nInterface de dados: porta serial micro USB RS-232<br \/>\nFonte de alimenta\u00e7\u00e3o: 100 ~ 240 Volts CA, 50\/60 Hz<br \/>\nTamanho do fus\u00edvel: 3A<br \/>\nConsumo de energia: &lt;55Watts<br \/>\nDimens\u00f5es: 275 mm \u00d7 227 mm \u00d7 195 mm<br \/>\nPeso: 6,0kg<br \/>\nTemperatura ambiente: 0~40\u2103<br \/>\nUmidade relativa: 30 ~ 80%<\/p>\n<p><img fetchpriority=\"high\" decoding=\"async\" class=\"alignnone size-full wp-image-481\" src=\"https:\/\/dongbo2008.com\/wp-content\/uploads\/2023\/09\/DB550-1-scaled.jpg\" alt=\"\" width=\"520\" height=\"2560\" srcset=\"https:\/\/dongbo2008.com\/wp-content\/uploads\/2023\/09\/DB550-1-scaled.jpg 520w, https:\/\/dongbo2008.com\/wp-content\/uploads\/2023\/09\/DB550-1-61x300.jpg 61w, https:\/\/dongbo2008.com\/wp-content\/uploads\/2023\/09\/DB550-1-208x1024.jpg 208w, https:\/\/dongbo2008.com\/wp-content\/uploads\/2023\/09\/DB550-1-768x3779.jpg 768w, https:\/\/dongbo2008.com\/wp-content\/uploads\/2023\/09\/DB550-1-312x1536.jpg 312w, https:\/\/dongbo2008.com\/wp-content\/uploads\/2023\/09\/DB550-1-416x2048.jpg 416w, https:\/\/dongbo2008.com\/wp-content\/uploads\/2023\/09\/DB550-1-600x2953.jpg 600w\" sizes=\"(max-width: 520px) 100vw, 520px\" \/><\/p>","protected":false},"excerpt":{"rendered":"<p>Carregamento frontal, contador de notas de alta velocidade e resistente<\/p>\n<p>Sistema de alimenta\u00e7\u00e3o: Sistema de fric\u00e7\u00e3o de rolo<br \/>\nCapacidade do funil: 300 folhas\/notas<br \/>\nCapacidade do empilhador: 200 folhas\/notas<br \/>\nNota cont\u00e1vel: Tamanho 50\u00d790~110\u00d7175(mm) Espessura 0,05~0,15(mm)<br \/>\nVelocidade de contagem: 600 notas\/min, 1000 notas\/min, 1200 notas\/min, 1600 notas\/min (apenas contagem)<br \/>\nDisplay remoto: 6 d\u00edgitos em um display LED remoto (opcional)<\/p>","protected":false},"featured_media":483,"template":"","meta":[],"product_brand":[],"product_cat":[18],"product_tag":[],"class_list":{"0":"post-480","1":"product","2":"type-product","3":"status-publish","4":"has-post-thumbnail","6":"product_cat-currency-counter-series","8":"first","9":"instock","10":"shipping-taxable","11":"product-type-simple"},"_links":{"self":[{"href":"https:\/\/dongbo2008.com\/pt\/wp-json\/wp\/v2\/product\/480","targetHints":{"allow":["GET"]}}],"collection":[{"href":"https:\/\/dongbo2008.com\/pt\/wp-json\/wp\/v2\/product"}],"about":[{"href":"https:\/\/dongbo2008.com\/pt\/wp-json\/wp\/v2\/types\/product"}],"wp:featuredmedia":[{"embeddable":true,"href":"https:\/\/dongbo2008.com\/pt\/wp-json\/wp\/v2\/media\/483"}],"wp:attachment":[{"href":"https:\/\/dongbo2008.com\/pt\/wp-json\/wp\/v2\/media?parent=480"}],"wp:term":[{"taxonomy":"product_brand","embeddable":true,"href":"https:\/\/dongbo2008.com\/pt\/wp-json\/wp\/v2\/product_brand?post=480"},{"taxonomy":"product_cat","embeddable":true,"href":"https:\/\/dongbo2008.com\/pt\/wp-json\/wp\/v2\/product_cat?post=480"},{"taxonomy":"product_tag","embeddable":true,"href":"https:\/\/dongbo2008.com\/pt\/wp-json\/wp\/v2\/product_tag?post=480"}],"curies":[{"name":"wp","href":"https:\/\/api.w.org\/{rel}","templated":true}]}}