{"id":475,"date":"2023-09-30T01:01:03","date_gmt":"2023-09-30T01:01:03","guid":{"rendered":"https:\/\/dongbo2008.com\/?post_type=product&#038;p=475"},"modified":"2024-09-18T02:33:33","modified_gmt":"2024-09-18T02:33:33","slug":"db010","status":"publish","type":"product","link":"https:\/\/dongbo2008.com\/pt\/produto\/db010\/","title":{"rendered":"DB010 \u2013 Detectores de falsifica\u00e7\u00e3o de alta qualidade para revendedores"},"content":{"rendered":"<p>Dispon\u00edvel para notas, faturas, cheques, contas e outros artigos no mundo<br \/>\nDetec\u00e7\u00e3o de falsifica\u00e7\u00f5es: UV, MG e marca d&#039;\u00e1gua<br \/>\nDetec\u00e7\u00e3o de falsifica\u00e7\u00e3o UV e linha branca para verificar a fluoresc\u00eancia e a marca d&#039;\u00e1gua nas notas<br \/>\nAutodiagn\u00f3stico de falhas e aviso de falha<\/p>","protected":false},"excerpt":{"rendered":"<p>Tubo UV: 1 pe\u00e7a, 4W<br \/>\nTubo de luz branca: 1 pe\u00e7a, 4W<br \/>\nDimens\u00e3o: 235 mm x 130 mm x 125 mm<br \/>\nPeso l\u00edquido: 1,2 kg<br \/>\nFonte de alimenta\u00e7\u00e3o: AC110V ou 220V, 50\/60Hz<br \/>\nEmbalagem: 20 unidades\/ctn, 490 mm x 390 mm x 385 mm<br \/>\nPeso Bruto: 13kg<\/p>","protected":false},"featured_media":601,"template":"","meta":[],"product_brand":[],"product_cat":[20],"product_tag":[],"class_list":{"0":"post-475","1":"product","2":"type-product","3":"status-publish","4":"has-post-thumbnail","6":"product_cat-counterfeit-detector-series","8":"first","9":"instock","10":"shipping-taxable","11":"product-type-simple"},"_links":{"self":[{"href":"https:\/\/dongbo2008.com\/pt\/wp-json\/wp\/v2\/product\/475","targetHints":{"allow":["GET"]}}],"collection":[{"href":"https:\/\/dongbo2008.com\/pt\/wp-json\/wp\/v2\/product"}],"about":[{"href":"https:\/\/dongbo2008.com\/pt\/wp-json\/wp\/v2\/types\/product"}],"wp:featuredmedia":[{"embeddable":true,"href":"https:\/\/dongbo2008.com\/pt\/wp-json\/wp\/v2\/media\/601"}],"wp:attachment":[{"href":"https:\/\/dongbo2008.com\/pt\/wp-json\/wp\/v2\/media?parent=475"}],"wp:term":[{"taxonomy":"product_brand","embeddable":true,"href":"https:\/\/dongbo2008.com\/pt\/wp-json\/wp\/v2\/product_brand?post=475"},{"taxonomy":"product_cat","embeddable":true,"href":"https:\/\/dongbo2008.com\/pt\/wp-json\/wp\/v2\/product_cat?post=475"},{"taxonomy":"product_tag","embeddable":true,"href":"https:\/\/dongbo2008.com\/pt\/wp-json\/wp\/v2\/product_tag?post=475"}],"curies":[{"name":"wp","href":"https:\/\/api.w.org\/{rel}","templated":true}]}}