{"id":472,"date":"2023-09-30T00:59:56","date_gmt":"2023-09-30T00:59:56","guid":{"rendered":"https:\/\/dongbo2008.com\/?post_type=product&#038;p=472"},"modified":"2024-09-18T02:33:05","modified_gmt":"2024-09-18T02:33:05","slug":"db10","status":"publish","type":"product","link":"https:\/\/dongbo2008.com\/pt\/produto\/db10\/","title":{"rendered":"DB10 \u2013 Detectores de Falsifica\u00e7\u00e3o 2024: Ideal para Distribuidores"},"content":{"rendered":"<p>\u00c9 o menor detector autom\u00e1tico e port\u00e1til do mundo. O design compacto facilita o transporte sem qualquer peso. Voc\u00ea pode usar a m\u00e1quina como detector de mesa. Voc\u00ea tamb\u00e9m pode carregar a m\u00e1quina na cintura. Voc\u00ea tamb\u00e9m pode pendurar a m\u00e1quina no ombro.<\/p>\n<p><img fetchpriority=\"high\" decoding=\"async\" class=\"alignnone size-full wp-image-473\" src=\"https:\/\/dongbo2008.com\/wp-content\/uploads\/2023\/09\/DB10-01.jpg\" alt=\"\" width=\"960\" height=\"2042\" srcset=\"https:\/\/dongbo2008.com\/wp-content\/uploads\/2023\/09\/DB10-01.jpg 960w, https:\/\/dongbo2008.com\/wp-content\/uploads\/2023\/09\/DB10-01-141x300.jpg 141w, https:\/\/dongbo2008.com\/wp-content\/uploads\/2023\/09\/DB10-01-481x1024.jpg 481w, https:\/\/dongbo2008.com\/wp-content\/uploads\/2023\/09\/DB10-01-768x1634.jpg 768w, https:\/\/dongbo2008.com\/wp-content\/uploads\/2023\/09\/DB10-01-722x1536.jpg 722w, https:\/\/dongbo2008.com\/wp-content\/uploads\/2023\/09\/DB10-01-600x1276.jpg 600w\" sizes=\"(max-width: 960px) 100vw, 960px\" \/><\/p>","protected":false},"excerpt":{"rendered":"<p>\u25cf Recursos de teste: infravermelho, reconhecimento de tamanho 2D, transpar\u00eancia do papel<br \/>\n\u25cf Tens\u00e3o de alimenta\u00e7\u00e3o CA: AC100V~240V 50\/60Hz<br \/>\n\u25cf Tens\u00e3o de alimenta\u00e7\u00e3o CC: CC 9V\/1A<br \/>\n\u25cf Bateria: Bateria de l\u00edtio recarreg\u00e1vel 7,4V\/650mAH<br \/>\n\u25cf Tempo de carregamento: Aprox. 5 horas<br \/>\n\u25cf Tempo de funcionamento aproximado: 3 horas (servi\u00e7o cont\u00ednuo)<br \/>\n\u25cf Consumo de energia: &lt;10 W<br \/>\n\u25cf Velocidade: &lt;0,5 segundo\/folha<br \/>\n\u25cf Peso:0,34Kg<br \/>\n\u25cf Temperatura operacional:0~45\u2103<br \/>\n\u25cf Temperatura de armazenamento: -10~65\u2103<br \/>\n\u25cf Dimens\u00e3o: 124*100*69 M<\/p>\n<p>Informa\u00e7\u00f5es de embalagem:<br \/>\n16 PCS\/CTN, 11,4 KGS\/CTN, 53,7*35,7*42CM\/CTN<\/p>","protected":false},"featured_media":600,"template":"","meta":[],"product_brand":[],"product_cat":[20],"product_tag":[],"class_list":{"0":"post-472","1":"product","2":"type-product","3":"status-publish","4":"has-post-thumbnail","6":"product_cat-counterfeit-detector-series","8":"first","9":"instock","10":"shipping-taxable","11":"product-type-simple"},"_links":{"self":[{"href":"https:\/\/dongbo2008.com\/pt\/wp-json\/wp\/v2\/product\/472","targetHints":{"allow":["GET"]}}],"collection":[{"href":"https:\/\/dongbo2008.com\/pt\/wp-json\/wp\/v2\/product"}],"about":[{"href":"https:\/\/dongbo2008.com\/pt\/wp-json\/wp\/v2\/types\/product"}],"wp:featuredmedia":[{"embeddable":true,"href":"https:\/\/dongbo2008.com\/pt\/wp-json\/wp\/v2\/media\/600"}],"wp:attachment":[{"href":"https:\/\/dongbo2008.com\/pt\/wp-json\/wp\/v2\/media?parent=472"}],"wp:term":[{"taxonomy":"product_brand","embeddable":true,"href":"https:\/\/dongbo2008.com\/pt\/wp-json\/wp\/v2\/product_brand?post=472"},{"taxonomy":"product_cat","embeddable":true,"href":"https:\/\/dongbo2008.com\/pt\/wp-json\/wp\/v2\/product_cat?post=472"},{"taxonomy":"product_tag","embeddable":true,"href":"https:\/\/dongbo2008.com\/pt\/wp-json\/wp\/v2\/product_tag?post=472"}],"curies":[{"name":"wp","href":"https:\/\/api.w.org\/{rel}","templated":true}]}}