{"id":460,"date":"2023-09-30T01:46:25","date_gmt":"2023-09-30T01:46:25","guid":{"rendered":"https:\/\/dongbo2008.com\/?post_type=product&#038;p=460"},"modified":"2024-09-18T02:41:02","modified_gmt":"2024-09-18T02:41:02","slug":"db323","status":"publish","type":"product","link":"https:\/\/dongbo2008.com\/pt\/produto\/db323\/","title":{"rendered":"DB323 \u2013 Os melhores detectores de falsifica\u00e7\u00e3o para atacado e distribui\u00e7\u00e3o"},"content":{"rendered":"<p><img fetchpriority=\"high\" decoding=\"async\" class=\"alignnone size-full wp-image-461\" src=\"https:\/\/dongbo2008.com\/wp-content\/uploads\/2023\/09\/DB323.jpg\" alt=\"\" width=\"2480\" height=\"2129\" srcset=\"https:\/\/dongbo2008.com\/wp-content\/uploads\/2023\/09\/DB323.jpg 2480w, https:\/\/dongbo2008.com\/wp-content\/uploads\/2023\/09\/DB323-300x258.jpg 300w, https:\/\/dongbo2008.com\/wp-content\/uploads\/2023\/09\/DB323-1024x879.jpg 1024w, https:\/\/dongbo2008.com\/wp-content\/uploads\/2023\/09\/DB323-768x659.jpg 768w, https:\/\/dongbo2008.com\/wp-content\/uploads\/2023\/09\/DB323-1536x1319.jpg 1536w, https:\/\/dongbo2008.com\/wp-content\/uploads\/2023\/09\/DB323-2048x1758.jpg 2048w, https:\/\/dongbo2008.com\/wp-content\/uploads\/2023\/09\/DB323-600x515.jpg 600w\" sizes=\"(max-width: 2480px) 100vw, 2480px\" \/><\/p>","protected":false},"excerpt":{"rendered":"<p>Moedas dispon\u00edveis: At\u00e9 6 tipos de moeda, EURO, USD e outros<br \/>\nDire\u00e7\u00e3o de inser\u00e7\u00e3o: uma dire\u00e7\u00e3o<br \/>\nVelocidade de detec\u00e7\u00e3o: &lt;0,5 segundo\/pe\u00e7a<br \/>\nTipo de exibi\u00e7\u00e3o: LED<br \/>\nDetec\u00e7\u00e3o de falsifica\u00e7\u00e3o: IR, MG, marca d&#039;\u00e1gua<br \/>\nDire\u00e7\u00e3o de eje\u00e7\u00e3o: traseira ou frontal<br \/>\nInterface de conectividade: RJ11 (conecte ao PC para atualizar o Discriminator)<br \/>\nFonte de alimenta\u00e7\u00e3o: Adaptador, entrada: AC100V~240V, 50\/60Hz; Sa\u00edda DC12V, 1A<br \/>\nBateria (opcional): \u00edon de l\u00edtio recarreg\u00e1vel 12V, 700mAH (detecta cerca de 2.500 notas de pe\u00e7a)<br \/>\nConsumo de energia: Standby, &lt;1W; Opera\u00e7\u00e3o: &lt;10W<br \/>\nTemperatura ambiente: 0\u00b0C~40\u00b0C<br \/>\nUmidade relativa: 30% ~ 80%<br \/>\nDimens\u00e3o: 200 mm x 115 mm x 76 mm<br \/>\nPeso l\u00edquido: 0,6kg<br \/>\nEmbalagem: 12 unidades\/ctn, 540 mm x 385 mm x 315 mm<br \/>\nPeso Bruto: 12kg<\/p>","protected":false},"featured_media":462,"template":"","meta":[],"product_brand":[],"product_cat":[20],"product_tag":[],"class_list":{"0":"post-460","1":"product","2":"type-product","3":"status-publish","4":"has-post-thumbnail","6":"product_cat-counterfeit-detector-series","8":"first","9":"instock","10":"shipping-taxable","11":"product-type-simple"},"_links":{"self":[{"href":"https:\/\/dongbo2008.com\/pt\/wp-json\/wp\/v2\/product\/460","targetHints":{"allow":["GET"]}}],"collection":[{"href":"https:\/\/dongbo2008.com\/pt\/wp-json\/wp\/v2\/product"}],"about":[{"href":"https:\/\/dongbo2008.com\/pt\/wp-json\/wp\/v2\/types\/product"}],"wp:featuredmedia":[{"embeddable":true,"href":"https:\/\/dongbo2008.com\/pt\/wp-json\/wp\/v2\/media\/462"}],"wp:attachment":[{"href":"https:\/\/dongbo2008.com\/pt\/wp-json\/wp\/v2\/media?parent=460"}],"wp:term":[{"taxonomy":"product_brand","embeddable":true,"href":"https:\/\/dongbo2008.com\/pt\/wp-json\/wp\/v2\/product_brand?post=460"},{"taxonomy":"product_cat","embeddable":true,"href":"https:\/\/dongbo2008.com\/pt\/wp-json\/wp\/v2\/product_cat?post=460"},{"taxonomy":"product_tag","embeddable":true,"href":"https:\/\/dongbo2008.com\/pt\/wp-json\/wp\/v2\/product_tag?post=460"}],"curies":[{"name":"wp","href":"https:\/\/api.w.org\/{rel}","templated":true}]}}