{"id":429,"date":"2023-09-28T03:15:15","date_gmt":"2023-09-28T03:15:15","guid":{"rendered":"https:\/\/dongbo2008.com\/?post_type=product&#038;p=429"},"modified":"2024-09-18T02:27:23","modified_gmt":"2024-09-18T02:27:23","slug":"db310a","status":"publish","type":"product","link":"https:\/\/dongbo2008.com\/pt\/produto\/db310a\/","title":{"rendered":"DB310A \u2013 Escritores de cheques acess\u00edveis dos principais fabricantes chineses"},"content":{"rendered":"<p><strong>SOMENTE PARA MERCADO INTERNO<\/strong><\/p>\n<p>Opera\u00e7\u00e3o do teclado, r\u00e1pida e precisa de usar<br \/>\nDisplay LCD de 14 d\u00edgitos, claro e f\u00e1cil de verificar o n\u00famero<br \/>\nFiguras claras em relevo e tinta especial protegem contra altera\u00e7\u00f5es ou falsifica\u00e7\u00f5es<br \/>\nO n\u00famero de cheques emitidos e o valor total s\u00e3o memorizados automaticamente<br \/>\nA mesma quantidade pode ser impressa repetidamente, sem necessidade de segunda entrada<br \/>\nA posi\u00e7\u00e3o de digita\u00e7\u00e3o \u00e9 livre ajustando a verifica\u00e7\u00e3o<br \/>\nTecla \u201cBackspace\u201d para corrigir quaisquer n\u00fameros inseridos incorretamente<br \/>\nPode ser usado como calculadora. O c\u00e1lculo pode ser impresso imediatamente<\/p>","protected":false},"excerpt":{"rendered":"<p>Aplica-se apenas ao mercado interno Verifique a impressora<\/p>\n<div>Dimens\u00e3o: 245 mm x 185 mm x 105 mm<br \/>\nPeso l\u00edquido: 2,2kg<br \/>\nEmbalagem: 4 pe\u00e7as\/caixa<br \/>\nTamanho da caixa: 520 mm x 300 mm x 345 mm<br \/>\nPeso Bruto: 11,2kg<br \/>\nFonte de alimenta\u00e7\u00e3o: AC110V, 60Hz ou AC220V, 50Hz<br \/>\nConsumo de energia: 20W durante o trabalho<\/div>","protected":false},"featured_media":431,"template":"","meta":[],"product_brand":[],"product_cat":[19],"product_tag":[],"class_list":{"0":"post-429","1":"product","2":"type-product","3":"status-publish","4":"has-post-thumbnail","6":"product_cat-check-writer-series","8":"first","9":"instock","10":"shipping-taxable","11":"product-type-simple"},"_links":{"self":[{"href":"https:\/\/dongbo2008.com\/pt\/wp-json\/wp\/v2\/product\/429","targetHints":{"allow":["GET"]}}],"collection":[{"href":"https:\/\/dongbo2008.com\/pt\/wp-json\/wp\/v2\/product"}],"about":[{"href":"https:\/\/dongbo2008.com\/pt\/wp-json\/wp\/v2\/types\/product"}],"wp:featuredmedia":[{"embeddable":true,"href":"https:\/\/dongbo2008.com\/pt\/wp-json\/wp\/v2\/media\/431"}],"wp:attachment":[{"href":"https:\/\/dongbo2008.com\/pt\/wp-json\/wp\/v2\/media?parent=429"}],"wp:term":[{"taxonomy":"product_brand","embeddable":true,"href":"https:\/\/dongbo2008.com\/pt\/wp-json\/wp\/v2\/product_brand?post=429"},{"taxonomy":"product_cat","embeddable":true,"href":"https:\/\/dongbo2008.com\/pt\/wp-json\/wp\/v2\/product_cat?post=429"},{"taxonomy":"product_tag","embeddable":true,"href":"https:\/\/dongbo2008.com\/pt\/wp-json\/wp\/v2\/product_tag?post=429"}],"curies":[{"name":"wp","href":"https:\/\/api.w.org\/{rel}","templated":true}]}}