{"id":423,"date":"2023-09-28T03:11:30","date_gmt":"2023-09-28T03:11:30","guid":{"rendered":"https:\/\/dongbo2008.com\/?post_type=product&#038;p=423"},"modified":"2024-09-18T02:26:35","modified_gmt":"2024-09-18T02:26:35","slug":"db150","status":"publish","type":"product","link":"https:\/\/dongbo2008.com\/pt\/produto\/db150\/","title":{"rendered":"DB150 \u2013 S\u00e9rie Contadores de Moedas: Ideal para Atacadistas de Manufatura"},"content":{"rendered":"<p><strong>SELECIONE SEU INTERESSE AGORA<\/strong><\/p>\n<table border=\"1\" cellspacing=\"0\" cellpadding=\"1\">\n<tbody>\n<tr>\n<td><strong>MODELO<\/strong><\/td>\n<td><strong>FUN\u00c7\u00d5ES OPCIONAIS<\/strong><\/td>\n<\/tr>\n<tr>\n<td>DB150<\/td>\n<td>Modelo B\u00e1sico, Fun\u00e7\u00f5es B\u00e1sicas<\/td>\n<\/tr>\n<tr>\n<td>DB150UV<\/td>\n<td>Detec\u00e7\u00e3o UV<\/td>\n<\/tr>\n<tr>\n<td>DB150MG<\/td>\n<td>Detec\u00e7\u00e3o de MG<\/td>\n<\/tr>\n<tr>\n<td>DB150UVMG<\/td>\n<td>Detec\u00e7\u00e3o UV MG<\/td>\n<\/tr>\n<\/tbody>\n<\/table>\n<p><img fetchpriority=\"high\" decoding=\"async\" class=\"alignnone size-full wp-image-424\" src=\"https:\/\/dongbo2008.com\/wp-content\/uploads\/2023\/09\/DB150.jpg\" alt=\"\" width=\"960\" height=\"1479\" srcset=\"https:\/\/dongbo2008.com\/wp-content\/uploads\/2023\/09\/DB150.jpg 960w, https:\/\/dongbo2008.com\/wp-content\/uploads\/2023\/09\/DB150-195x300.jpg 195w, https:\/\/dongbo2008.com\/wp-content\/uploads\/2023\/09\/DB150-665x1024.jpg 665w, https:\/\/dongbo2008.com\/wp-content\/uploads\/2023\/09\/DB150-768x1183.jpg 768w, https:\/\/dongbo2008.com\/wp-content\/uploads\/2023\/09\/DB150-600x924.jpg 600w\" sizes=\"(max-width: 960px) 100vw, 960px\" \/><\/p>","protected":false},"excerpt":{"rendered":"<p>A palavra inicia\u00e7\u00e3o,Nova concep\u00e7\u00e3o,Novo design.<\/p>\n<p>Temperatura ambiente: 0\u00b0C~40\u00b0C<br \/>\nUmidade ambiente: 30 ~ 80%<br \/>\nSistema de alimenta\u00e7\u00e3o: Sistema de fric\u00e7\u00e3o de rolo<br \/>\nCapacidade do funil: 200 pe\u00e7as<br \/>\nCapacidade do empilhador: 200 pe\u00e7as<br \/>\nVelocidade de contagem: 1000 pe\u00e7as\/minuto<br \/>\nTamanho da nota cont\u00e1vel: 50\u00d7100~100\u00d7175 (mm)<br \/>\nEspessura da nota cont\u00e1vel: 0,06 ~ 0,12 (mm)<br \/>\nExibi\u00e7\u00e3o do n\u00famero predefinido do lote: LED de 3 d\u00edgitos<br \/>\nExibi\u00e7\u00e3o de n\u00famero de contagem: LED de 4 d\u00edgitos<br \/>\nFonte de alimenta\u00e7\u00e3o: AC220V\/50Hz ou AC110V\/60Hz<br \/>\nConsumo de energia: &lt;70W<br \/>\ndimens\u00e3o: 289 mm x 252 mm x 190 mm<br \/>\nPeso L\u00edquido: 8,0Kg<br \/>\nSensibilidade de detec\u00e7\u00e3o de altura: 4\/5\/6\u00b11mm<\/p>","protected":false},"featured_media":425,"template":"","meta":[],"product_brand":[],"product_cat":[18],"product_tag":[],"class_list":{"0":"post-423","1":"product","2":"type-product","3":"status-publish","4":"has-post-thumbnail","6":"product_cat-currency-counter-series","8":"first","9":"instock","10":"shipping-taxable","11":"product-type-simple"},"_links":{"self":[{"href":"https:\/\/dongbo2008.com\/pt\/wp-json\/wp\/v2\/product\/423","targetHints":{"allow":["GET"]}}],"collection":[{"href":"https:\/\/dongbo2008.com\/pt\/wp-json\/wp\/v2\/product"}],"about":[{"href":"https:\/\/dongbo2008.com\/pt\/wp-json\/wp\/v2\/types\/product"}],"wp:featuredmedia":[{"embeddable":true,"href":"https:\/\/dongbo2008.com\/pt\/wp-json\/wp\/v2\/media\/425"}],"wp:attachment":[{"href":"https:\/\/dongbo2008.com\/pt\/wp-json\/wp\/v2\/media?parent=423"}],"wp:term":[{"taxonomy":"product_brand","embeddable":true,"href":"https:\/\/dongbo2008.com\/pt\/wp-json\/wp\/v2\/product_brand?post=423"},{"taxonomy":"product_cat","embeddable":true,"href":"https:\/\/dongbo2008.com\/pt\/wp-json\/wp\/v2\/product_cat?post=423"},{"taxonomy":"product_tag","embeddable":true,"href":"https:\/\/dongbo2008.com\/pt\/wp-json\/wp\/v2\/product_tag?post=423"}],"curies":[{"name":"wp","href":"https:\/\/api.w.org\/{rel}","templated":true}]}}