{"id":487,"date":"2023-09-30T01:08:27","date_gmt":"2023-09-30T01:08:27","guid":{"rendered":"https:\/\/dongbo2008.com\/?post_type=product&#038;p=487"},"modified":"2024-09-18T02:37:01","modified_gmt":"2024-09-18T02:37:01","slug":"db3000","status":"publish","type":"product","link":"https:\/\/dongbo2008.com\/nl\/product\/db3000\/","title":{"rendered":"DB3000 \u2013 Aanbevolen valutatellers voor groothandelsdienstverleners"},"content":{"rendered":"<p><strong>Aanvoersysteem Roller Friction-systeem<\/strong><br \/>\nValuta&#039;s beschikbaar Euro, USD en een lokale valuta (maximaal 5 valuta&#039;s)<br \/>\nTelmodi Automatische of handmatige startmodus<br \/>\nContinue telmodus<br \/>\nBatchtelmodus<br \/>\nAlleen telmodus<br \/>\nWaardetelmodus (gemengd, enkelvoudig, gezicht, ori\u00ebntatie)<br \/>\nSorteer-telmodus<br \/>\nTelsnelheidsniveau 1: 800 biljetten\/minuut<br \/>\nNiveau 2: 1000 biljetten\/minuut<br \/>\nNiveau 3: 1200 biljetten\/minuut (alleen tellen met detectie van vervalsingen)<br \/>\nNiveau 4: 1500 biljetten\/minuut (alleen tellen)<br \/>\nValsgelddetectie UV,MG(optie),MT(optie),IR (optie)<br \/>\nValutaherkenning 4 richtingen<br \/>\nWeergavetype Grafisch LCD-scherm met blauwe achtergrondverlichting<br \/>\nHoppercapaciteit Maximaal 500 biljetten<br \/>\nCapaciteit stapeleenheid Maximaal 200 biljetten<br \/>\nCapaciteit van zak weigeren Maximaal 100 biljetten (standaard: 50 biljetten)<br \/>\nTelbaar biljetformaat 40\u00d790~100\u00d7175(mm)<br \/>\nDikte 0,05 ~ 0,15 (mm)<br \/>\nSoftware-update via naar pc via RS232 seri\u00eble poort<br \/>\nKrachtbron? Wisselstroom 100 ~ 240 volt, 50\/60 Hz<br \/>\nStroomverbruik &lt;100 Watt<br \/>\nAfmetingen L\u00d7B\u00d7H: 340mm\u00d7310mm\u00d7295mm<br \/>\nGewicht NETTO: 11KG; BRUTO: 12KG<br \/>\nOverige functies Zelfdiagnostisch systeem, afdrukken, geheugenback-up<br \/>\nHerstel standaard, extern LED-display<\/p>\n<p><img fetchpriority=\"high\" decoding=\"async\" class=\"alignnone size-full wp-image-488\" src=\"https:\/\/dongbo2008.com\/wp-content\/uploads\/2023\/09\/db3000.jpg\" alt=\"\" width=\"960\" height=\"1407\" srcset=\"https:\/\/dongbo2008.com\/wp-content\/uploads\/2023\/09\/db3000.jpg 960w, https:\/\/dongbo2008.com\/wp-content\/uploads\/2023\/09\/db3000-205x300.jpg 205w, https:\/\/dongbo2008.com\/wp-content\/uploads\/2023\/09\/db3000-699x1024.jpg 699w, https:\/\/dongbo2008.com\/wp-content\/uploads\/2023\/09\/db3000-768x1126.jpg 768w, https:\/\/dongbo2008.com\/wp-content\/uploads\/2023\/09\/db3000-600x879.jpg 600w\" sizes=\"(max-width: 960px) 100vw, 960px\" \/><\/p>","protected":false},"excerpt":{"rendered":"<p>Robuuste bankbiljettenteller en -sorteerder<\/p>\n<p>Voersysteem: Roller Friction-systeem<br \/>\nHoppercapaciteit: 500 stuks<br \/>\nCapaciteit afkeurzak: 100 stuks<br \/>\nStapelcapaciteit: 200 stuks<br \/>\nGrootte van telbare noot: 50\u00d790~110\u00d7175(mm)<br \/>\nDikte van telbare noot: 0,05 ~ 0,15 (mm)<br \/>\nTelsnelheid: 600\/1000\/1200\/1500 stuks\/minuut<br \/>\nBeschikbare valuta: Euro, USD, RMB en een lokale valuta (maximaal 5 valuta&#039;s)<br \/>\nWeergavetype: Grafisch LCD (128*64 dots)<br \/>\nExtern display: 6 cijfers op een extern LED-display (optioneel)<br \/>\nSoftware-update: Via naar pc via RS232 seri\u00eble poort<br \/>\nStroombron: AC100~240 Volt, 50\/60Hz<br \/>\nZekeringgrootte: 3A<br \/>\nStroomverbruik: Max. 100 Watt<br \/>\nafmeting: 340 mm x 310 mm x 295 mm<br \/>\nNettogewicht: 11,0 kg<br \/>\nOmgevingstemperatuur: 0\u00b0C~40\u00b0C<br \/>\nRelatieve vochtigheid: 30~80%<\/p>","protected":false},"featured_media":489,"template":"","meta":[],"product_brand":[],"product_cat":[18],"product_tag":[],"class_list":{"0":"post-487","1":"product","2":"type-product","3":"status-publish","4":"has-post-thumbnail","6":"product_cat-currency-counter-series","8":"first","9":"instock","10":"shipping-taxable","11":"product-type-simple"},"_links":{"self":[{"href":"https:\/\/dongbo2008.com\/nl\/wp-json\/wp\/v2\/product\/487","targetHints":{"allow":["GET"]}}],"collection":[{"href":"https:\/\/dongbo2008.com\/nl\/wp-json\/wp\/v2\/product"}],"about":[{"href":"https:\/\/dongbo2008.com\/nl\/wp-json\/wp\/v2\/types\/product"}],"wp:featuredmedia":[{"embeddable":true,"href":"https:\/\/dongbo2008.com\/nl\/wp-json\/wp\/v2\/media\/489"}],"wp:attachment":[{"href":"https:\/\/dongbo2008.com\/nl\/wp-json\/wp\/v2\/media?parent=487"}],"wp:term":[{"taxonomy":"product_brand","embeddable":true,"href":"https:\/\/dongbo2008.com\/nl\/wp-json\/wp\/v2\/product_brand?post=487"},{"taxonomy":"product_cat","embeddable":true,"href":"https:\/\/dongbo2008.com\/nl\/wp-json\/wp\/v2\/product_cat?post=487"},{"taxonomy":"product_tag","embeddable":true,"href":"https:\/\/dongbo2008.com\/nl\/wp-json\/wp\/v2\/product_tag?post=487"}],"curies":[{"name":"wp","href":"https:\/\/api.w.org\/{rel}","templated":true}]}}