{"id":487,"date":"2023-09-30T01:08:27","date_gmt":"2023-09-30T01:08:27","guid":{"rendered":"https:\/\/dongbo2008.com\/?post_type=product&#038;p=487"},"modified":"2024-09-18T02:37:01","modified_gmt":"2024-09-18T02:37:01","slug":"db3000","status":"publish","type":"product","link":"https:\/\/dongbo2008.com\/ko\/product\/db3000\/","title":{"rendered":"DB3000 \u2013 \ub3c4\ub9e4 \uc11c\ube44\uc2a4 \uc81c\uacf5\uc790\ub97c \uc704\ud55c \uad8c\uc7a5 \ud1b5\ud654 \uce74\uc6b4\ud130"},"content":{"rendered":"<p><strong>\ud53c\ub4dc \uc2dc\uc2a4\ud15c \ub864\ub7ec \ub9c8\ucc30 \uc2dc\uc2a4\ud15c<\/strong><br \/>\n\uc0ac\uc6a9 \uac00\ub2a5\ud55c \ud1b5\ud654 \uc720\ub85c, USD \ubc0f \ud604\uc9c0 \ud1b5\ud654(\ucd5c\ub300 5\uac1c \ud1b5\ud654)<br \/>\n\uacc4\uc0b0 \ubaa8\ub4dc \uc790\ub3d9 \ub610\ub294 \uc218\ub3d9 \uc2dc\uc791 \ubaa8\ub4dc<br \/>\n\uc5f0\uc18d \uacc4\uc0b0 \ubaa8\ub4dc<br \/>\n\uc77c\uad04 \uacc4\uc0b0 \ubaa8\ub4dc<br \/>\n\uc804\uc6a9 \uacc4\uc0b0 \ubaa8\ub4dc<br \/>\n\uac12 \uacc4\uc0b0 \ubaa8\ub4dc(\ud63c\ud569, \ub2e8\uc77c, \uba74, \ubc29\ud5a5)<br \/>\n\uc815\ub82c \uacc4\uc0b0 \ubaa8\ub4dc<br \/>\n\uacc4\uc0b0 \uc18d\ub3c4 \ub808\ubca8 1:800\ub178\ud2b8\/\ubd84<br \/>\n\ub808\ubca8 2:1000\ub178\ud2b8\/\ubd84<br \/>\n\ub808\ubca8 3: 1200\ub178\ud2b8\/\ubd84(\uc704\uc870 \uac10\uc9c0\ub85c\ub9cc \uacc4\uc0b0)<br \/>\n\ub808\ubca8 4:1500\ub178\ud2b8\/\ubd84(\uacc4\uc0b0\ub9cc \uac00\ub2a5)<br \/>\n\uc704\uc870\uac10\uc9c0 UV,MG(\uc635\uc158),MT(\uc635\uc158),IR(\uc635\uc158)<br \/>\n\ud1b5\ud654\uc778\uc2dd 4\ubc29\ud5a5<br \/>\n\ub514\uc2a4\ud50c\ub808\uc774 \uc720\ud615 \ud30c\ub780\uc0c9 \ubc31\ub77c\uc774\ud2b8\uac00 \uc788\ub294 \uadf8\ub798\ud53d LCD<br \/>\n\ud638\ud37c \uc6a9\ub7c9 \ucd5c\ub300 500\uac1c \ub178\ud2b8<br \/>\n\uc2a4\ud0dc\ucee4 \uc6a9\ub7c9 \ucd5c\ub300 200\uac1c \ub178\ud2b8<br \/>\n\ub9ac\uc81d\ud2b8 \ud3ec\ucf13 \uc6a9\ub7c9 \ucd5c\ub300 100\uac1c(\uae30\ubcf8\uac12: 50\uac1c)<br \/>\n\uc140 \uc218 \uc788\ub294 \uc9c0\ud3d0 \ud06c\uae30 40\u00d790~100\u00d7175(mm)<br \/>\n\ub450\uaed8 0.05~0.15(mm)<br \/>\nRS232 \uc9c1\ub82c \ud3ec\ud2b8\ub97c \ud1b5\ud574 PC\ub85c \uc18c\ud504\ud2b8\uc6e8\uc5b4 \uc5c5\ub370\uc774\ud2b8<br \/>\n\uc804\uc6d0? AC 100~240\ubcfc\ud2b8, 50\/60HZ<br \/>\n\uc804\ub825 \uc18c\ube44 &lt;100\uc640\ud2b8<br \/>\n\uce58\uc218 L\u00d7W\u00d7H: 340mm\u00d7310mm\u00d7295mm<br \/>\n\uc21c \uc911\ub7c9: 11KG; \ucd1d\uc911\ub7c9: 12KG<br \/>\n\uae30\ud0c0 \uae30\ub2a5 \uc790\uac00\uc9c4\ub2e8 \uc2dc\uc2a4\ud15c, \uc778\uc1c4, \uba54\ubaa8\ub9ac \ubc31\uc5c5<br \/>\n\uae30\ubcf8 \ubcf5\uad6c, \uc6d0\uaca9 LED \ub514\uc2a4\ud50c\ub808\uc774<\/p>\n<p><img fetchpriority=\"high\" decoding=\"async\" class=\"alignnone size-full wp-image-488\" src=\"https:\/\/dongbo2008.com\/wp-content\/uploads\/2023\/09\/db3000.jpg\" alt=\"\" width=\"960\" height=\"1407\" srcset=\"https:\/\/dongbo2008.com\/wp-content\/uploads\/2023\/09\/db3000.jpg 960w, https:\/\/dongbo2008.com\/wp-content\/uploads\/2023\/09\/db3000-205x300.jpg 205w, https:\/\/dongbo2008.com\/wp-content\/uploads\/2023\/09\/db3000-699x1024.jpg 699w, https:\/\/dongbo2008.com\/wp-content\/uploads\/2023\/09\/db3000-768x1126.jpg 768w, https:\/\/dongbo2008.com\/wp-content\/uploads\/2023\/09\/db3000-600x879.jpg 600w\" sizes=\"(max-width: 960px) 100vw, 960px\" \/><\/p>","protected":false},"excerpt":{"rendered":"<p>\ud5e4\ube44 \ub4c0\ud2f0 \uc9c0\ud3d0 \uce74\uc6b4\ud130 \ubc0f \ubd84\ub958\uae30<\/p>\n<p>\uacf5\uae09 \uc2dc\uc2a4\ud15c: \ub864\ub7ec \ub9c8\ucc30 \uc2dc\uc2a4\ud15c<br \/>\n\ud638\ud37c \uc6a9\ub7c9 : 500\uac1c<br \/>\n\ub9ac\uc81d\ud2b8 \ud3ec\ucf13 \uc6a9\ub7c9: 100\uac1c<br \/>\n\uc2a4\ud0dc\ucee4 \uc6a9\ub7c9: 200\uac1c<br \/>\n\uc140 \uc218 \uc788\ub294 \uc9c0\ud3d0 \ud06c\uae30 : 50\u00d790~110\u00d7175(mm)<br \/>\n\uac00\uc0b0\uc9c0\ud3d0 \ub450\uaed8 : 0.05~0.15(mm)<br \/>\n\uacc4\uc0b0 \uc18d\ub3c4: 600\/ 1000\/ 1200\/ 1500 \uc870\uac01\/\ubd84<br \/>\n\uc0ac\uc6a9 \uac00\ub2a5\ud55c \ud1b5\ud654: \uc720\ub85c, USD, RMB \ubc0f \ud604\uc9c0 \ud1b5\ud654(\ucd5c\ub300 5\uac1c \ud1b5\ud654)<br \/>\n\ub514\uc2a4\ud50c\ub808\uc774 \uc720\ud615: \uadf8\ub798\ud53d LCD(128*64 \ub3c4\ud2b8)<br \/>\n\uc6d0\uaca9 \ub514\uc2a4\ud50c\ub808\uc774: \uc6d0\uaca9 LED \ub514\uc2a4\ud50c\ub808\uc774\uc758 6\uc790\ub9ac(\uc635\uc158)<br \/>\n\uc18c\ud504\ud2b8\uc6e8\uc5b4 \uc5c5\ub370\uc774\ud2b8: RS232 \uc9c1\ub82c \ud3ec\ud2b8\ub97c \ud1b5\ud574 PC\ub85c \uc5c5\ub370\uc774\ud2b8<br \/>\n\uc804\uc6d0: AC100~240\ubcfc\ud2b8, 50\/60Hz<br \/>\n\ud4e8\uc988 \ud06c\uae30: 3A<br \/>\n\uc804\ub825 \uc18c\ube44: \ucd5c\ub300. 100\uc640\ud2b8<br \/>\n\ucc28\uc6d0: 340mm\u00d7310mm\u00d7295mm<br \/>\n\uc21c\uc911\ub7c9: 11.0kg<br \/>\n\uc8fc\ubcc0 \uc628\ub3c4: 0\u00b0C~40\u00b0C<br \/>\n\uc0c1\ub300 \uc2b5\ub3c4: 30~80%<\/p>","protected":false},"featured_media":489,"template":"","meta":[],"product_brand":[],"product_cat":[18],"product_tag":[],"class_list":{"0":"post-487","1":"product","2":"type-product","3":"status-publish","4":"has-post-thumbnail","6":"product_cat-currency-counter-series","8":"first","9":"instock","10":"shipping-taxable","11":"product-type-simple"},"_links":{"self":[{"href":"https:\/\/dongbo2008.com\/ko\/wp-json\/wp\/v2\/product\/487","targetHints":{"allow":["GET"]}}],"collection":[{"href":"https:\/\/dongbo2008.com\/ko\/wp-json\/wp\/v2\/product"}],"about":[{"href":"https:\/\/dongbo2008.com\/ko\/wp-json\/wp\/v2\/types\/product"}],"wp:featuredmedia":[{"embeddable":true,"href":"https:\/\/dongbo2008.com\/ko\/wp-json\/wp\/v2\/media\/489"}],"wp:attachment":[{"href":"https:\/\/dongbo2008.com\/ko\/wp-json\/wp\/v2\/media?parent=487"}],"wp:term":[{"taxonomy":"product_brand","embeddable":true,"href":"https:\/\/dongbo2008.com\/ko\/wp-json\/wp\/v2\/product_brand?post=487"},{"taxonomy":"product_cat","embeddable":true,"href":"https:\/\/dongbo2008.com\/ko\/wp-json\/wp\/v2\/product_cat?post=487"},{"taxonomy":"product_tag","embeddable":true,"href":"https:\/\/dongbo2008.com\/ko\/wp-json\/wp\/v2\/product_tag?post=487"}],"curies":[{"name":"\uc6cc\ub4dc\ud504\ub808\uc2a4","href":"https:\/\/api.w.org\/{rel}","templated":true}]}}