{"id":487,"date":"2023-09-30T01:08:27","date_gmt":"2023-09-30T01:08:27","guid":{"rendered":"https:\/\/dongbo2008.com\/?post_type=product&#038;p=487"},"modified":"2024-09-18T02:37:01","modified_gmt":"2024-09-18T02:37:01","slug":"db3000","status":"publish","type":"product","link":"https:\/\/dongbo2008.com\/it\/prodotto\/db3000\/","title":{"rendered":"DB3000 \u2013 Contatori di valuta consigliati per i fornitori di servizi all&#039;ingrosso"},"content":{"rendered":"<p><strong>Sistema di alimentazione Sistema di attrito del rullo<\/strong><br \/>\nValute disponibili Euro, USD e valuta locale (fino a 5 valute)<br \/>\nModalit\u00e0 di conteggio Modalit\u00e0 di avvio automatica o manuale<br \/>\nModalit\u00e0 di conteggio continuo<br \/>\nModalit\u00e0 di conteggio batch<br \/>\nSolo modalit\u00e0 di conteggio<br \/>\nModalit\u00e0 conteggio valori (mista, singola, viso, orientamento)<br \/>\nModalit\u00e0 di conteggio dell&#039;ordinamento<br \/>\nVelocit\u00e0 di conteggio Livello 1:800 banconote\/minuto<br \/>\nLivello 2:1000 banconote\/minuto<br \/>\nLivello 3: 1200 banconote\/minuto (conta solo con rilevamento contraffazione)<br \/>\nLivello 4: 1500 banconote\/minuto (solo conteggio)<br \/>\nRilevamento contraffazione UV, MG (opzione), MT (opzione), IR (opzione)<br \/>\nRiconoscimento valuta 4 direzioni<br \/>\nTipo di display LCD grafico con retroilluminazione blu<br \/>\nCapacit\u00e0 del contenitore Fino a 500 banconote<br \/>\nCapacit\u00e0 impilatore Fino a 200 banconote<br \/>\nCapacit\u00e0 tasca scarti Fino a 100 banconote (impostazione predefinita: 50 banconote)<br \/>\nDimensioni banconota numerabili 40\u00d790~100\u00d7175(mm)<br \/>\nSpessore 0,05~0,15(mm)<br \/>\nAggiornamento software tramite PC tramite porta seriale RS232<br \/>\nFonte di potere? CA 100~240 Volt, 50\/60 Hz<br \/>\nConsumo energetico &lt;100 Watt<br \/>\nDimensioni L\u00d7L\u00d7A: 340mm\u00d7310mm\u00d7295mm<br \/>\nPeso NETTO: 11KG; LORDO: 12KG<br \/>\nAltre Funzioni Sistema di autodiagnosi, stampa, backup della memoria<br \/>\nRipristina il display LED predefinito e remoto<\/p>\n<p><img fetchpriority=\"high\" decoding=\"async\" class=\"alignnone size-full wp-image-488\" src=\"https:\/\/dongbo2008.com\/wp-content\/uploads\/2023\/09\/db3000.jpg\" alt=\"\" width=\"960\" height=\"1407\" srcset=\"https:\/\/dongbo2008.com\/wp-content\/uploads\/2023\/09\/db3000.jpg 960w, https:\/\/dongbo2008.com\/wp-content\/uploads\/2023\/09\/db3000-205x300.jpg 205w, https:\/\/dongbo2008.com\/wp-content\/uploads\/2023\/09\/db3000-699x1024.jpg 699w, https:\/\/dongbo2008.com\/wp-content\/uploads\/2023\/09\/db3000-768x1126.jpg 768w, https:\/\/dongbo2008.com\/wp-content\/uploads\/2023\/09\/db3000-600x879.jpg 600w\" sizes=\"(max-width: 960px) 100vw, 960px\" \/><\/p>","protected":false},"excerpt":{"rendered":"<p>Contatore e selezionatore di banconote per carichi pesanti<\/p>\n<p>Sistema di alimentazione: sistema di attrito del rullo<br \/>\nCapacit\u00e0 tramoggia: 500 pezzi<br \/>\nCapacit\u00e0 tasca scarti: 100 pezzi<br \/>\nCapacit\u00e0 impilatore: 200 pezzi<br \/>\nDimensione della banconota numerabile: 50\u00d790~110\u00d7175(mm)<br \/>\nSpessore della nota numerabile: 0,05~0,15(mm)<br \/>\nVelocit\u00e0 di conteggio: 600\/ 1000\/ 1200\/ 1500 pezzi\/minuto<br \/>\nValute disponibili: Euro, USD, RMB e una valuta locale (fino a 5 valute)<br \/>\nTipo di display: LCD grafico (128*64 punti)<br \/>\nDisplay remoto: 6 cifre su un display LED remoto (opzionale)<br \/>\nAggiornamento software: tramite PC tramite porta seriale RS232<br \/>\nAlimentazione: CA 100~240 Volt, 50\/60 Hz<br \/>\nDimensione fusibile: 3A<br \/>\nConsumo energetico: max. 100 Watt<br \/>\ndimensione: 340 mm\u00d7310 mm\u00d7295 mm<br \/>\nPeso netto: 11,0 kg<br \/>\nTemperatura ambiente: 0\u00b0C~40\u00b0C<br \/>\nUmidit\u00e0 relativa: 30~80%<\/p>","protected":false},"featured_media":489,"template":"","meta":[],"product_brand":[],"product_cat":[18],"product_tag":[],"class_list":{"0":"post-487","1":"product","2":"type-product","3":"status-publish","4":"has-post-thumbnail","6":"product_cat-currency-counter-series","8":"first","9":"instock","10":"shipping-taxable","11":"product-type-simple"},"_links":{"self":[{"href":"https:\/\/dongbo2008.com\/it\/wp-json\/wp\/v2\/product\/487","targetHints":{"allow":["GET"]}}],"collection":[{"href":"https:\/\/dongbo2008.com\/it\/wp-json\/wp\/v2\/product"}],"about":[{"href":"https:\/\/dongbo2008.com\/it\/wp-json\/wp\/v2\/types\/product"}],"wp:featuredmedia":[{"embeddable":true,"href":"https:\/\/dongbo2008.com\/it\/wp-json\/wp\/v2\/media\/489"}],"wp:attachment":[{"href":"https:\/\/dongbo2008.com\/it\/wp-json\/wp\/v2\/media?parent=487"}],"wp:term":[{"taxonomy":"product_brand","embeddable":true,"href":"https:\/\/dongbo2008.com\/it\/wp-json\/wp\/v2\/product_brand?post=487"},{"taxonomy":"product_cat","embeddable":true,"href":"https:\/\/dongbo2008.com\/it\/wp-json\/wp\/v2\/product_cat?post=487"},{"taxonomy":"product_tag","embeddable":true,"href":"https:\/\/dongbo2008.com\/it\/wp-json\/wp\/v2\/product_tag?post=487"}],"curies":[{"name":"parola chiave","href":"https:\/\/api.w.org\/{rel}","templated":true}]}}