{"id":472,"date":"2023-09-30T00:59:56","date_gmt":"2023-09-30T00:59:56","guid":{"rendered":"https:\/\/dongbo2008.com\/?post_type=product&#038;p=472"},"modified":"2024-09-18T02:33:05","modified_gmt":"2024-09-18T02:33:05","slug":"db10","status":"publish","type":"product","link":"https:\/\/dongbo2008.com\/it\/prodotto\/db10\/","title":{"rendered":"DB10 \u2013 Rilevatori di banconote false 2024: ideali per i distributori"},"content":{"rendered":"<p>\u00c8 il rilevatore automatico e portatile pi\u00f9 piccolo al mondo. Il design compatto lo rende facile da trasportare senza alcun peso. \u00c8 possibile utilizzare la macchina come rilevatore da tavolo. Puoi anche portare la macchina nella cintura. Puoi anche appendere la macchina alla spalla.<\/p>\n<p><img fetchpriority=\"high\" decoding=\"async\" class=\"alignnone size-full wp-image-473\" src=\"https:\/\/dongbo2008.com\/wp-content\/uploads\/2023\/09\/DB10-01.jpg\" alt=\"\" width=\"960\" height=\"2042\" srcset=\"https:\/\/dongbo2008.com\/wp-content\/uploads\/2023\/09\/DB10-01.jpg 960w, https:\/\/dongbo2008.com\/wp-content\/uploads\/2023\/09\/DB10-01-141x300.jpg 141w, https:\/\/dongbo2008.com\/wp-content\/uploads\/2023\/09\/DB10-01-481x1024.jpg 481w, https:\/\/dongbo2008.com\/wp-content\/uploads\/2023\/09\/DB10-01-768x1634.jpg 768w, https:\/\/dongbo2008.com\/wp-content\/uploads\/2023\/09\/DB10-01-722x1536.jpg 722w, https:\/\/dongbo2008.com\/wp-content\/uploads\/2023\/09\/DB10-01-600x1276.jpg 600w\" sizes=\"(max-width: 960px) 100vw, 960px\" \/><\/p>","protected":false},"excerpt":{"rendered":"<p>\u25cf Funzionalit\u00e0 di test: infrarossi, riconoscimento delle dimensioni 2D, trasparenza della carta<br \/>\n\u25cf Tensione di alimentazione CA: CA 100 V~240 V 50\/60 Hz<br \/>\n\u25cf Tensione di alimentazione CC: CC 9 V\/1 A<br \/>\n\u25cf Batteria: batteria al litio ricaricabile da 7,4 V\/650 mAh<br \/>\n\u25cf Tempo di ricarica: circa 5 ore<br \/>\n\u25cf Durata approssimativa: 3 ore (servizio continuo)<br \/>\n\u25cf Consumo energetico: &lt;10 W<br \/>\n\u25cf Velocit\u00e0: &lt;0,5 secondi\/foglio<br \/>\n\u25cf Peso: 0,34 kg<br \/>\n\u25cf Temperatura operativa: 0~45\u2103<br \/>\n\u25cf Temperatura di conservazione: -10~65\u2103<br \/>\n\u25cf Dimensione:124*100*69M<\/p>\n<p>Informazioni sull&#039;imballaggio:<br \/>\n16 pezzi\/ctn, 11,4 kg\/ctn, 53,7*35,7*42 cm\/ctn<\/p>","protected":false},"featured_media":600,"template":"","meta":[],"product_brand":[],"product_cat":[20],"product_tag":[],"class_list":{"0":"post-472","1":"product","2":"type-product","3":"status-publish","4":"has-post-thumbnail","6":"product_cat-counterfeit-detector-series","8":"first","9":"instock","10":"shipping-taxable","11":"product-type-simple"},"_links":{"self":[{"href":"https:\/\/dongbo2008.com\/it\/wp-json\/wp\/v2\/product\/472","targetHints":{"allow":["GET"]}}],"collection":[{"href":"https:\/\/dongbo2008.com\/it\/wp-json\/wp\/v2\/product"}],"about":[{"href":"https:\/\/dongbo2008.com\/it\/wp-json\/wp\/v2\/types\/product"}],"wp:featuredmedia":[{"embeddable":true,"href":"https:\/\/dongbo2008.com\/it\/wp-json\/wp\/v2\/media\/600"}],"wp:attachment":[{"href":"https:\/\/dongbo2008.com\/it\/wp-json\/wp\/v2\/media?parent=472"}],"wp:term":[{"taxonomy":"product_brand","embeddable":true,"href":"https:\/\/dongbo2008.com\/it\/wp-json\/wp\/v2\/product_brand?post=472"},{"taxonomy":"product_cat","embeddable":true,"href":"https:\/\/dongbo2008.com\/it\/wp-json\/wp\/v2\/product_cat?post=472"},{"taxonomy":"product_tag","embeddable":true,"href":"https:\/\/dongbo2008.com\/it\/wp-json\/wp\/v2\/product_tag?post=472"}],"curies":[{"name":"parola chiave","href":"https:\/\/api.w.org\/{rel}","templated":true}]}}