{"id":622,"date":"2023-09-20T06:59:21","date_gmt":"2023-09-20T06:59:21","guid":{"rendered":"https:\/\/dongbo2008.com\/?post_type=product&#038;p=622"},"modified":"2024-09-18T02:24:39","modified_gmt":"2024-09-18T02:24:39","slug":"db780s","status":"publish","type":"product","link":"https:\/\/dongbo2008.com\/fr\/produit\/db780s\/","title":{"rendered":"DB780S \u2013 S\u00e9rie de compteurs de devises haut de gamme pour fabricants en gros"},"content":{"rendered":"<p>Billet en devises multilat\u00e9rales (jusqu&#039;\u00e0 7 devises)<br \/>\nGrand \u00e9cran LCD graphique (128*64 pixels).<br \/>\nAffichage de la date et de l&#039;heure.<br \/>\nFacile \u00e0 mettre \u00e0 jour avec le port USB ou le port s\u00e9rie RS-232.<br \/>\nOp\u00e9ration facile et interface conviviale.<br \/>\nEntretien facile avec syst\u00e8me d&#039;autodiagnostic.<br \/>\nComptage de valeur\u00a0: compte les billets de banque m\u00e9lang\u00e9s et tri\u00e9s gr\u00e2ce \u00e0 la technologie de traitement d&#039;image.<br \/>\nVitesse de comptage des valeurs : 600, 1 000, 1 200 notes\/min<br \/>\nVitesse de comptage : 600, 1 000, 1 200, 1 500 notes\/min<br \/>\nD\u00e9tection de contrefa\u00e7on avec UV\u3001MG(facultatif)\u3001MT(facultatif)\u3001IR(facultatif) \u3001MT-CODE(facultatif)<br \/>\nD\u00e9tection des doubles cha\u00eenes et des blanches<br \/>\nD\u00e9marrage automatique et manuel<br \/>\nAccessoires en option\u00a0: Imprimante, Affichage \u00e0 distance<\/p>","protected":false},"excerpt":{"rendered":"<p>Machine \u00e0 compter les valeurs CIS<\/p>\n<p>Syst\u00e8me d&#039;alimentation\u00a0: syst\u00e8me de friction des rouleaux<br \/>\nCapacit\u00e9 de la tr\u00e9mie\u00a0: 350 \u00e0 400 pi\u00e8ces<br \/>\nCapacit\u00e9 du gerbeur\u00a0: 200\u00a0pi\u00e8ces<br \/>\nTaille de la note d\u00e9nombrable\u00a0: 50 \u00d7 90 ~ 110 \u00d7 175 (mm)<br \/>\n\u00c9paisseur de la note d\u00e9nombrable\u00a0: 0,05 ~ 0,15 (mm)<br \/>\nVitesse de comptage : 600\/ 1000\/ 1200\/ 1500 pi\u00e8ces\/minute<br \/>\nAffichage: \u00e9cran LCD graphique (128*64)<br \/>\nAffichage \u00e0 distance\u00a0: 6 chiffres sur un affichage LED \u00e0 distance (en option)<br \/>\nSource d&#039;alimentation : 100 ~ 240 V CA, 50\/60 Hz.<br \/>\nTaille du fusible\u00a0: 3A<br \/>\nConsommation \u00e9lectrique : &lt; 60 watts<br \/>\ndimensions : 285 mm \u00d7 285 mm \u00d7 250 mm<br \/>\nPoids net : 8,0 kg<br \/>\nTemp\u00e9rature ambiante\u00a0: 0 ~ 40 \u00b0C<br \/>\nHumidit\u00e9 relative\u00a0: 30 ~ 80%<\/p>","protected":false},"featured_media":623,"template":"","meta":[],"product_brand":[],"product_cat":[18],"product_tag":[],"class_list":{"0":"post-622","1":"product","2":"type-product","3":"status-publish","4":"has-post-thumbnail","6":"product_cat-currency-counter-series","8":"first","9":"instock","10":"shipping-taxable","11":"product-type-simple"},"_links":{"self":[{"href":"https:\/\/dongbo2008.com\/fr\/wp-json\/wp\/v2\/product\/622","targetHints":{"allow":["GET"]}}],"collection":[{"href":"https:\/\/dongbo2008.com\/fr\/wp-json\/wp\/v2\/product"}],"about":[{"href":"https:\/\/dongbo2008.com\/fr\/wp-json\/wp\/v2\/types\/product"}],"wp:featuredmedia":[{"embeddable":true,"href":"https:\/\/dongbo2008.com\/fr\/wp-json\/wp\/v2\/media\/623"}],"wp:attachment":[{"href":"https:\/\/dongbo2008.com\/fr\/wp-json\/wp\/v2\/media?parent=622"}],"wp:term":[{"taxonomy":"product_brand","embeddable":true,"href":"https:\/\/dongbo2008.com\/fr\/wp-json\/wp\/v2\/product_brand?post=622"},{"taxonomy":"product_cat","embeddable":true,"href":"https:\/\/dongbo2008.com\/fr\/wp-json\/wp\/v2\/product_cat?post=622"},{"taxonomy":"product_tag","embeddable":true,"href":"https:\/\/dongbo2008.com\/fr\/wp-json\/wp\/v2\/product_tag?post=622"}],"curies":[{"name":"wp","href":"https:\/\/api.w.org\/{rel}","templated":true}]}}