{"id":619,"date":"2023-10-06T06:56:44","date_gmt":"2023-10-06T06:56:44","guid":{"rendered":"https:\/\/dongbo2008.com\/?post_type=product&#038;p=619"},"modified":"2024-09-18T02:50:03","modified_gmt":"2024-09-18T02:50:03","slug":"db780a","status":"publish","type":"product","link":"https:\/\/dongbo2008.com\/fr\/produit\/db780a\/","title":{"rendered":"DB780A \u2013 Investissez dans les meilleurs compteurs de devises pour les ventes en usine et en gros"},"content":{"rendered":"<p>Compteur de billets robuste, compteur multi-devises, comptage de valeurs mixtes.<br \/>\nModes de comptage\u00a0: comptage continu, comptage par lots, comptage de valeurs<br \/>\nD\u00e9tection de contrefa\u00e7on\u00a0: billets doubles, largeur, longueur, UV, MG, fil m\u00e9tallique, MT-CODE, IR<br \/>\nSauvegarde de la m\u00e9moire\u00a0: m\u00e9moire de r\u00e9glage des fonctions, m\u00e9moire de r\u00e9glage par lots<br \/>\nFonction d&#039;impression\u00a0: Imprimer le rapport du r\u00e9sultat du comptage avec l&#039;imprimante<\/p>","protected":false},"excerpt":{"rendered":"<p>Chargement frontal, haute vitesse et chaleur<\/p>\n<p>Syst\u00e8me d&#039;alimentation\u00a0: syst\u00e8me de friction des rouleaux<br \/>\nCapacit\u00e9 de la tr\u00e9mie : 300 pi\u00e8ces<br \/>\nCapacit\u00e9 du gerbeur\u00a0: 200\u00a0pi\u00e8ces<br \/>\nTaille de la note d\u00e9nombrable\u00a0: 50 \u00d7 90 ~ 110 \u00d7 175 (mm)<br \/>\n\u00c9paisseur de la note d\u00e9nombrable\u00a0: 0,05 ~ 0,15 (mm)<br \/>\nVitesse de comptage : 600\/ 800\/ 1200\/ 1600 pi\u00e8ces\/minute<br \/>\nAffichage de comptage\u00a0: 5 chiffres sur l&#039;\u00e9cran LCD<br \/>\nAffichage par lots\u00a0: 3 chiffres sur l&#039;\u00e9cran LCD<br \/>\nAffichage \u00e0 distance\u00a0: 6 chiffres sur un affichage \u00e0 LED \u00e0 distance (en option)<br \/>\nSource d&#039;alimentation : CA 100 ~ 240 V, 50\/60 Hz<br \/>\nTaille du fusible\u00a0: 3A<br \/>\nConsommation d&#039;\u00e9nergie\u00a0: &lt;55 watts<br \/>\ndimension : 275mmx227mmx195mm<br \/>\nPoids net : 8,0 kg<br \/>\nTemp\u00e9rature ambiante\u00a0: 0 ~ 40 \u00b0C<br \/>\nHumidit\u00e9 relative\u00a0: 30 ~ 80%<\/p>","protected":false},"featured_media":620,"template":"","meta":[],"product_brand":[],"product_cat":[18],"product_tag":[],"class_list":{"0":"post-619","1":"product","2":"type-product","3":"status-publish","4":"has-post-thumbnail","6":"product_cat-currency-counter-series","8":"first","9":"instock","10":"shipping-taxable","11":"product-type-simple"},"_links":{"self":[{"href":"https:\/\/dongbo2008.com\/fr\/wp-json\/wp\/v2\/product\/619","targetHints":{"allow":["GET"]}}],"collection":[{"href":"https:\/\/dongbo2008.com\/fr\/wp-json\/wp\/v2\/product"}],"about":[{"href":"https:\/\/dongbo2008.com\/fr\/wp-json\/wp\/v2\/types\/product"}],"wp:featuredmedia":[{"embeddable":true,"href":"https:\/\/dongbo2008.com\/fr\/wp-json\/wp\/v2\/media\/620"}],"wp:attachment":[{"href":"https:\/\/dongbo2008.com\/fr\/wp-json\/wp\/v2\/media?parent=619"}],"wp:term":[{"taxonomy":"product_brand","embeddable":true,"href":"https:\/\/dongbo2008.com\/fr\/wp-json\/wp\/v2\/product_brand?post=619"},{"taxonomy":"product_cat","embeddable":true,"href":"https:\/\/dongbo2008.com\/fr\/wp-json\/wp\/v2\/product_cat?post=619"},{"taxonomy":"product_tag","embeddable":true,"href":"https:\/\/dongbo2008.com\/fr\/wp-json\/wp\/v2\/product_tag?post=619"}],"curies":[{"name":"wp","href":"https:\/\/api.w.org\/{rel}","templated":true}]}}