{"id":611,"date":"2023-10-06T06:53:32","date_gmt":"2023-10-06T06:53:32","guid":{"rendered":"https:\/\/dongbo2008.com\/?post_type=product&#038;p=611"},"modified":"2024-09-18T02:49:19","modified_gmt":"2024-09-18T02:49:19","slug":"db326","status":"publish","type":"product","link":"https:\/\/dongbo2008.com\/fr\/produit\/db326\/","title":{"rendered":"DB326 \u2013 Meilleurs d\u00e9tecteurs de contrefa\u00e7on pour les r\u00e9seaux de revendeurs"},"content":{"rendered":"<p>Toute nouvelle technologie de d\u00e9tection de filigrane num\u00e9rique pour les billets en euros.<br \/>\nLa vari\u00e9t\u00e9 de devises\u00a0: EURO et USD, ou EURO et GBP, Ou EURO et CHF, Ou EURO et ROUMANIE, etc.<br \/>\nM\u00e9thode de d\u00e9tection\u00a0:\u00a0d\u00e9tection multi-contrefa\u00e7on\u00a0: MG,MT,IR,UV (UV est une option)<br \/>\nLa voie de sortie du billet\u00a0: par l&#039;avant ou par l&#039;arri\u00e8re<br \/>\nLa mani\u00e8re de mettre les billets\u00a0: n&#039;importe quelle direction (lorsque la machine d\u00e9tecte les factures en USD, une seule direction est disponible pour tous les types de factures.)<br \/>\nVitesse de d\u00e9tection\u00a0: &lt;0,5\u00a0s seconde\/pi\u00e8ce<br \/>\nAffichage\u00a0: nombre de notes accept\u00e9es ainsi qu&#039;une valeur totale<br \/>\nOption d&#039;alimentation \u00e9lectrique\u00a0: adaptateur de n&#039;importe quelle version plus, ou batterie int\u00e9gr\u00e9e (10,8\u00a0V, 800\u00a0mah), ou c\u00e2ble mont\u00e9 sur v\u00e9hicule<br \/>\nLe programme peut \u00eatre mis \u00e0 niveau en \u00e9tant connect\u00e9 au PC.<\/p>\n<p><img fetchpriority=\"high\" decoding=\"async\" class=\"alignnone size-full wp-image-617\" src=\"https:\/\/dongbo2008.com\/wp-content\/uploads\/2023\/10\/DB326.jpg\" alt=\"\" width=\"960\" height=\"1362\" srcset=\"https:\/\/dongbo2008.com\/wp-content\/uploads\/2023\/10\/DB326.jpg 960w, https:\/\/dongbo2008.com\/wp-content\/uploads\/2023\/10\/DB326-211x300.jpg 211w, https:\/\/dongbo2008.com\/wp-content\/uploads\/2023\/10\/DB326-722x1024.jpg 722w, https:\/\/dongbo2008.com\/wp-content\/uploads\/2023\/10\/DB326-768x1090.jpg 768w, https:\/\/dongbo2008.com\/wp-content\/uploads\/2023\/10\/DB326-600x851.jpg 600w\" sizes=\"(max-width: 960px) 100vw, 960px\" \/><\/p>","protected":false},"excerpt":{"rendered":"<p>Dimension\u00a0: 200 mm x 115 mm x 76 mm<br \/>\nPoids net : 0,75 kg<br \/>\nDimension du carton principal (CBM) : 0,0838<br \/>\nPoids brut du carton principal\u00a0: 14\u00a0KG<br \/>\nPoids du carton int\u00e9rieur\u00a0: 1,08\u00a0KG<br \/>\nTaille du carton int\u00e9rieur\u00a0: 290X170X125mm<br \/>\nSp\u00e9cification du carton principal : 59,6 x 35,6 x 39,5 mm.<br \/>\nQuantit\u00e9 du carton int\u00e9rieur\u00a0: 12 unit\u00e9s<br \/>\nHomologation de s\u00e9curit\u00e9\u00a0:\u00a0CE<br \/>\nP\u00e9riode de garantie de qualit\u00e9\u00a0:\u00a01 an \u00e0 compter de la date d\u2019exp\u00e9dition<br \/>\nConditions de paiement\u00a0:\u00a0TT<br \/>\nNombre d&#039;unit\u00e9s et de ctns dans 20 FCL\u00a0: 4\u00a0300\u00a0pi\u00e8ces<br \/>\nPort fob: Zhongshan<\/p>","protected":false},"featured_media":614,"template":"","meta":[],"product_brand":[],"product_cat":[20],"product_tag":[],"class_list":{"0":"post-611","1":"product","2":"type-product","3":"status-publish","4":"has-post-thumbnail","6":"product_cat-counterfeit-detector-series","8":"first","9":"instock","10":"shipping-taxable","11":"product-type-simple"},"_links":{"self":[{"href":"https:\/\/dongbo2008.com\/fr\/wp-json\/wp\/v2\/product\/611","targetHints":{"allow":["GET"]}}],"collection":[{"href":"https:\/\/dongbo2008.com\/fr\/wp-json\/wp\/v2\/product"}],"about":[{"href":"https:\/\/dongbo2008.com\/fr\/wp-json\/wp\/v2\/types\/product"}],"wp:featuredmedia":[{"embeddable":true,"href":"https:\/\/dongbo2008.com\/fr\/wp-json\/wp\/v2\/media\/614"}],"wp:attachment":[{"href":"https:\/\/dongbo2008.com\/fr\/wp-json\/wp\/v2\/media?parent=611"}],"wp:term":[{"taxonomy":"product_brand","embeddable":true,"href":"https:\/\/dongbo2008.com\/fr\/wp-json\/wp\/v2\/product_brand?post=611"},{"taxonomy":"product_cat","embeddable":true,"href":"https:\/\/dongbo2008.com\/fr\/wp-json\/wp\/v2\/product_cat?post=611"},{"taxonomy":"product_tag","embeddable":true,"href":"https:\/\/dongbo2008.com\/fr\/wp-json\/wp\/v2\/product_tag?post=611"}],"curies":[{"name":"wp","href":"https:\/\/api.w.org\/{rel}","templated":true}]}}