{"id":586,"date":"2023-10-03T02:56:22","date_gmt":"2023-10-03T02:56:22","guid":{"rendered":"https:\/\/dongbo2008.com\/?post_type=product&#038;p=586"},"modified":"2024-09-18T02:48:11","modified_gmt":"2024-09-18T02:48:11","slug":"586","status":"publish","type":"product","link":"https:\/\/dongbo2008.com\/fr\/produit\/586\/","title":{"rendered":"DB450SL \u2013 Les meilleurs compteurs de pi\u00e8ces pour le secteur financier selon les leaders du secteur"},"content":{"rendered":"<p><img fetchpriority=\"high\" decoding=\"async\" class=\"alignnone size-full wp-image-587\" src=\"https:\/\/dongbo2008.com\/wp-content\/uploads\/2023\/10\/DB450-NEW-LCD-scaled.jpg\" alt=\"\" width=\"1810\" height=\"2560\" srcset=\"https:\/\/dongbo2008.com\/wp-content\/uploads\/2023\/10\/DB450-NEW-LCD-scaled.jpg 1810w, https:\/\/dongbo2008.com\/wp-content\/uploads\/2023\/10\/DB450-NEW-LCD-212x300.jpg 212w, https:\/\/dongbo2008.com\/wp-content\/uploads\/2023\/10\/DB450-NEW-LCD-724x1024.jpg 724w, https:\/\/dongbo2008.com\/wp-content\/uploads\/2023\/10\/DB450-NEW-LCD-768x1086.jpg 768w, https:\/\/dongbo2008.com\/wp-content\/uploads\/2023\/10\/DB450-NEW-LCD-1086x1536.jpg 1086w, https:\/\/dongbo2008.com\/wp-content\/uploads\/2023\/10\/DB450-NEW-LCD-1448x2048.jpg 1448w, https:\/\/dongbo2008.com\/wp-content\/uploads\/2023\/10\/DB450-NEW-LCD-600x849.jpg 600w\" sizes=\"(max-width: 1810px) 100vw, 1810px\" \/><\/p>","protected":false},"excerpt":{"rendered":"<p>COMPTEUR ET TRIEUR DE PI\u00c8CES DB450SL AVEC VITESSE RAPIDE, BONNE QUALIT\u00c9, PR\u00c9CISION ET BONNES FONCTIONS.<\/p>\n<p>Temp\u00e9rature ambiante\u00a0: 0 \u2103 -40 \u2103<br \/>\nVitesse de comptage\u00a0: jusqu&#039;\u00e0 400 ~ 600 unit\u00e9s\/min<br \/>\nHumidit\u00e9 ambiante\u00a0: 30 \u2103 ~ 80 \u2103<br \/>\nCapacit\u00e9 de la tr\u00e9mie : 1 000 ~ 1 300 unit\u00e9s<br \/>\nCapacit\u00e9 de chaque emplacement de r\u00e9ception\u00a0: 180 ~ 230 unit\u00e9s<br \/>\n\u00c9cran LCD couleur<br \/>\n8 ensembles d&#039;affichage du num\u00e9ro de pr\u00e9r\u00e9glage par lots\u00a0:\u00a03 chiffres LCD\/ensemble<br \/>\nAffichage du num\u00e9ro de comptage\u00a0:\u00a0\u00e9cran LCD \u00e0 7 chiffres<br \/>\nSource d&#039;alimentation\u00a0: AC220V50HZ ou AC 110V\/60HZ<br \/>\nConsommation d&#039;\u00e9nergie\u00a0: 50\u00a0W (maximum)<br \/>\nDimensions : 330mmx330mmx255mm<br \/>\nPoids net : 4,6 kg<\/p>\n<p>Emballage\u00a0: 2\u00a0pi\u00e8ces\/carton<br \/>\nPoids brut\u00a0: 12,5 kg\/ctn<br \/>\nCubique\u00a0:\u00a00,11cbm\/ctn<\/p>","protected":false},"featured_media":588,"template":"","meta":[],"product_brand":[],"product_cat":[21],"product_tag":[],"class_list":{"0":"post-586","1":"product","2":"type-product","3":"status-publish","4":"has-post-thumbnail","6":"product_cat-coin-counter-series","8":"first","9":"instock","10":"shipping-taxable","11":"product-type-simple"},"_links":{"self":[{"href":"https:\/\/dongbo2008.com\/fr\/wp-json\/wp\/v2\/product\/586","targetHints":{"allow":["GET"]}}],"collection":[{"href":"https:\/\/dongbo2008.com\/fr\/wp-json\/wp\/v2\/product"}],"about":[{"href":"https:\/\/dongbo2008.com\/fr\/wp-json\/wp\/v2\/types\/product"}],"wp:featuredmedia":[{"embeddable":true,"href":"https:\/\/dongbo2008.com\/fr\/wp-json\/wp\/v2\/media\/588"}],"wp:attachment":[{"href":"https:\/\/dongbo2008.com\/fr\/wp-json\/wp\/v2\/media?parent=586"}],"wp:term":[{"taxonomy":"product_brand","embeddable":true,"href":"https:\/\/dongbo2008.com\/fr\/wp-json\/wp\/v2\/product_brand?post=586"},{"taxonomy":"product_cat","embeddable":true,"href":"https:\/\/dongbo2008.com\/fr\/wp-json\/wp\/v2\/product_cat?post=586"},{"taxonomy":"product_tag","embeddable":true,"href":"https:\/\/dongbo2008.com\/fr\/wp-json\/wp\/v2\/product_tag?post=586"}],"curies":[{"name":"wp","href":"https:\/\/api.w.org\/{rel}","templated":true}]}}