{"id":579,"date":"2023-10-03T02:50:33","date_gmt":"2023-10-03T02:50:33","guid":{"rendered":"https:\/\/dongbo2008.com\/?post_type=product&#038;p=579"},"modified":"2024-09-18T02:46:35","modified_gmt":"2024-09-18T02:46:35","slug":"db360s","status":"publish","type":"product","link":"https:\/\/dongbo2008.com\/fr\/produit\/db360s\/","title":{"rendered":"DB360S \u2013 Investissez dans des compteurs de pi\u00e8ces approuv\u00e9s par le fabricant pour les banques"},"content":{"rendered":"","protected":false},"excerpt":{"rendered":"<p>TRIEUR ET COMPTEUR DE PI\u00c8CES DE PR\u00c9CISION DB360, AVEC FONCTION D&#039;IMPRESSION<\/p>\n<p>Temp\u00e9rature ambiante\u00a0: 0 \u2103 -40 \u2103<br \/>\nVitesse de comptage\u00a0:\u00a0216 unit\u00e9s\/min<br \/>\nHumidit\u00e9 ambiante\u00a0: 30 \u2103 ~ 80 \u2103<br \/>\nCapacit\u00e9 de la tr\u00e9mie\u00a0: 216 ~ 300 unit\u00e9s<br \/>\nCapacit\u00e9 de chaque emplacement de r\u00e9ception\u00a0: 80 ~ 250 unit\u00e9s<br \/>\nAffichage du num\u00e9ro de pr\u00e9r\u00e9glage par lots\u00a0: LED \u00e0 3 chiffres<br \/>\nAffichage de comptage: \u00e9cran LCD<br \/>\nSource d&#039;alimentation\u00a0: AC220V50HZ ou AC 110V\/60HZ<br \/>\nConsommation \u00e9lectrique\u00a0: 15\u00a0W<br \/>\nDimensions : 355mmx330mmx266mm<br \/>\nPoids net : 4,5 kg<br \/>\nOption\u00a0:\u00a0imprimante\u00a0: la machine dot\u00e9e d&#039;un clavier num\u00e9rique peut se connecter au<br \/>\nImprimante thermique, le r\u00e9sultat de l&#039;impression affiche la quantit\u00e9 de d\u00e9nomination, la valeur des pi\u00e8ces.<\/p>","protected":false},"featured_media":580,"template":"","meta":[],"product_brand":[],"product_cat":[21],"product_tag":[],"class_list":{"0":"post-579","1":"product","2":"type-product","3":"status-publish","4":"has-post-thumbnail","6":"product_cat-coin-counter-series","8":"first","9":"instock","10":"shipping-taxable","11":"product-type-simple"},"_links":{"self":[{"href":"https:\/\/dongbo2008.com\/fr\/wp-json\/wp\/v2\/product\/579","targetHints":{"allow":["GET"]}}],"collection":[{"href":"https:\/\/dongbo2008.com\/fr\/wp-json\/wp\/v2\/product"}],"about":[{"href":"https:\/\/dongbo2008.com\/fr\/wp-json\/wp\/v2\/types\/product"}],"wp:featuredmedia":[{"embeddable":true,"href":"https:\/\/dongbo2008.com\/fr\/wp-json\/wp\/v2\/media\/580"}],"wp:attachment":[{"href":"https:\/\/dongbo2008.com\/fr\/wp-json\/wp\/v2\/media?parent=579"}],"wp:term":[{"taxonomy":"product_brand","embeddable":true,"href":"https:\/\/dongbo2008.com\/fr\/wp-json\/wp\/v2\/product_brand?post=579"},{"taxonomy":"product_cat","embeddable":true,"href":"https:\/\/dongbo2008.com\/fr\/wp-json\/wp\/v2\/product_cat?post=579"},{"taxonomy":"product_tag","embeddable":true,"href":"https:\/\/dongbo2008.com\/fr\/wp-json\/wp\/v2\/product_tag?post=579"}],"curies":[{"name":"wp","href":"https:\/\/api.w.org\/{rel}","templated":true}]}}